{"id":25562,"date":"2024-04-12T22:34:31","date_gmt":"2024-04-12T22:34:31","guid":{"rendered":"https:\/\/mabawater.com\/?post_type=product&#038;p=25562"},"modified":"2024-04-12T22:35:23","modified_gmt":"2024-04-12T22:35:23","slug":"tanque-presurizado-champion-de-44-gals","status":"publish","type":"product","link":"https:\/\/mabawater.com\/en\/product\/tanque-presurizado-champion-de-44-gals\/","title":{"rendered":"TANQUE PRESURIZADO CHAMPION DE 44 GALS"},"content":{"rendered":"","protected":false},"excerpt":{"rendered":"<p>Dise\u00f1ado con las necesidades del cliente en mente. El <strong>tanque Challenger<\/strong> cuenta con la famosa tecnolog\u00eda patentada de Flexcon. DAC-2 Diafragma de Acci\u00f3n Contralada. La parte inferior de la c\u00e1mara del tanque challenger est\u00e1 equipada con nuestra nueva l\u00ednea antimicrobiana. As\u00ed de simple usted obtendr\u00e1 mayor <strong>separaci\u00f3n del agua y aire<\/strong>, duraci\u00f3n y un desempe\u00f1o inigualable a un precio imposible de vencer.<\/p>\n<p><a href=\"https:\/\/mabawater.com\/wp-content\/uploads\/2024\/04\/ft_sbo_challenger-tanques-2023.pdf\">Descarga Ficha T\u00e9cnica<\/a><\/p>","protected":false},"featured_media":25538,"comment_status":"open","ping_status":"closed","template":"","meta":[],"product_brand":[],"product_cat":[148],"product_tag":[],"class_list":{"0":"post-25562","1":"product","2":"type-product","3":"status-publish","4":"has-post-thumbnail","6":"product_cat-hidroneumaticos","8":"first","9":"instock","10":"shipping-taxable","11":"product-type-simple"},"yoast_head":"<!-- This site is optimized with the Yoast SEO plugin v26.6 - https:\/\/yoast.com\/wordpress\/plugins\/seo\/ -->\n<title>TANQUE PRESURIZADO CHAMPION DE 44 GALS - Maba Water<\/title>\n<meta name=\"description\" content=\"Los Tanques precargados Challenger\u00ae contecnolog\u00eda de diafragma CAD2, est\u00e1n construidosen acero s\u00f3lido calibre 16\" \/>\n<meta name=\"robots\" content=\"index, follow, max-snippet:-1, max-image-preview:large, max-video-preview:-1\" \/>\n<link rel=\"canonical\" href=\"https:\/\/mabawater.com\/en\/product\/tanque-presurizado-champion-de-44-gals\/\" \/>\n<meta property=\"og:locale\" content=\"en_US\" \/>\n<meta property=\"og:type\" content=\"article\" \/>\n<meta property=\"og:title\" content=\"TANQUE PRESURIZADO CHAMPION DE 44 GALS - Maba Water\" \/>\n<meta property=\"og:description\" content=\"Los Tanques precargados Challenger\u00ae contecnolog\u00eda de diafragma CAD2, est\u00e1n construidosen acero s\u00f3lido calibre 16\" \/>\n<meta property=\"og:url\" content=\"https:\/\/mabawater.com\/en\/product\/tanque-presurizado-champion-de-44-gals\/\" \/>\n<meta property=\"og:site_name\" content=\"Maba Water\" \/>\n<meta property=\"article:publisher\" content=\"https:\/\/www.facebook.com\/mabawater\/\" \/>\n<meta property=\"article:modified_time\" content=\"2024-04-12T22:35:23+00:00\" \/>\n<meta property=\"og:image\" content=\"https:\/\/mabawater.com\/wp-content\/uploads\/2024\/04\/tanque-presurizado.png\" \/>\n\t<meta property=\"og:image:width\" content=\"940\" \/>\n\t<meta property=\"og:image:height\" content=\"788\" \/>\n\t<meta property=\"og:image:type\" content=\"image\/png\" \/>\n<meta name=\"twitter:card\" content=\"summary_large_image\" \/>\n<!-- \/ Yoast SEO plugin. -->","yoast_head_json":{"title":"TANQUE PRESURIZADO CHAMPION DE 44 GALS - Maba Water","description":"Los Tanques precargados Challenger\u00ae contecnolog\u00eda de diafragma CAD2, est\u00e1n construidosen acero s\u00f3lido calibre 16","robots":{"index":"index","follow":"follow","max-snippet":"max-snippet:-1","max-image-preview":"max-image-preview:large","max-video-preview":"max-video-preview:-1"},"canonical":"https:\/\/mabawater.com\/en\/product\/tanque-presurizado-champion-de-44-gals\/","og_locale":"en_US","og_type":"article","og_title":"TANQUE PRESURIZADO CHAMPION DE 44 GALS - Maba Water","og_description":"Los Tanques precargados Challenger\u00ae contecnolog\u00eda de diafragma CAD2, est\u00e1n construidosen acero s\u00f3lido calibre 16","og_url":"https:\/\/mabawater.com\/en\/product\/tanque-presurizado-champion-de-44-gals\/","og_site_name":"Maba Water","article_publisher":"https:\/\/www.facebook.com\/mabawater\/","article_modified_time":"2024-04-12T22:35:23+00:00","og_image":[{"width":940,"height":788,"url":"https:\/\/mabawater.com\/wp-content\/uploads\/2024\/04\/tanque-presurizado.png","type":"image\/png"}],"twitter_card":"summary_large_image","schema":{"@context":"https:\/\/schema.org","@graph":[{"@type":"WebPage","@id":"https:\/\/mabawater.com\/producto\/tanque-presurizado-champion-de-44-gals\/","url":"https:\/\/mabawater.com\/producto\/tanque-presurizado-champion-de-44-gals\/","name":"TANQUE PRESURIZADO CHAMPION DE 44 GALS - Maba Water","isPartOf":{"@id":"https:\/\/mabawater.com\/#website"},"primaryImageOfPage":{"@id":"https:\/\/mabawater.com\/producto\/tanque-presurizado-champion-de-44-gals\/#primaryimage"},"image":{"@id":"https:\/\/mabawater.com\/producto\/tanque-presurizado-champion-de-44-gals\/#primaryimage"},"thumbnailUrl":"https:\/\/mabawater.com\/wp-content\/uploads\/2024\/04\/tanque-presurizado.png","datePublished":"2024-04-12T22:34:31+00:00","dateModified":"2024-04-12T22:35:23+00:00","description":"Los Tanques precargados Challenger\u00ae contecnolog\u00eda de diafragma CAD2, est\u00e1n construidosen acero s\u00f3lido calibre 16","breadcrumb":{"@id":"https:\/\/mabawater.com\/producto\/tanque-presurizado-champion-de-44-gals\/#breadcrumb"},"inLanguage":"en-US","potentialAction":[{"@type":"ReadAction","target":["https:\/\/mabawater.com\/producto\/tanque-presurizado-champion-de-44-gals\/"]}]},{"@type":"ImageObject","inLanguage":"en-US","@id":"https:\/\/mabawater.com\/producto\/tanque-presurizado-champion-de-44-gals\/#primaryimage","url":"https:\/\/mabawater.com\/wp-content\/uploads\/2024\/04\/tanque-presurizado.png","contentUrl":"https:\/\/mabawater.com\/wp-content\/uploads\/2024\/04\/tanque-presurizado.png","width":940,"height":788},{"@type":"BreadcrumbList","@id":"https:\/\/mabawater.com\/producto\/tanque-presurizado-champion-de-44-gals\/#breadcrumb","itemListElement":[{"@type":"ListItem","position":1,"name":"Portada","item":"https:\/\/mabawater.com\/"},{"@type":"ListItem","position":2,"name":"Productos Para La Calidad Del Agua","item":"https:\/\/mabawater.com\/productos-para-la-calidad-del-agua\/"},{"@type":"ListItem","position":3,"name":"TANQUE PRESURIZADO CHAMPION DE 44 GALS"}]},{"@type":"WebSite","@id":"https:\/\/mabawater.com\/#website","url":"https:\/\/mabawater.com\/","name":"Maba Water","description":"Soluciones Hidr\u00e1ulicas Sustentables","publisher":{"@id":"https:\/\/mabawater.com\/#organization"},"potentialAction":[{"@type":"SearchAction","target":{"@type":"EntryPoint","urlTemplate":"https:\/\/mabawater.com\/?s={search_term_string}"},"query-input":{"@type":"PropertyValueSpecification","valueRequired":true,"valueName":"search_term_string"}}],"inLanguage":"en-US"},{"@type":"Organization","@id":"https:\/\/mabawater.com\/#organization","name":"Maba Water","url":"https:\/\/mabawater.com\/","logo":{"@type":"ImageObject","inLanguage":"en-US","@id":"https:\/\/mabawater.com\/#\/schema\/logo\/image\/","url":"https:\/\/mabawater.com\/wp-content\/uploads\/2021\/09\/water-icon.png","contentUrl":"https:\/\/mabawater.com\/wp-content\/uploads\/2021\/09\/water-icon.png","width":410,"height":176,"caption":"Maba Water"},"image":{"@id":"https:\/\/mabawater.com\/#\/schema\/logo\/image\/"},"sameAs":["https:\/\/www.facebook.com\/mabawater\/","https:\/\/www.instagram.com\/mabawater\/?hl=es-la"]}]}},"_links":{"self":[{"href":"https:\/\/mabawater.com\/en\/wp-json\/wp\/v2\/product\/25562","targetHints":{"allow":["GET"]}}],"collection":[{"href":"https:\/\/mabawater.com\/en\/wp-json\/wp\/v2\/product"}],"about":[{"href":"https:\/\/mabawater.com\/en\/wp-json\/wp\/v2\/types\/product"}],"replies":[{"embeddable":true,"href":"https:\/\/mabawater.com\/en\/wp-json\/wp\/v2\/comments?post=25562"}],"version-history":[{"count":1,"href":"https:\/\/mabawater.com\/en\/wp-json\/wp\/v2\/product\/25562\/revisions"}],"predecessor-version":[{"id":25563,"href":"https:\/\/mabawater.com\/en\/wp-json\/wp\/v2\/product\/25562\/revisions\/25563"}],"wp:featuredmedia":[{"embeddable":true,"href":"https:\/\/mabawater.com\/en\/wp-json\/wp\/v2\/media\/25538"}],"wp:attachment":[{"href":"https:\/\/mabawater.com\/en\/wp-json\/wp\/v2\/media?parent=25562"}],"wp:term":[{"taxonomy":"product_brand","embeddable":true,"href":"https:\/\/mabawater.com\/en\/wp-json\/wp\/v2\/product_brand?post=25562"},{"taxonomy":"product_cat","embeddable":true,"href":"https:\/\/mabawater.com\/en\/wp-json\/wp\/v2\/product_cat?post=25562"},{"taxonomy":"product_tag","embeddable":true,"href":"https:\/\/mabawater.com\/en\/wp-json\/wp\/v2\/product_tag?post=25562"}],"curies":[{"name":"wp","href":"https:\/\/api.w.org\/{rel}","templated":true}]}}