{"id":26032,"date":"2024-04-29T20:46:06","date_gmt":"2024-04-29T20:46:06","guid":{"rendered":"https:\/\/mabawater.com\/?post_type=product&#038;p=26032"},"modified":"2024-04-29T20:50:30","modified_gmt":"2024-04-29T20:50:30","slug":"motobomba-whisperflo-xf-5hp-mod-xfe-20","status":"publish","type":"product","link":"https:\/\/mabawater.com\/en\/product\/motobomba-whisperflo-xf-5hp-mod-xfe-20\/","title":{"rendered":"MOTOBOMBA WHISPERFLO XF 5HP, MOD XFE-20"},"content":{"rendered":"","protected":false},"excerpt":{"rendered":"<p><strong>MOTOBOMBA WHISPERFLO XF<\/strong> 5HP, MOD XFE-20 es un tipo espec\u00edfico de <strong>bomba de agua<\/strong> dise\u00f1ada para aplicaciones industriales o residenciales que requieren el bombeo de grandes vol\u00famenes de l\u00edquido. \u00abWhisperFlo\u00bb es una marca de bombas conocida por su funcionamiento silencioso y eficiente.<\/p>","protected":false},"featured_media":26029,"comment_status":"open","ping_status":"closed","template":"","meta":[],"product_brand":[],"product_cat":[150,173],"product_tag":[],"class_list":{"0":"post-26032","1":"product","2":"type-product","3":"status-publish","4":"has-post-thumbnail","6":"product_cat-piscinas-y-spa","7":"product_cat-bombas-para-alberca","9":"first","10":"instock","11":"shipping-taxable","12":"product-type-simple"},"yoast_head":"<!-- This site is optimized with the Yoast SEO plugin v26.6 - https:\/\/yoast.com\/wordpress\/plugins\/seo\/ -->\n<title>MOTOBOMBA WHISPERFLO XF 5HP, MOD XFE-20 - Maba Water<\/title>\n<meta name=\"description\" content=\"MOTOBOMBA WHISPERFLO XF 5HP es una unidad de bombeo con una potencia de 3 caballos de fuerza, dise\u00f1ada para diversas aplicaciones de bombeo\" \/>\n<meta name=\"robots\" content=\"index, follow, max-snippet:-1, max-image-preview:large, max-video-preview:-1\" \/>\n<link rel=\"canonical\" href=\"https:\/\/mabawater.com\/en\/product\/motobomba-whisperflo-xf-5hp-mod-xfe-20\/\" \/>\n<meta property=\"og:locale\" content=\"en_US\" \/>\n<meta property=\"og:type\" content=\"article\" \/>\n<meta property=\"og:title\" content=\"MOTOBOMBA WHISPERFLO XF 5HP, MOD XFE-20 - Maba Water\" \/>\n<meta property=\"og:description\" content=\"MOTOBOMBA WHISPERFLO XF 5HP es una unidad de bombeo con una potencia de 3 caballos de fuerza, dise\u00f1ada para diversas aplicaciones de bombeo\" \/>\n<meta property=\"og:url\" content=\"https:\/\/mabawater.com\/en\/product\/motobomba-whisperflo-xf-5hp-mod-xfe-20\/\" \/>\n<meta property=\"og:site_name\" content=\"Maba Water\" \/>\n<meta property=\"article:publisher\" content=\"https:\/\/www.facebook.com\/mabawater\/\" \/>\n<meta property=\"article:modified_time\" content=\"2024-04-29T20:50:30+00:00\" \/>\n<meta property=\"og:image\" content=\"https:\/\/mabawater.com\/wp-content\/uploads\/2024\/04\/motobomba-wisperflo.png\" \/>\n\t<meta property=\"og:image:width\" content=\"940\" \/>\n\t<meta property=\"og:image:height\" content=\"788\" \/>\n\t<meta property=\"og:image:type\" content=\"image\/png\" \/>\n<meta name=\"twitter:card\" content=\"summary_large_image\" \/>\n<!-- \/ Yoast SEO plugin. -->","yoast_head_json":{"title":"MOTOBOMBA WHISPERFLO XF 5HP, MOD XFE-20 - Maba Water","description":"MOTOBOMBA WHISPERFLO XF 5HP es una unidad de bombeo con una potencia de 3 caballos de fuerza, dise\u00f1ada para diversas aplicaciones de bombeo","robots":{"index":"index","follow":"follow","max-snippet":"max-snippet:-1","max-image-preview":"max-image-preview:large","max-video-preview":"max-video-preview:-1"},"canonical":"https:\/\/mabawater.com\/en\/product\/motobomba-whisperflo-xf-5hp-mod-xfe-20\/","og_locale":"en_US","og_type":"article","og_title":"MOTOBOMBA WHISPERFLO XF 5HP, MOD XFE-20 - Maba Water","og_description":"MOTOBOMBA WHISPERFLO XF 5HP es una unidad de bombeo con una potencia de 3 caballos de fuerza, dise\u00f1ada para diversas aplicaciones de bombeo","og_url":"https:\/\/mabawater.com\/en\/product\/motobomba-whisperflo-xf-5hp-mod-xfe-20\/","og_site_name":"Maba Water","article_publisher":"https:\/\/www.facebook.com\/mabawater\/","article_modified_time":"2024-04-29T20:50:30+00:00","og_image":[{"width":940,"height":788,"url":"https:\/\/mabawater.com\/wp-content\/uploads\/2024\/04\/motobomba-wisperflo.png","type":"image\/png"}],"twitter_card":"summary_large_image","schema":{"@context":"https:\/\/schema.org","@graph":[{"@type":"WebPage","@id":"https:\/\/mabawater.com\/producto\/motobomba-whisperflo-xf-5hp-mod-xfe-20\/","url":"https:\/\/mabawater.com\/producto\/motobomba-whisperflo-xf-5hp-mod-xfe-20\/","name":"MOTOBOMBA WHISPERFLO XF 5HP, MOD XFE-20 - Maba Water","isPartOf":{"@id":"https:\/\/mabawater.com\/#website"},"primaryImageOfPage":{"@id":"https:\/\/mabawater.com\/producto\/motobomba-whisperflo-xf-5hp-mod-xfe-20\/#primaryimage"},"image":{"@id":"https:\/\/mabawater.com\/producto\/motobomba-whisperflo-xf-5hp-mod-xfe-20\/#primaryimage"},"thumbnailUrl":"https:\/\/mabawater.com\/wp-content\/uploads\/2024\/04\/motobomba-wisperflo.png","datePublished":"2024-04-29T20:46:06+00:00","dateModified":"2024-04-29T20:50:30+00:00","description":"MOTOBOMBA WHISPERFLO XF 5HP es una unidad de bombeo con una potencia de 3 caballos de fuerza, dise\u00f1ada para diversas aplicaciones de bombeo","breadcrumb":{"@id":"https:\/\/mabawater.com\/producto\/motobomba-whisperflo-xf-5hp-mod-xfe-20\/#breadcrumb"},"inLanguage":"en-US","potentialAction":[{"@type":"ReadAction","target":["https:\/\/mabawater.com\/producto\/motobomba-whisperflo-xf-5hp-mod-xfe-20\/"]}]},{"@type":"ImageObject","inLanguage":"en-US","@id":"https:\/\/mabawater.com\/producto\/motobomba-whisperflo-xf-5hp-mod-xfe-20\/#primaryimage","url":"https:\/\/mabawater.com\/wp-content\/uploads\/2024\/04\/motobomba-wisperflo.png","contentUrl":"https:\/\/mabawater.com\/wp-content\/uploads\/2024\/04\/motobomba-wisperflo.png","width":940,"height":788},{"@type":"BreadcrumbList","@id":"https:\/\/mabawater.com\/producto\/motobomba-whisperflo-xf-5hp-mod-xfe-20\/#breadcrumb","itemListElement":[{"@type":"ListItem","position":1,"name":"Portada","item":"https:\/\/mabawater.com\/"},{"@type":"ListItem","position":2,"name":"Productos Para La Calidad Del Agua","item":"https:\/\/mabawater.com\/productos-para-la-calidad-del-agua\/"},{"@type":"ListItem","position":3,"name":"MOTOBOMBA WHISPERFLO XF 5HP, MOD XFE-20"}]},{"@type":"WebSite","@id":"https:\/\/mabawater.com\/#website","url":"https:\/\/mabawater.com\/","name":"Maba Water","description":"Soluciones Hidr\u00e1ulicas Sustentables","publisher":{"@id":"https:\/\/mabawater.com\/#organization"},"potentialAction":[{"@type":"SearchAction","target":{"@type":"EntryPoint","urlTemplate":"https:\/\/mabawater.com\/?s={search_term_string}"},"query-input":{"@type":"PropertyValueSpecification","valueRequired":true,"valueName":"search_term_string"}}],"inLanguage":"en-US"},{"@type":"Organization","@id":"https:\/\/mabawater.com\/#organization","name":"Maba Water","url":"https:\/\/mabawater.com\/","logo":{"@type":"ImageObject","inLanguage":"en-US","@id":"https:\/\/mabawater.com\/#\/schema\/logo\/image\/","url":"https:\/\/mabawater.com\/wp-content\/uploads\/2021\/09\/water-icon.png","contentUrl":"https:\/\/mabawater.com\/wp-content\/uploads\/2021\/09\/water-icon.png","width":410,"height":176,"caption":"Maba Water"},"image":{"@id":"https:\/\/mabawater.com\/#\/schema\/logo\/image\/"},"sameAs":["https:\/\/www.facebook.com\/mabawater\/","https:\/\/www.instagram.com\/mabawater\/?hl=es-la"]}]}},"_links":{"self":[{"href":"https:\/\/mabawater.com\/en\/wp-json\/wp\/v2\/product\/26032","targetHints":{"allow":["GET"]}}],"collection":[{"href":"https:\/\/mabawater.com\/en\/wp-json\/wp\/v2\/product"}],"about":[{"href":"https:\/\/mabawater.com\/en\/wp-json\/wp\/v2\/types\/product"}],"replies":[{"embeddable":true,"href":"https:\/\/mabawater.com\/en\/wp-json\/wp\/v2\/comments?post=26032"}],"version-history":[{"count":1,"href":"https:\/\/mabawater.com\/en\/wp-json\/wp\/v2\/product\/26032\/revisions"}],"predecessor-version":[{"id":26034,"href":"https:\/\/mabawater.com\/en\/wp-json\/wp\/v2\/product\/26032\/revisions\/26034"}],"wp:featuredmedia":[{"embeddable":true,"href":"https:\/\/mabawater.com\/en\/wp-json\/wp\/v2\/media\/26029"}],"wp:attachment":[{"href":"https:\/\/mabawater.com\/en\/wp-json\/wp\/v2\/media?parent=26032"}],"wp:term":[{"taxonomy":"product_brand","embeddable":true,"href":"https:\/\/mabawater.com\/en\/wp-json\/wp\/v2\/product_brand?post=26032"},{"taxonomy":"product_cat","embeddable":true,"href":"https:\/\/mabawater.com\/en\/wp-json\/wp\/v2\/product_cat?post=26032"},{"taxonomy":"product_tag","embeddable":true,"href":"https:\/\/mabawater.com\/en\/wp-json\/wp\/v2\/product_tag?post=26032"}],"curies":[{"name":"wp","href":"https:\/\/api.w.org\/{rel}","templated":true}]}}