{"id":26039,"date":"2024-04-29T22:27:51","date_gmt":"2024-04-29T22:27:51","guid":{"rendered":"https:\/\/mabawater.com\/?post_type=product&#038;p=26039"},"modified":"2024-04-29T22:29:15","modified_gmt":"2024-04-29T22:29:15","slug":"motobomba-argentum-ii-1-0-hp","status":"publish","type":"product","link":"https:\/\/mabawater.com\/en\/product\/motobomba-argentum-ii-1-0-hp\/","title":{"rendered":"MOTOBOMBA ARGENTUM II 1.0 HP"},"content":{"rendered":"","protected":false},"excerpt":{"rendered":"<p>La renovada familia de <strong>motobombas para piscina<\/strong> ARGENTUM II 1.0 HP preserva la facilidad de uso, bajo ruido, duraci\u00f3n y confiabilidad de su predecesora.<\/p>\n<p>Su nuevo dise\u00f1o, adem\u00e1s de ofrecer una larga vida sin corrosi\u00f3n, es m\u00e1s est\u00e9tico y de mejor eficiencia. La opci\u00f3n perfecta para usarse en piscinas de hasta 100,000 lts. de capacidad. Est\u00e1n equipadas con un nuevo motor Brida \u201cC\u201d de bajo consumo que le brindar\u00e1n muchos a\u00f1os de servicio.<\/p>\n<p><a href=\"https:\/\/mabawater.com\/wp-content\/uploads\/2024\/04\/ft_argentum_ii_2023.pdf\">Ver ficha t\u00e9cnica aqu\u00ed<\/a><\/p>","protected":false},"featured_media":26037,"comment_status":"open","ping_status":"closed","template":"","meta":[],"product_brand":[],"product_cat":[150,173],"product_tag":[],"class_list":{"0":"post-26039","1":"product","2":"type-product","3":"status-publish","4":"has-post-thumbnail","6":"product_cat-piscinas-y-spa","7":"product_cat-bombas-para-alberca","9":"first","10":"instock","11":"shipping-taxable","12":"product-type-simple"},"yoast_head":"<!-- This site is optimized with the Yoast SEO plugin v26.6 - https:\/\/yoast.com\/wordpress\/plugins\/seo\/ -->\n<title>MOTOBOMBA ARGENTUM II 1.0 HP - Maba Water<\/title>\n<meta name=\"description\" content=\"MOTOBOMBA ARGENTUM II 1.0 HP, la renovada familia de motobombas para piscina ARGENTUM II preserva la facilidad de uso, bajo ruido y duraci\u00f3n\" \/>\n<meta name=\"robots\" content=\"index, follow, max-snippet:-1, max-image-preview:large, max-video-preview:-1\" \/>\n<link rel=\"canonical\" href=\"https:\/\/mabawater.com\/en\/product\/motobomba-argentum-ii-1-0-hp\/\" \/>\n<meta property=\"og:locale\" content=\"en_US\" \/>\n<meta property=\"og:type\" content=\"article\" \/>\n<meta property=\"og:title\" content=\"MOTOBOMBA ARGENTUM II 1.0 HP - Maba Water\" \/>\n<meta property=\"og:description\" content=\"MOTOBOMBA ARGENTUM II 1.0 HP, la renovada familia de motobombas para piscina ARGENTUM II preserva la facilidad de uso, bajo ruido y duraci\u00f3n\" \/>\n<meta property=\"og:url\" content=\"https:\/\/mabawater.com\/en\/product\/motobomba-argentum-ii-1-0-hp\/\" \/>\n<meta property=\"og:site_name\" content=\"Maba Water\" \/>\n<meta property=\"article:publisher\" content=\"https:\/\/www.facebook.com\/mabawater\/\" \/>\n<meta property=\"article:modified_time\" content=\"2024-04-29T22:29:15+00:00\" \/>\n<meta property=\"og:image\" content=\"https:\/\/mabawater.com\/wp-content\/uploads\/2024\/04\/motobomba-argentum-ii.png\" \/>\n\t<meta property=\"og:image:width\" content=\"940\" \/>\n\t<meta property=\"og:image:height\" content=\"788\" \/>\n\t<meta property=\"og:image:type\" content=\"image\/png\" \/>\n<meta name=\"twitter:card\" content=\"summary_large_image\" \/>\n<!-- \/ Yoast SEO plugin. -->","yoast_head_json":{"title":"MOTOBOMBA ARGENTUM II 1.0 HP - Maba Water","description":"MOTOBOMBA ARGENTUM II 1.0 HP, la renovada familia de motobombas para piscina ARGENTUM II preserva la facilidad de uso, bajo ruido y duraci\u00f3n","robots":{"index":"index","follow":"follow","max-snippet":"max-snippet:-1","max-image-preview":"max-image-preview:large","max-video-preview":"max-video-preview:-1"},"canonical":"https:\/\/mabawater.com\/en\/product\/motobomba-argentum-ii-1-0-hp\/","og_locale":"en_US","og_type":"article","og_title":"MOTOBOMBA ARGENTUM II 1.0 HP - Maba Water","og_description":"MOTOBOMBA ARGENTUM II 1.0 HP, la renovada familia de motobombas para piscina ARGENTUM II preserva la facilidad de uso, bajo ruido y duraci\u00f3n","og_url":"https:\/\/mabawater.com\/en\/product\/motobomba-argentum-ii-1-0-hp\/","og_site_name":"Maba Water","article_publisher":"https:\/\/www.facebook.com\/mabawater\/","article_modified_time":"2024-04-29T22:29:15+00:00","og_image":[{"width":940,"height":788,"url":"https:\/\/mabawater.com\/wp-content\/uploads\/2024\/04\/motobomba-argentum-ii.png","type":"image\/png"}],"twitter_card":"summary_large_image","schema":{"@context":"https:\/\/schema.org","@graph":[{"@type":"WebPage","@id":"https:\/\/mabawater.com\/producto\/motobomba-argentum-ii-1-0-hp\/","url":"https:\/\/mabawater.com\/producto\/motobomba-argentum-ii-1-0-hp\/","name":"MOTOBOMBA ARGENTUM II 1.0 HP - Maba Water","isPartOf":{"@id":"https:\/\/mabawater.com\/#website"},"primaryImageOfPage":{"@id":"https:\/\/mabawater.com\/producto\/motobomba-argentum-ii-1-0-hp\/#primaryimage"},"image":{"@id":"https:\/\/mabawater.com\/producto\/motobomba-argentum-ii-1-0-hp\/#primaryimage"},"thumbnailUrl":"https:\/\/mabawater.com\/wp-content\/uploads\/2024\/04\/motobomba-argentum-ii.png","datePublished":"2024-04-29T22:27:51+00:00","dateModified":"2024-04-29T22:29:15+00:00","description":"MOTOBOMBA ARGENTUM II 1.0 HP, la renovada familia de motobombas para piscina ARGENTUM II preserva la facilidad de uso, bajo ruido y duraci\u00f3n","breadcrumb":{"@id":"https:\/\/mabawater.com\/producto\/motobomba-argentum-ii-1-0-hp\/#breadcrumb"},"inLanguage":"en-US","potentialAction":[{"@type":"ReadAction","target":["https:\/\/mabawater.com\/producto\/motobomba-argentum-ii-1-0-hp\/"]}]},{"@type":"ImageObject","inLanguage":"en-US","@id":"https:\/\/mabawater.com\/producto\/motobomba-argentum-ii-1-0-hp\/#primaryimage","url":"https:\/\/mabawater.com\/wp-content\/uploads\/2024\/04\/motobomba-argentum-ii.png","contentUrl":"https:\/\/mabawater.com\/wp-content\/uploads\/2024\/04\/motobomba-argentum-ii.png","width":940,"height":788},{"@type":"BreadcrumbList","@id":"https:\/\/mabawater.com\/producto\/motobomba-argentum-ii-1-0-hp\/#breadcrumb","itemListElement":[{"@type":"ListItem","position":1,"name":"Portada","item":"https:\/\/mabawater.com\/"},{"@type":"ListItem","position":2,"name":"Productos Para La Calidad Del Agua","item":"https:\/\/mabawater.com\/productos-para-la-calidad-del-agua\/"},{"@type":"ListItem","position":3,"name":"MOTOBOMBA ARGENTUM II 1.0 HP"}]},{"@type":"WebSite","@id":"https:\/\/mabawater.com\/#website","url":"https:\/\/mabawater.com\/","name":"Maba Water","description":"Soluciones Hidr\u00e1ulicas Sustentables","publisher":{"@id":"https:\/\/mabawater.com\/#organization"},"potentialAction":[{"@type":"SearchAction","target":{"@type":"EntryPoint","urlTemplate":"https:\/\/mabawater.com\/?s={search_term_string}"},"query-input":{"@type":"PropertyValueSpecification","valueRequired":true,"valueName":"search_term_string"}}],"inLanguage":"en-US"},{"@type":"Organization","@id":"https:\/\/mabawater.com\/#organization","name":"Maba Water","url":"https:\/\/mabawater.com\/","logo":{"@type":"ImageObject","inLanguage":"en-US","@id":"https:\/\/mabawater.com\/#\/schema\/logo\/image\/","url":"https:\/\/mabawater.com\/wp-content\/uploads\/2021\/09\/water-icon.png","contentUrl":"https:\/\/mabawater.com\/wp-content\/uploads\/2021\/09\/water-icon.png","width":410,"height":176,"caption":"Maba Water"},"image":{"@id":"https:\/\/mabawater.com\/#\/schema\/logo\/image\/"},"sameAs":["https:\/\/www.facebook.com\/mabawater\/","https:\/\/www.instagram.com\/mabawater\/?hl=es-la"]}]}},"_links":{"self":[{"href":"https:\/\/mabawater.com\/en\/wp-json\/wp\/v2\/product\/26039","targetHints":{"allow":["GET"]}}],"collection":[{"href":"https:\/\/mabawater.com\/en\/wp-json\/wp\/v2\/product"}],"about":[{"href":"https:\/\/mabawater.com\/en\/wp-json\/wp\/v2\/types\/product"}],"replies":[{"embeddable":true,"href":"https:\/\/mabawater.com\/en\/wp-json\/wp\/v2\/comments?post=26039"}],"version-history":[{"count":1,"href":"https:\/\/mabawater.com\/en\/wp-json\/wp\/v2\/product\/26039\/revisions"}],"predecessor-version":[{"id":26040,"href":"https:\/\/mabawater.com\/en\/wp-json\/wp\/v2\/product\/26039\/revisions\/26040"}],"wp:featuredmedia":[{"embeddable":true,"href":"https:\/\/mabawater.com\/en\/wp-json\/wp\/v2\/media\/26037"}],"wp:attachment":[{"href":"https:\/\/mabawater.com\/en\/wp-json\/wp\/v2\/media?parent=26039"}],"wp:term":[{"taxonomy":"product_brand","embeddable":true,"href":"https:\/\/mabawater.com\/en\/wp-json\/wp\/v2\/product_brand?post=26039"},{"taxonomy":"product_cat","embeddable":true,"href":"https:\/\/mabawater.com\/en\/wp-json\/wp\/v2\/product_cat?post=26039"},{"taxonomy":"product_tag","embeddable":true,"href":"https:\/\/mabawater.com\/en\/wp-json\/wp\/v2\/product_tag?post=26039"}],"curies":[{"name":"wp","href":"https:\/\/api.w.org\/{rel}","templated":true}]}}