{"id":26632,"date":"2024-05-14T00:05:20","date_gmt":"2024-05-14T00:05:20","guid":{"rendered":"https:\/\/mabawater.com\/?post_type=product&#038;p=26632"},"modified":"2025-10-06T01:45:17","modified_gmt":"2025-10-06T01:45:17","slug":"portacartucho-azul-10-en-3-4-comercial","status":"publish","type":"product","link":"https:\/\/mabawater.com\/en\/product\/portacartucho-azul-10-en-3-4-comercial\/","title":{"rendered":"PORTACARTUCHO AZUL # 10 EN 3\/4&#8243; COMERCIAL"},"content":{"rendered":"","protected":false},"excerpt":{"rendered":"<p data-start=\"266\" data-end=\"750\">El <strong data-start=\"269\" data-end=\"331\">Portacartucho Azul 10 Comercial con conexiones de 3\/4\u2033 <\/strong>\u00a0es una carcasa robusta dise\u00f1ada para uso comercial, ideal para alojar <strong>cartuchos de filtraci\u00f3n<\/strong> est\u00e1ndar de 4.5\u2033 de di\u00e1metro x 10\u2033 de longitud.<\/p>\n<p data-start=\"266\" data-end=\"750\">Su construcci\u00f3n en materiales de alta resistencia y su dise\u00f1o funcional lo hacen apto para aplicaciones de media exigencia en <strong>sistemas de tratamiento de agua<\/strong>, <strong>prefiltros<\/strong> y procesos donde se requiere protecci\u00f3n del sistema <strong>ante sedimentos<\/strong>, arena u otras part\u00edculas gruesas.<\/p>\n<p data-start=\"752\" data-end=\"978\">","protected":false},"featured_media":26626,"comment_status":"open","ping_status":"closed","template":"","meta":[],"product_brand":[],"product_cat":[145,79],"product_tag":[],"class_list":{"0":"post-26632","1":"product","2":"type-product","3":"status-publish","4":"has-post-thumbnail","6":"product_cat-tratamiento-de-agua","7":"product_cat-maba-filtros","9":"first","10":"instock","11":"shipping-taxable","12":"product-type-simple"},"yoast_head":"<!-- This site is optimized with the Yoast SEO plugin v26.6 - https:\/\/yoast.com\/wordpress\/plugins\/seo\/ -->\n<title>PORTACARTUCHO AZUL # 10 EN 3\/4&quot; COMERCIAL - Maba Water<\/title>\n<meta name=\"description\" content=\"El Portacartucho Azul 10 Comercial con conexiones de 3\/4\u2033 \u00a0es una carcasa robusta dise\u00f1ada para uso comercial, ideal para alojar cartuchos de filtraci\u00f3n est\u00e1ndar\" \/>\n<meta name=\"robots\" content=\"index, follow, max-snippet:-1, max-image-preview:large, max-video-preview:-1\" \/>\n<link rel=\"canonical\" href=\"https:\/\/mabawater.com\/en\/product\/portacartucho-azul-10-en-3-4-comercial\/\" \/>\n<meta property=\"og:locale\" content=\"en_US\" \/>\n<meta property=\"og:type\" content=\"article\" \/>\n<meta property=\"og:title\" content=\"PORTACARTUCHO AZUL # 10 EN 3\/4&quot; COMERCIAL - Maba Water\" \/>\n<meta property=\"og:description\" content=\"El Portacartucho Azul 10 Comercial con conexiones de 3\/4\u2033 \u00a0es una carcasa robusta dise\u00f1ada para uso comercial, ideal para alojar cartuchos de filtraci\u00f3n est\u00e1ndar\" \/>\n<meta property=\"og:url\" content=\"https:\/\/mabawater.com\/en\/product\/portacartucho-azul-10-en-3-4-comercial\/\" \/>\n<meta property=\"og:site_name\" content=\"Maba Water\" \/>\n<meta property=\"article:publisher\" content=\"https:\/\/www.facebook.com\/mabawater\/\" \/>\n<meta property=\"article:modified_time\" content=\"2025-10-06T01:45:17+00:00\" \/>\n<meta property=\"og:image\" content=\"https:\/\/mabawater.com\/wp-content\/uploads\/2024\/05\/portacartucho-azul.png\" \/>\n\t<meta property=\"og:image:width\" content=\"940\" \/>\n\t<meta property=\"og:image:height\" content=\"788\" \/>\n\t<meta property=\"og:image:type\" content=\"image\/png\" \/>\n<meta name=\"twitter:card\" content=\"summary_large_image\" \/>\n<!-- \/ Yoast SEO plugin. -->","yoast_head_json":{"title":"PORTACARTUCHO AZUL # 10 EN 3\/4\" COMERCIAL - Maba Water","description":"El Portacartucho Azul 10 Comercial con conexiones de 3\/4\u2033 \u00a0es una carcasa robusta dise\u00f1ada para uso comercial, ideal para alojar cartuchos de filtraci\u00f3n est\u00e1ndar","robots":{"index":"index","follow":"follow","max-snippet":"max-snippet:-1","max-image-preview":"max-image-preview:large","max-video-preview":"max-video-preview:-1"},"canonical":"https:\/\/mabawater.com\/en\/product\/portacartucho-azul-10-en-3-4-comercial\/","og_locale":"en_US","og_type":"article","og_title":"PORTACARTUCHO AZUL # 10 EN 3\/4\" COMERCIAL - Maba Water","og_description":"El Portacartucho Azul 10 Comercial con conexiones de 3\/4\u2033 \u00a0es una carcasa robusta dise\u00f1ada para uso comercial, ideal para alojar cartuchos de filtraci\u00f3n est\u00e1ndar","og_url":"https:\/\/mabawater.com\/en\/product\/portacartucho-azul-10-en-3-4-comercial\/","og_site_name":"Maba Water","article_publisher":"https:\/\/www.facebook.com\/mabawater\/","article_modified_time":"2025-10-06T01:45:17+00:00","og_image":[{"width":940,"height":788,"url":"https:\/\/mabawater.com\/wp-content\/uploads\/2024\/05\/portacartucho-azul.png","type":"image\/png"}],"twitter_card":"summary_large_image","schema":{"@context":"https:\/\/schema.org","@graph":[{"@type":"WebPage","@id":"https:\/\/mabawater.com\/producto\/portacartucho-azul-10-en-3-4-comercial\/","url":"https:\/\/mabawater.com\/producto\/portacartucho-azul-10-en-3-4-comercial\/","name":"PORTACARTUCHO AZUL # 10 EN 3\/4\" COMERCIAL - Maba Water","isPartOf":{"@id":"https:\/\/mabawater.com\/#website"},"primaryImageOfPage":{"@id":"https:\/\/mabawater.com\/producto\/portacartucho-azul-10-en-3-4-comercial\/#primaryimage"},"image":{"@id":"https:\/\/mabawater.com\/producto\/portacartucho-azul-10-en-3-4-comercial\/#primaryimage"},"thumbnailUrl":"https:\/\/mabawater.com\/wp-content\/uploads\/2024\/05\/portacartucho-azul.png","datePublished":"2024-05-14T00:05:20+00:00","dateModified":"2025-10-06T01:45:17+00:00","description":"El Portacartucho Azul 10 Comercial con conexiones de 3\/4\u2033 \u00a0es una carcasa robusta dise\u00f1ada para uso comercial, ideal para alojar cartuchos de filtraci\u00f3n est\u00e1ndar","breadcrumb":{"@id":"https:\/\/mabawater.com\/producto\/portacartucho-azul-10-en-3-4-comercial\/#breadcrumb"},"inLanguage":"en-US","potentialAction":[{"@type":"ReadAction","target":["https:\/\/mabawater.com\/producto\/portacartucho-azul-10-en-3-4-comercial\/"]}]},{"@type":"ImageObject","inLanguage":"en-US","@id":"https:\/\/mabawater.com\/producto\/portacartucho-azul-10-en-3-4-comercial\/#primaryimage","url":"https:\/\/mabawater.com\/wp-content\/uploads\/2024\/05\/portacartucho-azul.png","contentUrl":"https:\/\/mabawater.com\/wp-content\/uploads\/2024\/05\/portacartucho-azul.png","width":940,"height":788},{"@type":"BreadcrumbList","@id":"https:\/\/mabawater.com\/producto\/portacartucho-azul-10-en-3-4-comercial\/#breadcrumb","itemListElement":[{"@type":"ListItem","position":1,"name":"Portada","item":"https:\/\/mabawater.com\/"},{"@type":"ListItem","position":2,"name":"Productos Para La Calidad Del Agua","item":"https:\/\/mabawater.com\/productos-para-la-calidad-del-agua\/"},{"@type":"ListItem","position":3,"name":"PORTACARTUCHO AZUL # 10 EN 3\/4&#8243; COMERCIAL"}]},{"@type":"WebSite","@id":"https:\/\/mabawater.com\/#website","url":"https:\/\/mabawater.com\/","name":"Maba Water","description":"Soluciones Hidr\u00e1ulicas Sustentables","publisher":{"@id":"https:\/\/mabawater.com\/#organization"},"potentialAction":[{"@type":"SearchAction","target":{"@type":"EntryPoint","urlTemplate":"https:\/\/mabawater.com\/?s={search_term_string}"},"query-input":{"@type":"PropertyValueSpecification","valueRequired":true,"valueName":"search_term_string"}}],"inLanguage":"en-US"},{"@type":"Organization","@id":"https:\/\/mabawater.com\/#organization","name":"Maba Water","url":"https:\/\/mabawater.com\/","logo":{"@type":"ImageObject","inLanguage":"en-US","@id":"https:\/\/mabawater.com\/#\/schema\/logo\/image\/","url":"https:\/\/mabawater.com\/wp-content\/uploads\/2021\/09\/water-icon.png","contentUrl":"https:\/\/mabawater.com\/wp-content\/uploads\/2021\/09\/water-icon.png","width":410,"height":176,"caption":"Maba Water"},"image":{"@id":"https:\/\/mabawater.com\/#\/schema\/logo\/image\/"},"sameAs":["https:\/\/www.facebook.com\/mabawater\/","https:\/\/www.instagram.com\/mabawater\/?hl=es-la"]}]}},"_links":{"self":[{"href":"https:\/\/mabawater.com\/en\/wp-json\/wp\/v2\/product\/26632","targetHints":{"allow":["GET"]}}],"collection":[{"href":"https:\/\/mabawater.com\/en\/wp-json\/wp\/v2\/product"}],"about":[{"href":"https:\/\/mabawater.com\/en\/wp-json\/wp\/v2\/types\/product"}],"replies":[{"embeddable":true,"href":"https:\/\/mabawater.com\/en\/wp-json\/wp\/v2\/comments?post=26632"}],"version-history":[{"count":2,"href":"https:\/\/mabawater.com\/en\/wp-json\/wp\/v2\/product\/26632\/revisions"}],"predecessor-version":[{"id":29795,"href":"https:\/\/mabawater.com\/en\/wp-json\/wp\/v2\/product\/26632\/revisions\/29795"}],"wp:featuredmedia":[{"embeddable":true,"href":"https:\/\/mabawater.com\/en\/wp-json\/wp\/v2\/media\/26626"}],"wp:attachment":[{"href":"https:\/\/mabawater.com\/en\/wp-json\/wp\/v2\/media?parent=26632"}],"wp:term":[{"taxonomy":"product_brand","embeddable":true,"href":"https:\/\/mabawater.com\/en\/wp-json\/wp\/v2\/product_brand?post=26632"},{"taxonomy":"product_cat","embeddable":true,"href":"https:\/\/mabawater.com\/en\/wp-json\/wp\/v2\/product_cat?post=26632"},{"taxonomy":"product_tag","embeddable":true,"href":"https:\/\/mabawater.com\/en\/wp-json\/wp\/v2\/product_tag?post=26632"}],"curies":[{"name":"wp","href":"https:\/\/api.w.org\/{rel}","templated":true}]}}