{"id":26660,"date":"2024-05-14T22:44:25","date_gmt":"2024-05-14T22:44:25","guid":{"rendered":"https:\/\/mabawater.com\/?post_type=product&#038;p=26660"},"modified":"2025-11-02T19:37:53","modified_gmt":"2025-11-02T19:37:53","slug":"zeolita-crystalum-saco-1-pie3-21kg","status":"publish","type":"product","link":"https:\/\/mabawater.com\/en\/product\/zeolita-crystalum-saco-1-pie3-21kg\/","title":{"rendered":"ZEOLITA CRYSTALUM SACO 1 PIE3 (21KG)"},"content":{"rendered":"","protected":false},"excerpt":{"rendered":"<p data-start=\"4216\" data-end=\"4461\">Aprovecha un medio <strong>filtrante<\/strong> de alta eficiencia para piscinas, spas y sistemas de <strong>tratamiento de agua<\/strong>. Este saco de 21 kg (1 ft\u00b3) de <strong>zeolita Crystalum<\/strong> est\u00e1 dise\u00f1ado para ofrecer una filtraci\u00f3n superior frente a la arena s\u00edlica tradicional.<\/p>\n<p data-start=\"4468\" data-end=\"4496\"><strong>Aplicaciones recomendadas:<\/strong><\/p>\n<p data-start=\"4468\" data-end=\"4496\">Ideal para <strong>filtros de arena de piscinas<\/strong> residenciales o comerciales, plantas de tratamiento de agua, spas y sistemas industriales de <strong>purificaci\u00f3n<\/strong>. Compatible con sistemas que requieren mejoras en caudal, eficiencia y claridad del agua.<\/p>","protected":false},"featured_media":26638,"comment_status":"open","ping_status":"closed","template":"","meta":[],"product_brand":[],"product_cat":[145,79],"product_tag":[],"class_list":{"0":"post-26660","1":"product","2":"type-product","3":"status-publish","4":"has-post-thumbnail","6":"product_cat-tratamiento-de-agua","7":"product_cat-maba-filtros","9":"first","10":"instock","11":"shipping-taxable","12":"product-type-simple"},"yoast_head":"<!-- This site is optimized with the Yoast SEO plugin v26.6 - https:\/\/yoast.com\/wordpress\/plugins\/seo\/ -->\n<title>ZEOLITA CRYSTALUM SACO 1 PIE3 (21KG) - Maba Water<\/title>\n<meta name=\"description\" content=\"Ideal para filtros de arena de piscinas residenciales o comerciales, plantas de tratamiento de agua, spas y sistemas industriales de purificaci\u00f3n.\" \/>\n<meta name=\"robots\" content=\"index, follow, max-snippet:-1, max-image-preview:large, max-video-preview:-1\" \/>\n<link rel=\"canonical\" href=\"https:\/\/mabawater.com\/en\/product\/zeolita-crystalum-saco-1-pie3-21kg\/\" \/>\n<meta property=\"og:locale\" content=\"en_US\" \/>\n<meta property=\"og:type\" content=\"article\" \/>\n<meta property=\"og:title\" content=\"ZEOLITA CRYSTALUM SACO 1 PIE3 (21KG) - Maba Water\" \/>\n<meta property=\"og:description\" content=\"Ideal para filtros de arena de piscinas residenciales o comerciales, plantas de tratamiento de agua, spas y sistemas industriales de purificaci\u00f3n.\" \/>\n<meta property=\"og:url\" content=\"https:\/\/mabawater.com\/en\/product\/zeolita-crystalum-saco-1-pie3-21kg\/\" \/>\n<meta property=\"og:site_name\" content=\"Maba Water\" \/>\n<meta property=\"article:publisher\" content=\"https:\/\/www.facebook.com\/mabawater\/\" \/>\n<meta property=\"article:modified_time\" content=\"2025-11-02T19:37:53+00:00\" \/>\n<meta property=\"og:image\" content=\"https:\/\/mabawater.com\/wp-content\/uploads\/2024\/05\/costal-zeolita.png\" \/>\n\t<meta property=\"og:image:width\" content=\"940\" \/>\n\t<meta property=\"og:image:height\" content=\"788\" \/>\n\t<meta property=\"og:image:type\" content=\"image\/png\" \/>\n<meta name=\"twitter:card\" content=\"summary_large_image\" \/>\n<!-- \/ Yoast SEO plugin. -->","yoast_head_json":{"title":"ZEOLITA CRYSTALUM SACO 1 PIE3 (21KG) - Maba Water","description":"Ideal para filtros de arena de piscinas residenciales o comerciales, plantas de tratamiento de agua, spas y sistemas industriales de purificaci\u00f3n.","robots":{"index":"index","follow":"follow","max-snippet":"max-snippet:-1","max-image-preview":"max-image-preview:large","max-video-preview":"max-video-preview:-1"},"canonical":"https:\/\/mabawater.com\/en\/product\/zeolita-crystalum-saco-1-pie3-21kg\/","og_locale":"en_US","og_type":"article","og_title":"ZEOLITA CRYSTALUM SACO 1 PIE3 (21KG) - Maba Water","og_description":"Ideal para filtros de arena de piscinas residenciales o comerciales, plantas de tratamiento de agua, spas y sistemas industriales de purificaci\u00f3n.","og_url":"https:\/\/mabawater.com\/en\/product\/zeolita-crystalum-saco-1-pie3-21kg\/","og_site_name":"Maba Water","article_publisher":"https:\/\/www.facebook.com\/mabawater\/","article_modified_time":"2025-11-02T19:37:53+00:00","og_image":[{"width":940,"height":788,"url":"https:\/\/mabawater.com\/wp-content\/uploads\/2024\/05\/costal-zeolita.png","type":"image\/png"}],"twitter_card":"summary_large_image","schema":{"@context":"https:\/\/schema.org","@graph":[{"@type":"WebPage","@id":"https:\/\/mabawater.com\/producto\/zeolita-crystalum-saco-1-pie3-21kg\/","url":"https:\/\/mabawater.com\/producto\/zeolita-crystalum-saco-1-pie3-21kg\/","name":"ZEOLITA CRYSTALUM SACO 1 PIE3 (21KG) - Maba Water","isPartOf":{"@id":"https:\/\/mabawater.com\/#website"},"primaryImageOfPage":{"@id":"https:\/\/mabawater.com\/producto\/zeolita-crystalum-saco-1-pie3-21kg\/#primaryimage"},"image":{"@id":"https:\/\/mabawater.com\/producto\/zeolita-crystalum-saco-1-pie3-21kg\/#primaryimage"},"thumbnailUrl":"https:\/\/mabawater.com\/wp-content\/uploads\/2024\/05\/costal-zeolita.png","datePublished":"2024-05-14T22:44:25+00:00","dateModified":"2025-11-02T19:37:53+00:00","description":"Ideal para filtros de arena de piscinas residenciales o comerciales, plantas de tratamiento de agua, spas y sistemas industriales de purificaci\u00f3n.","breadcrumb":{"@id":"https:\/\/mabawater.com\/producto\/zeolita-crystalum-saco-1-pie3-21kg\/#breadcrumb"},"inLanguage":"en-US","potentialAction":[{"@type":"ReadAction","target":["https:\/\/mabawater.com\/producto\/zeolita-crystalum-saco-1-pie3-21kg\/"]}]},{"@type":"ImageObject","inLanguage":"en-US","@id":"https:\/\/mabawater.com\/producto\/zeolita-crystalum-saco-1-pie3-21kg\/#primaryimage","url":"https:\/\/mabawater.com\/wp-content\/uploads\/2024\/05\/costal-zeolita.png","contentUrl":"https:\/\/mabawater.com\/wp-content\/uploads\/2024\/05\/costal-zeolita.png","width":940,"height":788},{"@type":"BreadcrumbList","@id":"https:\/\/mabawater.com\/producto\/zeolita-crystalum-saco-1-pie3-21kg\/#breadcrumb","itemListElement":[{"@type":"ListItem","position":1,"name":"Portada","item":"https:\/\/mabawater.com\/"},{"@type":"ListItem","position":2,"name":"Productos Para La Calidad Del Agua","item":"https:\/\/mabawater.com\/productos-para-la-calidad-del-agua\/"},{"@type":"ListItem","position":3,"name":"ZEOLITA CRYSTALUM SACO 1 PIE3 (21KG)"}]},{"@type":"WebSite","@id":"https:\/\/mabawater.com\/#website","url":"https:\/\/mabawater.com\/","name":"Maba Water","description":"Soluciones Hidr\u00e1ulicas Sustentables","publisher":{"@id":"https:\/\/mabawater.com\/#organization"},"potentialAction":[{"@type":"SearchAction","target":{"@type":"EntryPoint","urlTemplate":"https:\/\/mabawater.com\/?s={search_term_string}"},"query-input":{"@type":"PropertyValueSpecification","valueRequired":true,"valueName":"search_term_string"}}],"inLanguage":"en-US"},{"@type":"Organization","@id":"https:\/\/mabawater.com\/#organization","name":"Maba Water","url":"https:\/\/mabawater.com\/","logo":{"@type":"ImageObject","inLanguage":"en-US","@id":"https:\/\/mabawater.com\/#\/schema\/logo\/image\/","url":"https:\/\/mabawater.com\/wp-content\/uploads\/2021\/09\/water-icon.png","contentUrl":"https:\/\/mabawater.com\/wp-content\/uploads\/2021\/09\/water-icon.png","width":410,"height":176,"caption":"Maba Water"},"image":{"@id":"https:\/\/mabawater.com\/#\/schema\/logo\/image\/"},"sameAs":["https:\/\/www.facebook.com\/mabawater\/","https:\/\/www.instagram.com\/mabawater\/?hl=es-la"]}]}},"_links":{"self":[{"href":"https:\/\/mabawater.com\/en\/wp-json\/wp\/v2\/product\/26660","targetHints":{"allow":["GET"]}}],"collection":[{"href":"https:\/\/mabawater.com\/en\/wp-json\/wp\/v2\/product"}],"about":[{"href":"https:\/\/mabawater.com\/en\/wp-json\/wp\/v2\/types\/product"}],"replies":[{"embeddable":true,"href":"https:\/\/mabawater.com\/en\/wp-json\/wp\/v2\/comments?post=26660"}],"version-history":[{"count":2,"href":"https:\/\/mabawater.com\/en\/wp-json\/wp\/v2\/product\/26660\/revisions"}],"predecessor-version":[{"id":29824,"href":"https:\/\/mabawater.com\/en\/wp-json\/wp\/v2\/product\/26660\/revisions\/29824"}],"wp:featuredmedia":[{"embeddable":true,"href":"https:\/\/mabawater.com\/en\/wp-json\/wp\/v2\/media\/26638"}],"wp:attachment":[{"href":"https:\/\/mabawater.com\/en\/wp-json\/wp\/v2\/media?parent=26660"}],"wp:term":[{"taxonomy":"product_brand","embeddable":true,"href":"https:\/\/mabawater.com\/en\/wp-json\/wp\/v2\/product_brand?post=26660"},{"taxonomy":"product_cat","embeddable":true,"href":"https:\/\/mabawater.com\/en\/wp-json\/wp\/v2\/product_cat?post=26660"},{"taxonomy":"product_tag","embeddable":true,"href":"https:\/\/mabawater.com\/en\/wp-json\/wp\/v2\/product_tag?post=26660"}],"curies":[{"name":"wp","href":"https:\/\/api.w.org\/{rel}","templated":true}]}}