{"id":26722,"date":"2024-05-16T23:44:42","date_gmt":"2024-05-16T23:44:42","guid":{"rendered":"https:\/\/mabawater.com\/?post_type=product&#038;p=26722"},"modified":"2025-10-06T01:17:07","modified_gmt":"2025-10-06T01:17:07","slug":"i-20002-cartridge","status":"publish","type":"product","link":"https:\/\/mabawater.com\/en\/product\/i-20002-cartridge\/","title":{"rendered":"I-2000(2) CARTRIDGE"},"content":{"rendered":"","protected":false},"excerpt":{"rendered":"<ul>\n<li><strong>Filtro especializado antisarro<\/strong><\/li>\n<li data-start=\"404\" data-end=\"699\">El <strong data-start=\"407\" data-end=\"427\">cartucho I\u201120002<\/strong> es una opci\u00f3n dise\u00f1ada para sistemas de <strong>purificaci\u00f3n de agua<\/strong> que buscan una filtraci\u00f3n eficiente y duradera.<\/li>\n<li data-start=\"404\" data-end=\"699\">Este tipo de cartucho asegura una excelente retenci\u00f3n de part\u00edculas indeseadas, optimizando la<strong> calidad del agua<\/strong> para uso dom\u00e9stico, comercial o industrial ligero.<\/li>\n<\/ul>","protected":false},"featured_media":26724,"comment_status":"open","ping_status":"closed","template":"","meta":[],"product_brand":[],"product_cat":[145,79],"product_tag":[],"class_list":{"0":"post-26722","1":"product","2":"type-product","3":"status-publish","4":"has-post-thumbnail","6":"product_cat-tratamiento-de-agua","7":"product_cat-maba-filtros","9":"first","10":"instock","11":"shipping-taxable","12":"product-type-simple"},"yoast_head":"<!-- This site is optimized with the Yoast SEO plugin v26.6 - https:\/\/yoast.com\/wordpress\/plugins\/seo\/ -->\n<title>I-2000(2) CARTRIDGE - Maba Water<\/title>\n<meta name=\"description\" content=\"I-2000(2) CARTRIDGE, filtro especializado antisarro. Compra filtros, equipamento, accesorios o bombas para piscinas en l\u00ednea.\" \/>\n<meta name=\"robots\" content=\"index, follow, max-snippet:-1, max-image-preview:large, max-video-preview:-1\" \/>\n<link rel=\"canonical\" href=\"https:\/\/mabawater.com\/en\/product\/i-20002-cartridge\/\" \/>\n<meta property=\"og:locale\" content=\"en_US\" \/>\n<meta property=\"og:type\" content=\"article\" \/>\n<meta property=\"og:title\" content=\"I-2000(2) CARTRIDGE - Maba Water\" \/>\n<meta property=\"og:description\" content=\"I-2000(2) CARTRIDGE, filtro especializado antisarro. Compra filtros, equipamento, accesorios o bombas para piscinas en l\u00ednea.\" \/>\n<meta property=\"og:url\" content=\"https:\/\/mabawater.com\/en\/product\/i-20002-cartridge\/\" \/>\n<meta property=\"og:site_name\" content=\"Maba Water\" \/>\n<meta property=\"article:publisher\" content=\"https:\/\/www.facebook.com\/mabawater\/\" \/>\n<meta property=\"article:modified_time\" content=\"2025-10-06T01:17:07+00:00\" \/>\n<meta property=\"og:image\" content=\"https:\/\/mabawater.com\/wp-content\/uploads\/2024\/05\/filtro-I-20002-CARTRIDGE.png\" \/>\n\t<meta property=\"og:image:width\" content=\"940\" \/>\n\t<meta property=\"og:image:height\" content=\"788\" \/>\n\t<meta property=\"og:image:type\" content=\"image\/png\" \/>\n<meta name=\"twitter:card\" content=\"summary_large_image\" \/>\n<!-- \/ Yoast SEO plugin. -->","yoast_head_json":{"title":"I-2000(2) CARTRIDGE - Maba Water","description":"I-2000(2) CARTRIDGE, filtro especializado antisarro. Compra filtros, equipamento, accesorios o bombas para piscinas en l\u00ednea.","robots":{"index":"index","follow":"follow","max-snippet":"max-snippet:-1","max-image-preview":"max-image-preview:large","max-video-preview":"max-video-preview:-1"},"canonical":"https:\/\/mabawater.com\/en\/product\/i-20002-cartridge\/","og_locale":"en_US","og_type":"article","og_title":"I-2000(2) CARTRIDGE - Maba Water","og_description":"I-2000(2) CARTRIDGE, filtro especializado antisarro. Compra filtros, equipamento, accesorios o bombas para piscinas en l\u00ednea.","og_url":"https:\/\/mabawater.com\/en\/product\/i-20002-cartridge\/","og_site_name":"Maba Water","article_publisher":"https:\/\/www.facebook.com\/mabawater\/","article_modified_time":"2025-10-06T01:17:07+00:00","og_image":[{"width":940,"height":788,"url":"https:\/\/mabawater.com\/wp-content\/uploads\/2024\/05\/filtro-I-20002-CARTRIDGE.png","type":"image\/png"}],"twitter_card":"summary_large_image","schema":{"@context":"https:\/\/schema.org","@graph":[{"@type":"WebPage","@id":"https:\/\/mabawater.com\/producto\/i-20002-cartridge\/","url":"https:\/\/mabawater.com\/producto\/i-20002-cartridge\/","name":"I-2000(2) CARTRIDGE - Maba Water","isPartOf":{"@id":"https:\/\/mabawater.com\/#website"},"primaryImageOfPage":{"@id":"https:\/\/mabawater.com\/producto\/i-20002-cartridge\/#primaryimage"},"image":{"@id":"https:\/\/mabawater.com\/producto\/i-20002-cartridge\/#primaryimage"},"thumbnailUrl":"https:\/\/mabawater.com\/wp-content\/uploads\/2024\/05\/filtro-I-20002-CARTRIDGE.png","datePublished":"2024-05-16T23:44:42+00:00","dateModified":"2025-10-06T01:17:07+00:00","description":"I-2000(2) CARTRIDGE, filtro especializado antisarro. Compra filtros, equipamento, accesorios o bombas para piscinas en l\u00ednea.","breadcrumb":{"@id":"https:\/\/mabawater.com\/producto\/i-20002-cartridge\/#breadcrumb"},"inLanguage":"en-US","potentialAction":[{"@type":"ReadAction","target":["https:\/\/mabawater.com\/producto\/i-20002-cartridge\/"]}]},{"@type":"ImageObject","inLanguage":"en-US","@id":"https:\/\/mabawater.com\/producto\/i-20002-cartridge\/#primaryimage","url":"https:\/\/mabawater.com\/wp-content\/uploads\/2024\/05\/filtro-I-20002-CARTRIDGE.png","contentUrl":"https:\/\/mabawater.com\/wp-content\/uploads\/2024\/05\/filtro-I-20002-CARTRIDGE.png","width":940,"height":788},{"@type":"BreadcrumbList","@id":"https:\/\/mabawater.com\/producto\/i-20002-cartridge\/#breadcrumb","itemListElement":[{"@type":"ListItem","position":1,"name":"Portada","item":"https:\/\/mabawater.com\/"},{"@type":"ListItem","position":2,"name":"Productos Para La Calidad Del Agua","item":"https:\/\/mabawater.com\/productos-para-la-calidad-del-agua\/"},{"@type":"ListItem","position":3,"name":"I-2000(2) CARTRIDGE"}]},{"@type":"WebSite","@id":"https:\/\/mabawater.com\/#website","url":"https:\/\/mabawater.com\/","name":"Maba Water","description":"Soluciones Hidr\u00e1ulicas Sustentables","publisher":{"@id":"https:\/\/mabawater.com\/#organization"},"potentialAction":[{"@type":"SearchAction","target":{"@type":"EntryPoint","urlTemplate":"https:\/\/mabawater.com\/?s={search_term_string}"},"query-input":{"@type":"PropertyValueSpecification","valueRequired":true,"valueName":"search_term_string"}}],"inLanguage":"en-US"},{"@type":"Organization","@id":"https:\/\/mabawater.com\/#organization","name":"Maba Water","url":"https:\/\/mabawater.com\/","logo":{"@type":"ImageObject","inLanguage":"en-US","@id":"https:\/\/mabawater.com\/#\/schema\/logo\/image\/","url":"https:\/\/mabawater.com\/wp-content\/uploads\/2021\/09\/water-icon.png","contentUrl":"https:\/\/mabawater.com\/wp-content\/uploads\/2021\/09\/water-icon.png","width":410,"height":176,"caption":"Maba Water"},"image":{"@id":"https:\/\/mabawater.com\/#\/schema\/logo\/image\/"},"sameAs":["https:\/\/www.facebook.com\/mabawater\/","https:\/\/www.instagram.com\/mabawater\/?hl=es-la"]}]}},"_links":{"self":[{"href":"https:\/\/mabawater.com\/en\/wp-json\/wp\/v2\/product\/26722","targetHints":{"allow":["GET"]}}],"collection":[{"href":"https:\/\/mabawater.com\/en\/wp-json\/wp\/v2\/product"}],"about":[{"href":"https:\/\/mabawater.com\/en\/wp-json\/wp\/v2\/types\/product"}],"replies":[{"embeddable":true,"href":"https:\/\/mabawater.com\/en\/wp-json\/wp\/v2\/comments?post=26722"}],"version-history":[{"count":3,"href":"https:\/\/mabawater.com\/en\/wp-json\/wp\/v2\/product\/26722\/revisions"}],"predecessor-version":[{"id":29787,"href":"https:\/\/mabawater.com\/en\/wp-json\/wp\/v2\/product\/26722\/revisions\/29787"}],"wp:featuredmedia":[{"embeddable":true,"href":"https:\/\/mabawater.com\/en\/wp-json\/wp\/v2\/media\/26724"}],"wp:attachment":[{"href":"https:\/\/mabawater.com\/en\/wp-json\/wp\/v2\/media?parent=26722"}],"wp:term":[{"taxonomy":"product_brand","embeddable":true,"href":"https:\/\/mabawater.com\/en\/wp-json\/wp\/v2\/product_brand?post=26722"},{"taxonomy":"product_cat","embeddable":true,"href":"https:\/\/mabawater.com\/en\/wp-json\/wp\/v2\/product_cat?post=26722"},{"taxonomy":"product_tag","embeddable":true,"href":"https:\/\/mabawater.com\/en\/wp-json\/wp\/v2\/product_tag?post=26722"}],"curies":[{"name":"wp","href":"https:\/\/api.w.org\/{rel}","templated":true}]}}