{"id":26828,"date":"2024-05-18T02:47:39","date_gmt":"2024-05-18T02:47:39","guid":{"rendered":"https:\/\/mabawater.com\/?post_type=product&#038;p=26828"},"modified":"2025-10-06T01:38:17","modified_gmt":"2025-10-06T01:38:17","slug":"micro-z-bolsa-de-1-pie%c2%b3","status":"publish","type":"product","link":"https:\/\/mabawater.com\/en\/product\/micro-z-bolsa-de-1-pie%c2%b3\/","title":{"rendered":"MICRO-Z, BOLSA DE 1 PIE\u00b3"},"content":{"rendered":"","protected":false},"excerpt":{"rendered":"<p>La <strong data-start=\"313\" data-end=\"343\">bolsa de Micro\u2011Z de 1 pie\u00b3<\/strong> contiene un medio filtrante granular de zeolita (Micro Z), dise\u00f1ado para reemplazar medios tradicionales como arena s\u00edlice o grava con una capacidad superior de <strong>filtraci\u00f3n<\/strong>.<\/p>\n<ul>\n<li>Este medio es eficiente para <strong>eliminar part\u00edculas<\/strong> suspendidas, turbidez y sedimentos de hasta 5 micras, garantizando <strong>agua m\u00e1s clara<\/strong> y protegiendo etapas posteriores del proceso de <strong>purificaci\u00f3n<\/strong>.<\/li>\n<\/ul>","protected":false},"featured_media":26830,"comment_status":"open","ping_status":"closed","template":"","meta":[],"product_brand":[],"product_cat":[145,79],"product_tag":[],"class_list":{"0":"post-26828","1":"product","2":"type-product","3":"status-publish","4":"has-post-thumbnail","6":"product_cat-tratamiento-de-agua","7":"product_cat-maba-filtros","9":"first","10":"instock","11":"shipping-taxable","12":"product-type-simple"},"yoast_head":"<!-- This site is optimized with the Yoast SEO plugin v26.6 - https:\/\/yoast.com\/wordpress\/plugins\/seo\/ -->\n<title>MICRO-Z, BOLSA DE 1 PIE\u00b3 - Maba Water<\/title>\n<meta name=\"description\" content=\"La bolsa de Micro\u2011Z de 1 pie\u00b3 contiene un medio filtrante granular de zeolita (Micro Z), dise\u00f1ado para reemplazar medios tradicionales como arena s\u00edlice\" \/>\n<meta name=\"robots\" content=\"index, follow, max-snippet:-1, max-image-preview:large, max-video-preview:-1\" \/>\n<link rel=\"canonical\" href=\"https:\/\/mabawater.com\/en\/product\/micro-z-bolsa-de-1-pie\u00b3\/\" \/>\n<meta property=\"og:locale\" content=\"en_US\" \/>\n<meta property=\"og:type\" content=\"article\" \/>\n<meta property=\"og:title\" content=\"MICRO-Z, BOLSA DE 1 PIE\u00b3 - Maba Water\" \/>\n<meta property=\"og:description\" content=\"La bolsa de Micro\u2011Z de 1 pie\u00b3 contiene un medio filtrante granular de zeolita (Micro Z), dise\u00f1ado para reemplazar medios tradicionales como arena s\u00edlice\" \/>\n<meta property=\"og:url\" content=\"https:\/\/mabawater.com\/en\/product\/micro-z-bolsa-de-1-pie\u00b3\/\" \/>\n<meta property=\"og:site_name\" content=\"Maba Water\" \/>\n<meta property=\"article:publisher\" content=\"https:\/\/www.facebook.com\/mabawater\/\" \/>\n<meta property=\"article:modified_time\" content=\"2025-10-06T01:38:17+00:00\" \/>\n<meta property=\"og:image\" content=\"https:\/\/mabawater.com\/wp-content\/uploads\/2024\/05\/MICRO-Z.png\" \/>\n\t<meta property=\"og:image:width\" content=\"940\" \/>\n\t<meta property=\"og:image:height\" content=\"788\" \/>\n\t<meta property=\"og:image:type\" content=\"image\/png\" \/>\n<meta name=\"twitter:card\" content=\"summary_large_image\" \/>\n<!-- \/ Yoast SEO plugin. -->","yoast_head_json":{"title":"MICRO-Z, BOLSA DE 1 PIE\u00b3 - Maba Water","description":"La bolsa de Micro\u2011Z de 1 pie\u00b3 contiene un medio filtrante granular de zeolita (Micro Z), dise\u00f1ado para reemplazar medios tradicionales como arena s\u00edlice","robots":{"index":"index","follow":"follow","max-snippet":"max-snippet:-1","max-image-preview":"max-image-preview:large","max-video-preview":"max-video-preview:-1"},"canonical":"https:\/\/mabawater.com\/en\/product\/micro-z-bolsa-de-1-pie\u00b3\/","og_locale":"en_US","og_type":"article","og_title":"MICRO-Z, BOLSA DE 1 PIE\u00b3 - Maba Water","og_description":"La bolsa de Micro\u2011Z de 1 pie\u00b3 contiene un medio filtrante granular de zeolita (Micro Z), dise\u00f1ado para reemplazar medios tradicionales como arena s\u00edlice","og_url":"https:\/\/mabawater.com\/en\/product\/micro-z-bolsa-de-1-pie\u00b3\/","og_site_name":"Maba Water","article_publisher":"https:\/\/www.facebook.com\/mabawater\/","article_modified_time":"2025-10-06T01:38:17+00:00","og_image":[{"width":940,"height":788,"url":"https:\/\/mabawater.com\/wp-content\/uploads\/2024\/05\/MICRO-Z.png","type":"image\/png"}],"twitter_card":"summary_large_image","schema":{"@context":"https:\/\/schema.org","@graph":[{"@type":"WebPage","@id":"https:\/\/mabawater.com\/producto\/micro-z-bolsa-de-1-pie%c2%b3\/","url":"https:\/\/mabawater.com\/producto\/micro-z-bolsa-de-1-pie%c2%b3\/","name":"MICRO-Z, BOLSA DE 1 PIE\u00b3 - Maba Water","isPartOf":{"@id":"https:\/\/mabawater.com\/#website"},"primaryImageOfPage":{"@id":"https:\/\/mabawater.com\/producto\/micro-z-bolsa-de-1-pie%c2%b3\/#primaryimage"},"image":{"@id":"https:\/\/mabawater.com\/producto\/micro-z-bolsa-de-1-pie%c2%b3\/#primaryimage"},"thumbnailUrl":"https:\/\/mabawater.com\/wp-content\/uploads\/2024\/05\/MICRO-Z.png","datePublished":"2024-05-18T02:47:39+00:00","dateModified":"2025-10-06T01:38:17+00:00","description":"La bolsa de Micro\u2011Z de 1 pie\u00b3 contiene un medio filtrante granular de zeolita (Micro Z), dise\u00f1ado para reemplazar medios tradicionales como arena s\u00edlice","breadcrumb":{"@id":"https:\/\/mabawater.com\/producto\/micro-z-bolsa-de-1-pie%c2%b3\/#breadcrumb"},"inLanguage":"en-US","potentialAction":[{"@type":"ReadAction","target":["https:\/\/mabawater.com\/producto\/micro-z-bolsa-de-1-pie%c2%b3\/"]}]},{"@type":"ImageObject","inLanguage":"en-US","@id":"https:\/\/mabawater.com\/producto\/micro-z-bolsa-de-1-pie%c2%b3\/#primaryimage","url":"https:\/\/mabawater.com\/wp-content\/uploads\/2024\/05\/MICRO-Z.png","contentUrl":"https:\/\/mabawater.com\/wp-content\/uploads\/2024\/05\/MICRO-Z.png","width":940,"height":788},{"@type":"BreadcrumbList","@id":"https:\/\/mabawater.com\/producto\/micro-z-bolsa-de-1-pie%c2%b3\/#breadcrumb","itemListElement":[{"@type":"ListItem","position":1,"name":"Portada","item":"https:\/\/mabawater.com\/"},{"@type":"ListItem","position":2,"name":"Productos Para La Calidad Del Agua","item":"https:\/\/mabawater.com\/productos-para-la-calidad-del-agua\/"},{"@type":"ListItem","position":3,"name":"MICRO-Z, BOLSA DE 1 PIE\u00b3"}]},{"@type":"WebSite","@id":"https:\/\/mabawater.com\/#website","url":"https:\/\/mabawater.com\/","name":"Maba Water","description":"Soluciones Hidr\u00e1ulicas Sustentables","publisher":{"@id":"https:\/\/mabawater.com\/#organization"},"potentialAction":[{"@type":"SearchAction","target":{"@type":"EntryPoint","urlTemplate":"https:\/\/mabawater.com\/?s={search_term_string}"},"query-input":{"@type":"PropertyValueSpecification","valueRequired":true,"valueName":"search_term_string"}}],"inLanguage":"en-US"},{"@type":"Organization","@id":"https:\/\/mabawater.com\/#organization","name":"Maba Water","url":"https:\/\/mabawater.com\/","logo":{"@type":"ImageObject","inLanguage":"en-US","@id":"https:\/\/mabawater.com\/#\/schema\/logo\/image\/","url":"https:\/\/mabawater.com\/wp-content\/uploads\/2021\/09\/water-icon.png","contentUrl":"https:\/\/mabawater.com\/wp-content\/uploads\/2021\/09\/water-icon.png","width":410,"height":176,"caption":"Maba Water"},"image":{"@id":"https:\/\/mabawater.com\/#\/schema\/logo\/image\/"},"sameAs":["https:\/\/www.facebook.com\/mabawater\/","https:\/\/www.instagram.com\/mabawater\/?hl=es-la"]}]}},"_links":{"self":[{"href":"https:\/\/mabawater.com\/en\/wp-json\/wp\/v2\/product\/26828","targetHints":{"allow":["GET"]}}],"collection":[{"href":"https:\/\/mabawater.com\/en\/wp-json\/wp\/v2\/product"}],"about":[{"href":"https:\/\/mabawater.com\/en\/wp-json\/wp\/v2\/types\/product"}],"replies":[{"embeddable":true,"href":"https:\/\/mabawater.com\/en\/wp-json\/wp\/v2\/comments?post=26828"}],"version-history":[{"count":3,"href":"https:\/\/mabawater.com\/en\/wp-json\/wp\/v2\/product\/26828\/revisions"}],"predecessor-version":[{"id":29792,"href":"https:\/\/mabawater.com\/en\/wp-json\/wp\/v2\/product\/26828\/revisions\/29792"}],"wp:featuredmedia":[{"embeddable":true,"href":"https:\/\/mabawater.com\/en\/wp-json\/wp\/v2\/media\/26830"}],"wp:attachment":[{"href":"https:\/\/mabawater.com\/en\/wp-json\/wp\/v2\/media?parent=26828"}],"wp:term":[{"taxonomy":"product_brand","embeddable":true,"href":"https:\/\/mabawater.com\/en\/wp-json\/wp\/v2\/product_brand?post=26828"},{"taxonomy":"product_cat","embeddable":true,"href":"https:\/\/mabawater.com\/en\/wp-json\/wp\/v2\/product_cat?post=26828"},{"taxonomy":"product_tag","embeddable":true,"href":"https:\/\/mabawater.com\/en\/wp-json\/wp\/v2\/product_tag?post=26828"}],"curies":[{"name":"wp","href":"https:\/\/api.w.org\/{rel}","templated":true}]}}