{"id":26850,"date":"2024-05-20T20:04:58","date_gmt":"2024-05-20T20:04:58","guid":{"rendered":"https:\/\/mabawater.com\/?post_type=product&#038;p=26850"},"modified":"2024-10-13T19:01:46","modified_gmt":"2024-10-13T19:01:46","slug":"membrana-lg-bw-400-es-8x40-baja-presion","status":"publish","type":"product","link":"https:\/\/mabawater.com\/en\/product\/membrana-lg-bw-400-es-8x40-baja-presion\/","title":{"rendered":"MEMBRANA LG BW 400 ES 8&#8243;X40&#8243;, BAJA PRESION"},"content":{"rendered":"","protected":false},"excerpt":{"rendered":"<p>Las<strong> membranas de agua<\/strong> salobre de LG Chem NanoH2O\u2122 abaratan los costos del <strong>tratamiento de agua<\/strong> mediante la mejora de la eficiencia energ\u00e9tica y la productividad. \u00c9stas membranas nano compuestas de pel\u00edcula fina (TFN) est\u00e1n formadas por nano materiales benignos que han sido incorporados a la capa de poliamida.<\/p>\n<p>\u00c9sta tecnolog\u00eda patentada aumenta significativamente la permeabilidad de la membrana haci\u00e9ndola equiparable a las mejores en su clase en cuanto a rechazo de sales.<\/p>\n<p><a href=\"https:\/\/mabawater.com\/wp-content\/uploads\/2024\/05\/602062_1-1_compressed.pdf\">Ver ficha t\u00e9cnica<\/a><\/p>","protected":false},"featured_media":26852,"comment_status":"open","ping_status":"closed","template":"","meta":[],"product_brand":[],"product_cat":[145,154],"product_tag":[],"class_list":{"0":"post-26850","1":"product","2":"type-product","3":"status-publish","4":"has-post-thumbnail","6":"product_cat-tratamiento-de-agua","7":"product_cat-membranas-de-osmosis-inversa","9":"first","10":"instock","11":"shipping-taxable","12":"product-type-simple"},"yoast_head":"<!-- This site is optimized with the Yoast SEO plugin v26.6 - https:\/\/yoast.com\/wordpress\/plugins\/seo\/ -->\n<title>MEMBRANA LG BW 400 ES 8&quot;X40&quot;, BAJA PRESION - Maba Water<\/title>\n<meta name=\"description\" content=\"MEMBRANA LG BW 400 ES 8&quot;X40&quot;, BAJA PRESION. Las membranas de agua salobre de LG Chem NanoH2O\u2122 abaratan los costos del tratamiento de agua\" \/>\n<meta name=\"robots\" content=\"index, follow, max-snippet:-1, max-image-preview:large, max-video-preview:-1\" \/>\n<link rel=\"canonical\" href=\"https:\/\/mabawater.com\/en\/product\/membrana-lg-bw-400-es-8x40-baja-presion\/\" \/>\n<meta property=\"og:locale\" content=\"en_US\" \/>\n<meta property=\"og:type\" content=\"article\" \/>\n<meta property=\"og:title\" content=\"MEMBRANA LG BW 400 ES 8&quot;X40&quot;, BAJA PRESION - Maba Water\" \/>\n<meta property=\"og:description\" content=\"MEMBRANA LG BW 400 ES 8&quot;X40&quot;, BAJA PRESION. Las membranas de agua salobre de LG Chem NanoH2O\u2122 abaratan los costos del tratamiento de agua\" \/>\n<meta property=\"og:url\" content=\"https:\/\/mabawater.com\/en\/product\/membrana-lg-bw-400-es-8x40-baja-presion\/\" \/>\n<meta property=\"og:site_name\" content=\"Maba Water\" \/>\n<meta property=\"article:publisher\" content=\"https:\/\/www.facebook.com\/mabawater\/\" \/>\n<meta property=\"article:modified_time\" content=\"2024-10-13T19:01:46+00:00\" \/>\n<meta property=\"og:image\" content=\"https:\/\/mabawater.com\/wp-content\/uploads\/2024\/05\/membrana-lg-bw-400.png\" \/>\n\t<meta property=\"og:image:width\" content=\"940\" \/>\n\t<meta property=\"og:image:height\" content=\"788\" \/>\n\t<meta property=\"og:image:type\" content=\"image\/png\" \/>\n<meta name=\"twitter:card\" content=\"summary_large_image\" \/>\n<!-- \/ Yoast SEO plugin. -->","yoast_head_json":{"title":"MEMBRANA LG BW 400 ES 8\"X40\", BAJA PRESION - Maba Water","description":"MEMBRANA LG BW 400 ES 8\"X40\", BAJA PRESION. Las membranas de agua salobre de LG Chem NanoH2O\u2122 abaratan los costos del tratamiento de agua","robots":{"index":"index","follow":"follow","max-snippet":"max-snippet:-1","max-image-preview":"max-image-preview:large","max-video-preview":"max-video-preview:-1"},"canonical":"https:\/\/mabawater.com\/en\/product\/membrana-lg-bw-400-es-8x40-baja-presion\/","og_locale":"en_US","og_type":"article","og_title":"MEMBRANA LG BW 400 ES 8\"X40\", BAJA PRESION - Maba Water","og_description":"MEMBRANA LG BW 400 ES 8\"X40\", BAJA PRESION. Las membranas de agua salobre de LG Chem NanoH2O\u2122 abaratan los costos del tratamiento de agua","og_url":"https:\/\/mabawater.com\/en\/product\/membrana-lg-bw-400-es-8x40-baja-presion\/","og_site_name":"Maba Water","article_publisher":"https:\/\/www.facebook.com\/mabawater\/","article_modified_time":"2024-10-13T19:01:46+00:00","og_image":[{"width":940,"height":788,"url":"https:\/\/mabawater.com\/wp-content\/uploads\/2024\/05\/membrana-lg-bw-400.png","type":"image\/png"}],"twitter_card":"summary_large_image","schema":{"@context":"https:\/\/schema.org","@graph":[{"@type":"WebPage","@id":"https:\/\/mabawater.com\/producto\/membrana-lg-bw-400-es-8x40-baja-presion\/","url":"https:\/\/mabawater.com\/producto\/membrana-lg-bw-400-es-8x40-baja-presion\/","name":"MEMBRANA LG BW 400 ES 8\"X40\", BAJA PRESION - Maba Water","isPartOf":{"@id":"https:\/\/mabawater.com\/#website"},"primaryImageOfPage":{"@id":"https:\/\/mabawater.com\/producto\/membrana-lg-bw-400-es-8x40-baja-presion\/#primaryimage"},"image":{"@id":"https:\/\/mabawater.com\/producto\/membrana-lg-bw-400-es-8x40-baja-presion\/#primaryimage"},"thumbnailUrl":"https:\/\/mabawater.com\/wp-content\/uploads\/2024\/05\/membrana-lg-bw-400.png","datePublished":"2024-05-20T20:04:58+00:00","dateModified":"2024-10-13T19:01:46+00:00","description":"MEMBRANA LG BW 400 ES 8\"X40\", BAJA PRESION. Las membranas de agua salobre de LG Chem NanoH2O\u2122 abaratan los costos del tratamiento de agua","breadcrumb":{"@id":"https:\/\/mabawater.com\/producto\/membrana-lg-bw-400-es-8x40-baja-presion\/#breadcrumb"},"inLanguage":"en-US","potentialAction":[{"@type":"ReadAction","target":["https:\/\/mabawater.com\/producto\/membrana-lg-bw-400-es-8x40-baja-presion\/"]}]},{"@type":"ImageObject","inLanguage":"en-US","@id":"https:\/\/mabawater.com\/producto\/membrana-lg-bw-400-es-8x40-baja-presion\/#primaryimage","url":"https:\/\/mabawater.com\/wp-content\/uploads\/2024\/05\/membrana-lg-bw-400.png","contentUrl":"https:\/\/mabawater.com\/wp-content\/uploads\/2024\/05\/membrana-lg-bw-400.png","width":940,"height":788},{"@type":"BreadcrumbList","@id":"https:\/\/mabawater.com\/producto\/membrana-lg-bw-400-es-8x40-baja-presion\/#breadcrumb","itemListElement":[{"@type":"ListItem","position":1,"name":"Portada","item":"https:\/\/mabawater.com\/"},{"@type":"ListItem","position":2,"name":"Productos Para La Calidad Del Agua","item":"https:\/\/mabawater.com\/productos-para-la-calidad-del-agua\/"},{"@type":"ListItem","position":3,"name":"MEMBRANA LG BW 400 ES 8&#8243;X40&#8243;, BAJA PRESION"}]},{"@type":"WebSite","@id":"https:\/\/mabawater.com\/#website","url":"https:\/\/mabawater.com\/","name":"Maba Water","description":"Soluciones Hidr\u00e1ulicas Sustentables","publisher":{"@id":"https:\/\/mabawater.com\/#organization"},"potentialAction":[{"@type":"SearchAction","target":{"@type":"EntryPoint","urlTemplate":"https:\/\/mabawater.com\/?s={search_term_string}"},"query-input":{"@type":"PropertyValueSpecification","valueRequired":true,"valueName":"search_term_string"}}],"inLanguage":"en-US"},{"@type":"Organization","@id":"https:\/\/mabawater.com\/#organization","name":"Maba Water","url":"https:\/\/mabawater.com\/","logo":{"@type":"ImageObject","inLanguage":"en-US","@id":"https:\/\/mabawater.com\/#\/schema\/logo\/image\/","url":"https:\/\/mabawater.com\/wp-content\/uploads\/2021\/09\/water-icon.png","contentUrl":"https:\/\/mabawater.com\/wp-content\/uploads\/2021\/09\/water-icon.png","width":410,"height":176,"caption":"Maba Water"},"image":{"@id":"https:\/\/mabawater.com\/#\/schema\/logo\/image\/"},"sameAs":["https:\/\/www.facebook.com\/mabawater\/","https:\/\/www.instagram.com\/mabawater\/?hl=es-la"]}]}},"_links":{"self":[{"href":"https:\/\/mabawater.com\/en\/wp-json\/wp\/v2\/product\/26850","targetHints":{"allow":["GET"]}}],"collection":[{"href":"https:\/\/mabawater.com\/en\/wp-json\/wp\/v2\/product"}],"about":[{"href":"https:\/\/mabawater.com\/en\/wp-json\/wp\/v2\/types\/product"}],"replies":[{"embeddable":true,"href":"https:\/\/mabawater.com\/en\/wp-json\/wp\/v2\/comments?post=26850"}],"version-history":[{"count":1,"href":"https:\/\/mabawater.com\/en\/wp-json\/wp\/v2\/product\/26850\/revisions"}],"predecessor-version":[{"id":26853,"href":"https:\/\/mabawater.com\/en\/wp-json\/wp\/v2\/product\/26850\/revisions\/26853"}],"wp:featuredmedia":[{"embeddable":true,"href":"https:\/\/mabawater.com\/en\/wp-json\/wp\/v2\/media\/26852"}],"wp:attachment":[{"href":"https:\/\/mabawater.com\/en\/wp-json\/wp\/v2\/media?parent=26850"}],"wp:term":[{"taxonomy":"product_brand","embeddable":true,"href":"https:\/\/mabawater.com\/en\/wp-json\/wp\/v2\/product_brand?post=26850"},{"taxonomy":"product_cat","embeddable":true,"href":"https:\/\/mabawater.com\/en\/wp-json\/wp\/v2\/product_cat?post=26850"},{"taxonomy":"product_tag","embeddable":true,"href":"https:\/\/mabawater.com\/en\/wp-json\/wp\/v2\/product_tag?post=26850"}],"curies":[{"name":"wp","href":"https:\/\/api.w.org\/{rel}","templated":true}]}}