{"id":26856,"date":"2024-05-20T20:12:54","date_gmt":"2024-05-20T20:12:54","guid":{"rendered":"https:\/\/mabawater.com\/?post_type=product&#038;p=26856"},"modified":"2026-03-09T23:17:22","modified_gmt":"2026-03-09T23:17:22","slug":"membrana-merlin","status":"publish","type":"product","link":"https:\/\/mabawater.com\/en\/product\/membrana-merlin\/","title":{"rendered":"MEMBRANA MERLIN"},"content":{"rendered":"","protected":false},"excerpt":{"rendered":"<p>La <strong data-start=\"154\" data-end=\"194\">Membrana Merlin para \u00f3smosis inversa<\/strong> es un elemento de filtraci\u00f3n de alto rendimiento dise\u00f1ado para sistemas <strong data-start=\"267\" data-end=\"284\">Merlin PRF-RO<\/strong>, utilizados en aplicaciones residenciales y comerciales que requieren agua purificada de forma continua.<\/p>\n<p>Esta membrana permite <strong>eliminar sales minerales, contaminantes qu\u00edmicos y s\u00f3lidos disueltos<\/strong> presentes <strong>en el agua<\/strong>, produciendo agua de alta calidad para consumo o procesos especializados.<\/p>\n<ul>\n<li><span data-sheets-root=\"1\" data-sheets-value=\"{&quot;1&quot;:2,&quot;2&quot;:&quot;MEMBRANA MERLIN&quot;}\" data-sheets-userformat=\"{&quot;2&quot;:14337,&quot;3&quot;:{&quot;1&quot;:0,&quot;3&quot;:1},&quot;14&quot;:{&quot;1&quot;:2,&quot;2&quot;:353217},&quot;15&quot;:&quot;Calibri&quot;,&quot;16&quot;:12}\" data-sheets-hyperlink=\"https:\/\/www.novemweb.com\/tratamiento-de-agua\/consumibles\/membranas\/membrana-merlin.html\">MEMBRANA MERLIN<\/span><\/li>\n<li><strong>Tratamiento de agua<\/strong><\/li>\n<li>\u00d3smosis inversa<\/li>\n<\/ul>","protected":false},"featured_media":26857,"comment_status":"open","ping_status":"closed","template":"","meta":[],"product_brand":[],"product_cat":[145,154],"product_tag":[],"class_list":{"0":"post-26856","1":"product","2":"type-product","3":"status-publish","4":"has-post-thumbnail","6":"product_cat-tratamiento-de-agua","7":"product_cat-membranas-de-osmosis-inversa","9":"first","10":"instock","11":"shipping-taxable","12":"product-type-simple"},"yoast_head":"<!-- This site is optimized with the Yoast SEO plugin v26.6 - https:\/\/yoast.com\/wordpress\/plugins\/seo\/ -->\n<title>MEMBRANA MERLIN - Maba Water<\/title>\n<meta name=\"description\" content=\"La Membrana Merlin para \u00f3smosis inversa es un elemento de filtraci\u00f3n de alto rendimiento dise\u00f1ado para sistemas Merlin PRF-RO\" \/>\n<meta name=\"robots\" content=\"index, follow, max-snippet:-1, max-image-preview:large, max-video-preview:-1\" \/>\n<link rel=\"canonical\" href=\"https:\/\/mabawater.com\/en\/product\/membrana-merlin\/\" \/>\n<meta property=\"og:locale\" content=\"en_US\" \/>\n<meta property=\"og:type\" content=\"article\" \/>\n<meta property=\"og:title\" content=\"MEMBRANA MERLIN - Maba Water\" \/>\n<meta property=\"og:description\" content=\"La Membrana Merlin para \u00f3smosis inversa es un elemento de filtraci\u00f3n de alto rendimiento dise\u00f1ado para sistemas Merlin PRF-RO\" \/>\n<meta property=\"og:url\" content=\"https:\/\/mabawater.com\/en\/product\/membrana-merlin\/\" \/>\n<meta property=\"og:site_name\" content=\"Maba Water\" \/>\n<meta property=\"article:publisher\" content=\"https:\/\/www.facebook.com\/mabawater\/\" \/>\n<meta property=\"article:modified_time\" content=\"2026-03-09T23:17:22+00:00\" \/>\n<meta property=\"og:image\" content=\"https:\/\/mabawater.com\/wp-content\/uploads\/2024\/05\/membrana-merlin.png\" \/>\n\t<meta property=\"og:image:width\" content=\"940\" \/>\n\t<meta property=\"og:image:height\" content=\"788\" \/>\n\t<meta property=\"og:image:type\" content=\"image\/png\" \/>\n<meta name=\"twitter:card\" content=\"summary_large_image\" \/>\n<!-- \/ Yoast SEO plugin. -->","yoast_head_json":{"title":"MEMBRANA MERLIN - Maba Water","description":"La Membrana Merlin para \u00f3smosis inversa es un elemento de filtraci\u00f3n de alto rendimiento dise\u00f1ado para sistemas Merlin PRF-RO","robots":{"index":"index","follow":"follow","max-snippet":"max-snippet:-1","max-image-preview":"max-image-preview:large","max-video-preview":"max-video-preview:-1"},"canonical":"https:\/\/mabawater.com\/en\/product\/membrana-merlin\/","og_locale":"en_US","og_type":"article","og_title":"MEMBRANA MERLIN - Maba Water","og_description":"La Membrana Merlin para \u00f3smosis inversa es un elemento de filtraci\u00f3n de alto rendimiento dise\u00f1ado para sistemas Merlin PRF-RO","og_url":"https:\/\/mabawater.com\/en\/product\/membrana-merlin\/","og_site_name":"Maba Water","article_publisher":"https:\/\/www.facebook.com\/mabawater\/","article_modified_time":"2026-03-09T23:17:22+00:00","og_image":[{"width":940,"height":788,"url":"https:\/\/mabawater.com\/wp-content\/uploads\/2024\/05\/membrana-merlin.png","type":"image\/png"}],"twitter_card":"summary_large_image","schema":{"@context":"https:\/\/schema.org","@graph":[{"@type":"WebPage","@id":"https:\/\/mabawater.com\/producto\/membrana-merlin\/","url":"https:\/\/mabawater.com\/producto\/membrana-merlin\/","name":"MEMBRANA MERLIN - Maba Water","isPartOf":{"@id":"https:\/\/mabawater.com\/#website"},"primaryImageOfPage":{"@id":"https:\/\/mabawater.com\/producto\/membrana-merlin\/#primaryimage"},"image":{"@id":"https:\/\/mabawater.com\/producto\/membrana-merlin\/#primaryimage"},"thumbnailUrl":"https:\/\/mabawater.com\/wp-content\/uploads\/2024\/05\/membrana-merlin.png","datePublished":"2024-05-20T20:12:54+00:00","dateModified":"2026-03-09T23:17:22+00:00","description":"La Membrana Merlin para \u00f3smosis inversa es un elemento de filtraci\u00f3n de alto rendimiento dise\u00f1ado para sistemas Merlin PRF-RO","breadcrumb":{"@id":"https:\/\/mabawater.com\/producto\/membrana-merlin\/#breadcrumb"},"inLanguage":"en-US","potentialAction":[{"@type":"ReadAction","target":["https:\/\/mabawater.com\/producto\/membrana-merlin\/"]}]},{"@type":"ImageObject","inLanguage":"en-US","@id":"https:\/\/mabawater.com\/producto\/membrana-merlin\/#primaryimage","url":"https:\/\/mabawater.com\/wp-content\/uploads\/2024\/05\/membrana-merlin.png","contentUrl":"https:\/\/mabawater.com\/wp-content\/uploads\/2024\/05\/membrana-merlin.png","width":940,"height":788},{"@type":"BreadcrumbList","@id":"https:\/\/mabawater.com\/producto\/membrana-merlin\/#breadcrumb","itemListElement":[{"@type":"ListItem","position":1,"name":"Portada","item":"https:\/\/mabawater.com\/"},{"@type":"ListItem","position":2,"name":"Productos Para La Calidad Del Agua","item":"https:\/\/mabawater.com\/productos-para-la-calidad-del-agua\/"},{"@type":"ListItem","position":3,"name":"MEMBRANA MERLIN"}]},{"@type":"WebSite","@id":"https:\/\/mabawater.com\/#website","url":"https:\/\/mabawater.com\/","name":"Maba Water","description":"Soluciones Hidr\u00e1ulicas Sustentables","publisher":{"@id":"https:\/\/mabawater.com\/#organization"},"potentialAction":[{"@type":"SearchAction","target":{"@type":"EntryPoint","urlTemplate":"https:\/\/mabawater.com\/?s={search_term_string}"},"query-input":{"@type":"PropertyValueSpecification","valueRequired":true,"valueName":"search_term_string"}}],"inLanguage":"en-US"},{"@type":"Organization","@id":"https:\/\/mabawater.com\/#organization","name":"Maba Water","url":"https:\/\/mabawater.com\/","logo":{"@type":"ImageObject","inLanguage":"en-US","@id":"https:\/\/mabawater.com\/#\/schema\/logo\/image\/","url":"https:\/\/mabawater.com\/wp-content\/uploads\/2021\/09\/water-icon.png","contentUrl":"https:\/\/mabawater.com\/wp-content\/uploads\/2021\/09\/water-icon.png","width":410,"height":176,"caption":"Maba Water"},"image":{"@id":"https:\/\/mabawater.com\/#\/schema\/logo\/image\/"},"sameAs":["https:\/\/www.facebook.com\/mabawater\/","https:\/\/www.instagram.com\/mabawater\/?hl=es-la"]}]}},"_links":{"self":[{"href":"https:\/\/mabawater.com\/en\/wp-json\/wp\/v2\/product\/26856","targetHints":{"allow":["GET"]}}],"collection":[{"href":"https:\/\/mabawater.com\/en\/wp-json\/wp\/v2\/product"}],"about":[{"href":"https:\/\/mabawater.com\/en\/wp-json\/wp\/v2\/types\/product"}],"replies":[{"embeddable":true,"href":"https:\/\/mabawater.com\/en\/wp-json\/wp\/v2\/comments?post=26856"}],"version-history":[{"count":2,"href":"https:\/\/mabawater.com\/en\/wp-json\/wp\/v2\/product\/26856\/revisions"}],"predecessor-version":[{"id":30304,"href":"https:\/\/mabawater.com\/en\/wp-json\/wp\/v2\/product\/26856\/revisions\/30304"}],"wp:featuredmedia":[{"embeddable":true,"href":"https:\/\/mabawater.com\/en\/wp-json\/wp\/v2\/media\/26857"}],"wp:attachment":[{"href":"https:\/\/mabawater.com\/en\/wp-json\/wp\/v2\/media?parent=26856"}],"wp:term":[{"taxonomy":"product_brand","embeddable":true,"href":"https:\/\/mabawater.com\/en\/wp-json\/wp\/v2\/product_brand?post=26856"},{"taxonomy":"product_cat","embeddable":true,"href":"https:\/\/mabawater.com\/en\/wp-json\/wp\/v2\/product_cat?post=26856"},{"taxonomy":"product_tag","embeddable":true,"href":"https:\/\/mabawater.com\/en\/wp-json\/wp\/v2\/product_tag?post=26856"}],"curies":[{"name":"wp","href":"https:\/\/api.w.org\/{rel}","templated":true}]}}