{"id":26860,"date":"2024-05-20T20:16:34","date_gmt":"2024-05-20T20:16:34","guid":{"rendered":"https:\/\/mabawater.com\/?post_type=product&#038;p=26860"},"modified":"2026-04-14T20:52:49","modified_gmt":"2026-04-14T20:52:49","slug":"membrana-ru-4040-baja-presion","status":"publish","type":"product","link":"https:\/\/mabawater.com\/en\/product\/membrana-ru-4040-baja-presion\/","title":{"rendered":"MEMBRANA RU-4040 BAJA PRESION"},"content":{"rendered":"","protected":false},"excerpt":{"rendered":"<p>La <strong>membrana RU-4040<\/strong> de baja presi\u00f3n es una soluci\u00f3n eficiente para <strong>sistemas de \u00f3smosis inversa<\/strong> dise\u00f1ados para el <strong>tratamiento de agua salobre<\/strong>. Su tecnolog\u00eda permite operar con menor presi\u00f3n de alimentaci\u00f3n, lo que se traduce en un consumo energ\u00e9tico reducido sin comprometer el rendimiento.<\/p>\n<p data-start=\"1231\" data-end=\"1546\">Especialmente dise\u00f1ada para trabajar con agua de baja a media salinidad (menor a 3,000 ppm), siendo ampliamente utilizada en plantas purificadoras, sistemas de <strong>tratamiento de agua<\/strong> municipal, procesos industriales, calderas y la industria alimentaria.<\/p>\n<p data-start=\"1548\" data-end=\"1832\">","protected":false},"featured_media":26862,"comment_status":"open","ping_status":"closed","template":"","meta":[],"product_brand":[],"product_cat":[145,154],"product_tag":[],"class_list":{"0":"post-26860","1":"product","2":"type-product","3":"status-publish","4":"has-post-thumbnail","6":"product_cat-tratamiento-de-agua","7":"product_cat-membranas-de-osmosis-inversa","9":"first","10":"instock","11":"shipping-taxable","12":"product-type-simple"},"yoast_head":"<!-- This site is optimized with the Yoast SEO plugin v26.6 - https:\/\/yoast.com\/wordpress\/plugins\/seo\/ -->\n<title>MEMBRANA RU-4040 BAJA PRESION - Maba Water<\/title>\n<meta name=\"description\" content=\"Membrana RU-4040 de baja presi\u00f3n para sistemas de \u00f3smosis inversa. Alta productividad, excelente rechazo de sales y menor consumo energ\u00e9tico.\" \/>\n<meta name=\"robots\" content=\"index, follow, max-snippet:-1, max-image-preview:large, max-video-preview:-1\" \/>\n<link rel=\"canonical\" href=\"https:\/\/mabawater.com\/en\/product\/membrana-ru-4040-baja-presion\/\" \/>\n<meta property=\"og:locale\" content=\"en_US\" \/>\n<meta property=\"og:type\" content=\"article\" \/>\n<meta property=\"og:title\" content=\"MEMBRANA RU-4040 BAJA PRESION - Maba Water\" \/>\n<meta property=\"og:description\" content=\"Membrana RU-4040 de baja presi\u00f3n para sistemas de \u00f3smosis inversa. Alta productividad, excelente rechazo de sales y menor consumo energ\u00e9tico.\" \/>\n<meta property=\"og:url\" content=\"https:\/\/mabawater.com\/en\/product\/membrana-ru-4040-baja-presion\/\" \/>\n<meta property=\"og:site_name\" content=\"Maba Water\" \/>\n<meta property=\"article:publisher\" content=\"https:\/\/www.facebook.com\/mabawater\/\" \/>\n<meta property=\"article:modified_time\" content=\"2026-04-14T20:52:49+00:00\" \/>\n<meta property=\"og:image\" content=\"https:\/\/mabawater.com\/wp-content\/uploads\/2024\/05\/membrana-ru-4040.png\" \/>\n\t<meta property=\"og:image:width\" content=\"940\" \/>\n\t<meta property=\"og:image:height\" content=\"788\" \/>\n\t<meta property=\"og:image:type\" content=\"image\/png\" \/>\n<meta name=\"twitter:card\" content=\"summary_large_image\" \/>\n<!-- \/ Yoast SEO plugin. -->","yoast_head_json":{"title":"MEMBRANA RU-4040 BAJA PRESION - Maba Water","description":"Membrana RU-4040 de baja presi\u00f3n para sistemas de \u00f3smosis inversa. Alta productividad, excelente rechazo de sales y menor consumo energ\u00e9tico.","robots":{"index":"index","follow":"follow","max-snippet":"max-snippet:-1","max-image-preview":"max-image-preview:large","max-video-preview":"max-video-preview:-1"},"canonical":"https:\/\/mabawater.com\/en\/product\/membrana-ru-4040-baja-presion\/","og_locale":"en_US","og_type":"article","og_title":"MEMBRANA RU-4040 BAJA PRESION - Maba Water","og_description":"Membrana RU-4040 de baja presi\u00f3n para sistemas de \u00f3smosis inversa. Alta productividad, excelente rechazo de sales y menor consumo energ\u00e9tico.","og_url":"https:\/\/mabawater.com\/en\/product\/membrana-ru-4040-baja-presion\/","og_site_name":"Maba Water","article_publisher":"https:\/\/www.facebook.com\/mabawater\/","article_modified_time":"2026-04-14T20:52:49+00:00","og_image":[{"width":940,"height":788,"url":"https:\/\/mabawater.com\/wp-content\/uploads\/2024\/05\/membrana-ru-4040.png","type":"image\/png"}],"twitter_card":"summary_large_image","schema":{"@context":"https:\/\/schema.org","@graph":[{"@type":"WebPage","@id":"https:\/\/mabawater.com\/producto\/membrana-ru-4040-baja-presion\/","url":"https:\/\/mabawater.com\/producto\/membrana-ru-4040-baja-presion\/","name":"MEMBRANA RU-4040 BAJA PRESION - Maba Water","isPartOf":{"@id":"https:\/\/mabawater.com\/#website"},"primaryImageOfPage":{"@id":"https:\/\/mabawater.com\/producto\/membrana-ru-4040-baja-presion\/#primaryimage"},"image":{"@id":"https:\/\/mabawater.com\/producto\/membrana-ru-4040-baja-presion\/#primaryimage"},"thumbnailUrl":"https:\/\/mabawater.com\/wp-content\/uploads\/2024\/05\/membrana-ru-4040.png","datePublished":"2024-05-20T20:16:34+00:00","dateModified":"2026-04-14T20:52:49+00:00","description":"Membrana RU-4040 de baja presi\u00f3n para sistemas de \u00f3smosis inversa. Alta productividad, excelente rechazo de sales y menor consumo energ\u00e9tico.","breadcrumb":{"@id":"https:\/\/mabawater.com\/producto\/membrana-ru-4040-baja-presion\/#breadcrumb"},"inLanguage":"en-US","potentialAction":[{"@type":"ReadAction","target":["https:\/\/mabawater.com\/producto\/membrana-ru-4040-baja-presion\/"]}]},{"@type":"ImageObject","inLanguage":"en-US","@id":"https:\/\/mabawater.com\/producto\/membrana-ru-4040-baja-presion\/#primaryimage","url":"https:\/\/mabawater.com\/wp-content\/uploads\/2024\/05\/membrana-ru-4040.png","contentUrl":"https:\/\/mabawater.com\/wp-content\/uploads\/2024\/05\/membrana-ru-4040.png","width":940,"height":788},{"@type":"BreadcrumbList","@id":"https:\/\/mabawater.com\/producto\/membrana-ru-4040-baja-presion\/#breadcrumb","itemListElement":[{"@type":"ListItem","position":1,"name":"Portada","item":"https:\/\/mabawater.com\/"},{"@type":"ListItem","position":2,"name":"Productos Para La Calidad Del Agua","item":"https:\/\/mabawater.com\/productos-para-la-calidad-del-agua\/"},{"@type":"ListItem","position":3,"name":"MEMBRANA RU-4040 BAJA PRESION"}]},{"@type":"WebSite","@id":"https:\/\/mabawater.com\/#website","url":"https:\/\/mabawater.com\/","name":"Maba Water","description":"Soluciones Hidr\u00e1ulicas Sustentables","publisher":{"@id":"https:\/\/mabawater.com\/#organization"},"potentialAction":[{"@type":"SearchAction","target":{"@type":"EntryPoint","urlTemplate":"https:\/\/mabawater.com\/?s={search_term_string}"},"query-input":{"@type":"PropertyValueSpecification","valueRequired":true,"valueName":"search_term_string"}}],"inLanguage":"en-US"},{"@type":"Organization","@id":"https:\/\/mabawater.com\/#organization","name":"Maba Water","url":"https:\/\/mabawater.com\/","logo":{"@type":"ImageObject","inLanguage":"en-US","@id":"https:\/\/mabawater.com\/#\/schema\/logo\/image\/","url":"https:\/\/mabawater.com\/wp-content\/uploads\/2021\/09\/water-icon.png","contentUrl":"https:\/\/mabawater.com\/wp-content\/uploads\/2021\/09\/water-icon.png","width":410,"height":176,"caption":"Maba Water"},"image":{"@id":"https:\/\/mabawater.com\/#\/schema\/logo\/image\/"},"sameAs":["https:\/\/www.facebook.com\/mabawater\/","https:\/\/www.instagram.com\/mabawater\/?hl=es-la"]}]}},"_links":{"self":[{"href":"https:\/\/mabawater.com\/en\/wp-json\/wp\/v2\/product\/26860","targetHints":{"allow":["GET"]}}],"collection":[{"href":"https:\/\/mabawater.com\/en\/wp-json\/wp\/v2\/product"}],"about":[{"href":"https:\/\/mabawater.com\/en\/wp-json\/wp\/v2\/types\/product"}],"replies":[{"embeddable":true,"href":"https:\/\/mabawater.com\/en\/wp-json\/wp\/v2\/comments?post=26860"}],"version-history":[{"count":3,"href":"https:\/\/mabawater.com\/en\/wp-json\/wp\/v2\/product\/26860\/revisions"}],"predecessor-version":[{"id":30389,"href":"https:\/\/mabawater.com\/en\/wp-json\/wp\/v2\/product\/26860\/revisions\/30389"}],"wp:featuredmedia":[{"embeddable":true,"href":"https:\/\/mabawater.com\/en\/wp-json\/wp\/v2\/media\/26862"}],"wp:attachment":[{"href":"https:\/\/mabawater.com\/en\/wp-json\/wp\/v2\/media?parent=26860"}],"wp:term":[{"taxonomy":"product_brand","embeddable":true,"href":"https:\/\/mabawater.com\/en\/wp-json\/wp\/v2\/product_brand?post=26860"},{"taxonomy":"product_cat","embeddable":true,"href":"https:\/\/mabawater.com\/en\/wp-json\/wp\/v2\/product_cat?post=26860"},{"taxonomy":"product_tag","embeddable":true,"href":"https:\/\/mabawater.com\/en\/wp-json\/wp\/v2\/product_tag?post=26860"}],"curies":[{"name":"wp","href":"https:\/\/api.w.org\/{rel}","templated":true}]}}