{"id":26864,"date":"2024-05-20T20:20:59","date_gmt":"2024-05-20T20:20:59","guid":{"rendered":"https:\/\/mabawater.com\/?post_type=product&#038;p=26864"},"modified":"2024-05-20T20:27:09","modified_gmt":"2024-05-20T20:27:09","slug":"membrana-hydranautics-cpa3-8-x-40","status":"publish","type":"product","link":"https:\/\/mabawater.com\/en\/product\/membrana-hydranautics-cpa3-8-x-40\/","title":{"rendered":"MEMBRANA HYDRANAUTICS CPA3 8 X 40"},"content":{"rendered":"","protected":false},"excerpt":{"rendered":"<ul>\n<li>Configuraci\u00f3n: enrollado en espiral<\/li>\n<li>Pol\u00edmero de <strong>membrana<\/strong>: poliamida compuesta<\/li>\n<li>\u00c1rea activa de la membrana: 400 pies3 (37,1 m2)<\/li>\n<li><strong>Tratamiento de agua<\/strong><\/li>\n<li>\u00d3smosis inversa<\/li>\n<\/ul>\n<p><a href=\"https:\/\/mabawater.com\/wp-content\/uploads\/2024\/05\/602021_compressed.pdf\">Ver ficha t\u00e9cnica<\/a><\/p>","protected":false},"featured_media":26865,"comment_status":"open","ping_status":"closed","template":"","meta":[],"product_brand":[],"product_cat":[145,154],"product_tag":[],"class_list":{"0":"post-26864","1":"product","2":"type-product","3":"status-publish","4":"has-post-thumbnail","6":"product_cat-tratamiento-de-agua","7":"product_cat-membranas-de-osmosis-inversa","9":"first","10":"instock","11":"shipping-taxable","12":"product-type-simple"},"yoast_head":"<!-- This site is optimized with the Yoast SEO plugin v26.6 - https:\/\/yoast.com\/wordpress\/plugins\/seo\/ -->\n<title>MEMBRANA HYDRANAUTICS CPA3 8 X 40 - Maba Water<\/title>\n<meta name=\"description\" content=\"MEMBRANA HYDRANAUTICS CPA3 8 X 40. Tratamiento de agua. \u00d3smosis inversa. Configuraci\u00f3n: enrollado en espiral. Pol\u00edmero de membrana: poliamida compuesta\" \/>\n<meta name=\"robots\" content=\"index, follow, max-snippet:-1, max-image-preview:large, max-video-preview:-1\" \/>\n<link rel=\"canonical\" href=\"https:\/\/mabawater.com\/en\/product\/membrana-hydranautics-cpa3-8-x-40\/\" \/>\n<meta property=\"og:locale\" content=\"en_US\" \/>\n<meta property=\"og:type\" content=\"article\" \/>\n<meta property=\"og:title\" content=\"MEMBRANA HYDRANAUTICS CPA3 8 X 40 - Maba Water\" \/>\n<meta property=\"og:description\" content=\"MEMBRANA HYDRANAUTICS CPA3 8 X 40. Tratamiento de agua. \u00d3smosis inversa. Configuraci\u00f3n: enrollado en espiral. Pol\u00edmero de membrana: poliamida compuesta\" \/>\n<meta property=\"og:url\" content=\"https:\/\/mabawater.com\/en\/product\/membrana-hydranautics-cpa3-8-x-40\/\" \/>\n<meta property=\"og:site_name\" content=\"Maba Water\" \/>\n<meta property=\"article:publisher\" content=\"https:\/\/www.facebook.com\/mabawater\/\" \/>\n<meta property=\"article:modified_time\" content=\"2024-05-20T20:27:09+00:00\" \/>\n<meta property=\"og:image\" content=\"https:\/\/mabawater.com\/wp-content\/uploads\/2024\/05\/membrana-hydranautics.png\" \/>\n\t<meta property=\"og:image:width\" content=\"940\" \/>\n\t<meta property=\"og:image:height\" content=\"788\" \/>\n\t<meta property=\"og:image:type\" content=\"image\/png\" \/>\n<meta name=\"twitter:card\" content=\"summary_large_image\" \/>\n<!-- \/ Yoast SEO plugin. -->","yoast_head_json":{"title":"MEMBRANA HYDRANAUTICS CPA3 8 X 40 - Maba Water","description":"MEMBRANA HYDRANAUTICS CPA3 8 X 40. Tratamiento de agua. \u00d3smosis inversa. Configuraci\u00f3n: enrollado en espiral. Pol\u00edmero de membrana: poliamida compuesta","robots":{"index":"index","follow":"follow","max-snippet":"max-snippet:-1","max-image-preview":"max-image-preview:large","max-video-preview":"max-video-preview:-1"},"canonical":"https:\/\/mabawater.com\/en\/product\/membrana-hydranautics-cpa3-8-x-40\/","og_locale":"en_US","og_type":"article","og_title":"MEMBRANA HYDRANAUTICS CPA3 8 X 40 - Maba Water","og_description":"MEMBRANA HYDRANAUTICS CPA3 8 X 40. Tratamiento de agua. \u00d3smosis inversa. Configuraci\u00f3n: enrollado en espiral. Pol\u00edmero de membrana: poliamida compuesta","og_url":"https:\/\/mabawater.com\/en\/product\/membrana-hydranautics-cpa3-8-x-40\/","og_site_name":"Maba Water","article_publisher":"https:\/\/www.facebook.com\/mabawater\/","article_modified_time":"2024-05-20T20:27:09+00:00","og_image":[{"width":940,"height":788,"url":"https:\/\/mabawater.com\/wp-content\/uploads\/2024\/05\/membrana-hydranautics.png","type":"image\/png"}],"twitter_card":"summary_large_image","schema":{"@context":"https:\/\/schema.org","@graph":[{"@type":"WebPage","@id":"https:\/\/mabawater.com\/producto\/membrana-hydranautics-cpa3-8-x-40\/","url":"https:\/\/mabawater.com\/producto\/membrana-hydranautics-cpa3-8-x-40\/","name":"MEMBRANA HYDRANAUTICS CPA3 8 X 40 - Maba Water","isPartOf":{"@id":"https:\/\/mabawater.com\/#website"},"primaryImageOfPage":{"@id":"https:\/\/mabawater.com\/producto\/membrana-hydranautics-cpa3-8-x-40\/#primaryimage"},"image":{"@id":"https:\/\/mabawater.com\/producto\/membrana-hydranautics-cpa3-8-x-40\/#primaryimage"},"thumbnailUrl":"https:\/\/mabawater.com\/wp-content\/uploads\/2024\/05\/membrana-hydranautics.png","datePublished":"2024-05-20T20:20:59+00:00","dateModified":"2024-05-20T20:27:09+00:00","description":"MEMBRANA HYDRANAUTICS CPA3 8 X 40. Tratamiento de agua. \u00d3smosis inversa. Configuraci\u00f3n: enrollado en espiral. Pol\u00edmero de membrana: poliamida compuesta","breadcrumb":{"@id":"https:\/\/mabawater.com\/producto\/membrana-hydranautics-cpa3-8-x-40\/#breadcrumb"},"inLanguage":"en-US","potentialAction":[{"@type":"ReadAction","target":["https:\/\/mabawater.com\/producto\/membrana-hydranautics-cpa3-8-x-40\/"]}]},{"@type":"ImageObject","inLanguage":"en-US","@id":"https:\/\/mabawater.com\/producto\/membrana-hydranautics-cpa3-8-x-40\/#primaryimage","url":"https:\/\/mabawater.com\/wp-content\/uploads\/2024\/05\/membrana-hydranautics.png","contentUrl":"https:\/\/mabawater.com\/wp-content\/uploads\/2024\/05\/membrana-hydranautics.png","width":940,"height":788},{"@type":"BreadcrumbList","@id":"https:\/\/mabawater.com\/producto\/membrana-hydranautics-cpa3-8-x-40\/#breadcrumb","itemListElement":[{"@type":"ListItem","position":1,"name":"Portada","item":"https:\/\/mabawater.com\/"},{"@type":"ListItem","position":2,"name":"Productos Para La Calidad Del Agua","item":"https:\/\/mabawater.com\/productos-para-la-calidad-del-agua\/"},{"@type":"ListItem","position":3,"name":"MEMBRANA HYDRANAUTICS CPA3 8 X 40"}]},{"@type":"WebSite","@id":"https:\/\/mabawater.com\/#website","url":"https:\/\/mabawater.com\/","name":"Maba Water","description":"Soluciones Hidr\u00e1ulicas Sustentables","publisher":{"@id":"https:\/\/mabawater.com\/#organization"},"potentialAction":[{"@type":"SearchAction","target":{"@type":"EntryPoint","urlTemplate":"https:\/\/mabawater.com\/?s={search_term_string}"},"query-input":{"@type":"PropertyValueSpecification","valueRequired":true,"valueName":"search_term_string"}}],"inLanguage":"en-US"},{"@type":"Organization","@id":"https:\/\/mabawater.com\/#organization","name":"Maba Water","url":"https:\/\/mabawater.com\/","logo":{"@type":"ImageObject","inLanguage":"en-US","@id":"https:\/\/mabawater.com\/#\/schema\/logo\/image\/","url":"https:\/\/mabawater.com\/wp-content\/uploads\/2021\/09\/water-icon.png","contentUrl":"https:\/\/mabawater.com\/wp-content\/uploads\/2021\/09\/water-icon.png","width":410,"height":176,"caption":"Maba Water"},"image":{"@id":"https:\/\/mabawater.com\/#\/schema\/logo\/image\/"},"sameAs":["https:\/\/www.facebook.com\/mabawater\/","https:\/\/www.instagram.com\/mabawater\/?hl=es-la"]}]}},"_links":{"self":[{"href":"https:\/\/mabawater.com\/en\/wp-json\/wp\/v2\/product\/26864","targetHints":{"allow":["GET"]}}],"collection":[{"href":"https:\/\/mabawater.com\/en\/wp-json\/wp\/v2\/product"}],"about":[{"href":"https:\/\/mabawater.com\/en\/wp-json\/wp\/v2\/types\/product"}],"replies":[{"embeddable":true,"href":"https:\/\/mabawater.com\/en\/wp-json\/wp\/v2\/comments?post=26864"}],"version-history":[{"count":1,"href":"https:\/\/mabawater.com\/en\/wp-json\/wp\/v2\/product\/26864\/revisions"}],"predecessor-version":[{"id":26867,"href":"https:\/\/mabawater.com\/en\/wp-json\/wp\/v2\/product\/26864\/revisions\/26867"}],"wp:featuredmedia":[{"embeddable":true,"href":"https:\/\/mabawater.com\/en\/wp-json\/wp\/v2\/media\/26865"}],"wp:attachment":[{"href":"https:\/\/mabawater.com\/en\/wp-json\/wp\/v2\/media?parent=26864"}],"wp:term":[{"taxonomy":"product_brand","embeddable":true,"href":"https:\/\/mabawater.com\/en\/wp-json\/wp\/v2\/product_brand?post=26864"},{"taxonomy":"product_cat","embeddable":true,"href":"https:\/\/mabawater.com\/en\/wp-json\/wp\/v2\/product_cat?post=26864"},{"taxonomy":"product_tag","embeddable":true,"href":"https:\/\/mabawater.com\/en\/wp-json\/wp\/v2\/product_tag?post=26864"}],"curies":[{"name":"wp","href":"https:\/\/api.w.org\/{rel}","templated":true}]}}