{"id":27010,"date":"2024-05-22T02:34:57","date_gmt":"2024-05-22T02:34:57","guid":{"rendered":"https:\/\/mabawater.com\/?post_type=product&#038;p=27010"},"modified":"2024-05-22T02:36:27","modified_gmt":"2024-05-22T02:36:27","slug":"filtro-bajo-tarja-3-etapas-pp-cto-uv","status":"publish","type":"product","link":"https:\/\/mabawater.com\/en\/product\/filtro-bajo-tarja-3-etapas-pp-cto-uv\/","title":{"rendered":"FILTRO BAJO TARJA 3 ETAPAS, PP, CTO, UV"},"content":{"rendered":"","protected":false},"excerpt":{"rendered":"<p>\u00c9ste equipo cuenta con un cartucho carb\u00f3n block que reduce elementos org\u00e1nicos, cloro, olor, brind\u00e1ndole un mejor sabor al agua, adem\u00e1s agrega un cartucho de sedimentos que reduce part\u00edculas suspendidas lo que le da la seguridad de estar consumiendo agua puri\ufb01cada.<\/p>\n<p><a href=\"https:\/\/mabawater.com\/wp-content\/uploads\/2024\/05\/607659.pdf\">Descarga Ficha T\u00e9cnica<\/a><\/p>","protected":false},"featured_media":27008,"comment_status":"open","ping_status":"closed","template":"","meta":[],"product_brand":[],"product_cat":[145,107],"product_tag":[],"class_list":{"0":"post-27010","1":"product","2":"type-product","3":"status-publish","4":"has-post-thumbnail","6":"product_cat-tratamiento-de-agua","7":"product_cat-purificadores-residenciales","9":"first","10":"instock","11":"shipping-taxable","12":"product-type-simple"},"yoast_head":"<!-- This site is optimized with the Yoast SEO plugin v26.6 - https:\/\/yoast.com\/wordpress\/plugins\/seo\/ -->\n<title>FILTRO BAJO TARJA 3 ETAPAS, PP, CTO, UV - Maba Water<\/title>\n<meta name=\"description\" content=\"\u00c9ste equipo cuenta con un cartucho carb\u00f3n block que reduce elementos org\u00e1nicos, cloro, olor, brind\u00e1ndole un mejor sabor al agua.\" \/>\n<meta name=\"robots\" content=\"index, follow, max-snippet:-1, max-image-preview:large, max-video-preview:-1\" \/>\n<link rel=\"canonical\" href=\"https:\/\/mabawater.com\/en\/product\/filtro-bajo-tarja-3-etapas-pp-cto-uv\/\" \/>\n<meta property=\"og:locale\" content=\"en_US\" \/>\n<meta property=\"og:type\" content=\"article\" \/>\n<meta property=\"og:title\" content=\"FILTRO BAJO TARJA 3 ETAPAS, PP, CTO, UV - Maba Water\" \/>\n<meta property=\"og:description\" content=\"\u00c9ste equipo cuenta con un cartucho carb\u00f3n block que reduce elementos org\u00e1nicos, cloro, olor, brind\u00e1ndole un mejor sabor al agua.\" \/>\n<meta property=\"og:url\" content=\"https:\/\/mabawater.com\/en\/product\/filtro-bajo-tarja-3-etapas-pp-cto-uv\/\" \/>\n<meta property=\"og:site_name\" content=\"Maba Water\" \/>\n<meta property=\"article:publisher\" content=\"https:\/\/www.facebook.com\/mabawater\/\" \/>\n<meta property=\"article:modified_time\" content=\"2024-05-22T02:36:27+00:00\" \/>\n<meta property=\"og:image\" content=\"https:\/\/mabawater.com\/wp-content\/uploads\/2024\/05\/filtro-bajo-tarja.png\" \/>\n\t<meta property=\"og:image:width\" content=\"940\" \/>\n\t<meta property=\"og:image:height\" content=\"788\" \/>\n\t<meta property=\"og:image:type\" content=\"image\/png\" \/>\n<meta name=\"twitter:card\" content=\"summary_large_image\" \/>\n<!-- \/ Yoast SEO plugin. -->","yoast_head_json":{"title":"FILTRO BAJO TARJA 3 ETAPAS, PP, CTO, UV - Maba Water","description":"\u00c9ste equipo cuenta con un cartucho carb\u00f3n block que reduce elementos org\u00e1nicos, cloro, olor, brind\u00e1ndole un mejor sabor al agua.","robots":{"index":"index","follow":"follow","max-snippet":"max-snippet:-1","max-image-preview":"max-image-preview:large","max-video-preview":"max-video-preview:-1"},"canonical":"https:\/\/mabawater.com\/en\/product\/filtro-bajo-tarja-3-etapas-pp-cto-uv\/","og_locale":"en_US","og_type":"article","og_title":"FILTRO BAJO TARJA 3 ETAPAS, PP, CTO, UV - Maba Water","og_description":"\u00c9ste equipo cuenta con un cartucho carb\u00f3n block que reduce elementos org\u00e1nicos, cloro, olor, brind\u00e1ndole un mejor sabor al agua.","og_url":"https:\/\/mabawater.com\/en\/product\/filtro-bajo-tarja-3-etapas-pp-cto-uv\/","og_site_name":"Maba Water","article_publisher":"https:\/\/www.facebook.com\/mabawater\/","article_modified_time":"2024-05-22T02:36:27+00:00","og_image":[{"width":940,"height":788,"url":"https:\/\/mabawater.com\/wp-content\/uploads\/2024\/05\/filtro-bajo-tarja.png","type":"image\/png"}],"twitter_card":"summary_large_image","schema":{"@context":"https:\/\/schema.org","@graph":[{"@type":"WebPage","@id":"https:\/\/mabawater.com\/producto\/filtro-bajo-tarja-3-etapas-pp-cto-uv\/","url":"https:\/\/mabawater.com\/producto\/filtro-bajo-tarja-3-etapas-pp-cto-uv\/","name":"FILTRO BAJO TARJA 3 ETAPAS, PP, CTO, UV - Maba Water","isPartOf":{"@id":"https:\/\/mabawater.com\/#website"},"primaryImageOfPage":{"@id":"https:\/\/mabawater.com\/producto\/filtro-bajo-tarja-3-etapas-pp-cto-uv\/#primaryimage"},"image":{"@id":"https:\/\/mabawater.com\/producto\/filtro-bajo-tarja-3-etapas-pp-cto-uv\/#primaryimage"},"thumbnailUrl":"https:\/\/mabawater.com\/wp-content\/uploads\/2024\/05\/filtro-bajo-tarja.png","datePublished":"2024-05-22T02:34:57+00:00","dateModified":"2024-05-22T02:36:27+00:00","description":"\u00c9ste equipo cuenta con un cartucho carb\u00f3n block que reduce elementos org\u00e1nicos, cloro, olor, brind\u00e1ndole un mejor sabor al agua.","breadcrumb":{"@id":"https:\/\/mabawater.com\/producto\/filtro-bajo-tarja-3-etapas-pp-cto-uv\/#breadcrumb"},"inLanguage":"en-US","potentialAction":[{"@type":"ReadAction","target":["https:\/\/mabawater.com\/producto\/filtro-bajo-tarja-3-etapas-pp-cto-uv\/"]}]},{"@type":"ImageObject","inLanguage":"en-US","@id":"https:\/\/mabawater.com\/producto\/filtro-bajo-tarja-3-etapas-pp-cto-uv\/#primaryimage","url":"https:\/\/mabawater.com\/wp-content\/uploads\/2024\/05\/filtro-bajo-tarja.png","contentUrl":"https:\/\/mabawater.com\/wp-content\/uploads\/2024\/05\/filtro-bajo-tarja.png","width":940,"height":788},{"@type":"BreadcrumbList","@id":"https:\/\/mabawater.com\/producto\/filtro-bajo-tarja-3-etapas-pp-cto-uv\/#breadcrumb","itemListElement":[{"@type":"ListItem","position":1,"name":"Portada","item":"https:\/\/mabawater.com\/"},{"@type":"ListItem","position":2,"name":"Productos Para La Calidad Del Agua","item":"https:\/\/mabawater.com\/productos-para-la-calidad-del-agua\/"},{"@type":"ListItem","position":3,"name":"FILTRO BAJO TARJA 3 ETAPAS, PP, CTO, UV"}]},{"@type":"WebSite","@id":"https:\/\/mabawater.com\/#website","url":"https:\/\/mabawater.com\/","name":"Maba Water","description":"Soluciones Hidr\u00e1ulicas Sustentables","publisher":{"@id":"https:\/\/mabawater.com\/#organization"},"potentialAction":[{"@type":"SearchAction","target":{"@type":"EntryPoint","urlTemplate":"https:\/\/mabawater.com\/?s={search_term_string}"},"query-input":{"@type":"PropertyValueSpecification","valueRequired":true,"valueName":"search_term_string"}}],"inLanguage":"en-US"},{"@type":"Organization","@id":"https:\/\/mabawater.com\/#organization","name":"Maba Water","url":"https:\/\/mabawater.com\/","logo":{"@type":"ImageObject","inLanguage":"en-US","@id":"https:\/\/mabawater.com\/#\/schema\/logo\/image\/","url":"https:\/\/mabawater.com\/wp-content\/uploads\/2021\/09\/water-icon.png","contentUrl":"https:\/\/mabawater.com\/wp-content\/uploads\/2021\/09\/water-icon.png","width":410,"height":176,"caption":"Maba Water"},"image":{"@id":"https:\/\/mabawater.com\/#\/schema\/logo\/image\/"},"sameAs":["https:\/\/www.facebook.com\/mabawater\/","https:\/\/www.instagram.com\/mabawater\/?hl=es-la"]}]}},"_links":{"self":[{"href":"https:\/\/mabawater.com\/en\/wp-json\/wp\/v2\/product\/27010","targetHints":{"allow":["GET"]}}],"collection":[{"href":"https:\/\/mabawater.com\/en\/wp-json\/wp\/v2\/product"}],"about":[{"href":"https:\/\/mabawater.com\/en\/wp-json\/wp\/v2\/types\/product"}],"replies":[{"embeddable":true,"href":"https:\/\/mabawater.com\/en\/wp-json\/wp\/v2\/comments?post=27010"}],"version-history":[{"count":1,"href":"https:\/\/mabawater.com\/en\/wp-json\/wp\/v2\/product\/27010\/revisions"}],"predecessor-version":[{"id":27011,"href":"https:\/\/mabawater.com\/en\/wp-json\/wp\/v2\/product\/27010\/revisions\/27011"}],"wp:featuredmedia":[{"embeddable":true,"href":"https:\/\/mabawater.com\/en\/wp-json\/wp\/v2\/media\/27008"}],"wp:attachment":[{"href":"https:\/\/mabawater.com\/en\/wp-json\/wp\/v2\/media?parent=27010"}],"wp:term":[{"taxonomy":"product_brand","embeddable":true,"href":"https:\/\/mabawater.com\/en\/wp-json\/wp\/v2\/product_brand?post=27010"},{"taxonomy":"product_cat","embeddable":true,"href":"https:\/\/mabawater.com\/en\/wp-json\/wp\/v2\/product_cat?post=27010"},{"taxonomy":"product_tag","embeddable":true,"href":"https:\/\/mabawater.com\/en\/wp-json\/wp\/v2\/product_tag?post=27010"}],"curies":[{"name":"wp","href":"https:\/\/api.w.org\/{rel}","templated":true}]}}