{"id":27067,"date":"2024-05-22T19:47:00","date_gmt":"2024-05-22T19:47:00","guid":{"rendered":"https:\/\/mabawater.com\/?post_type=product&#038;p=27067"},"modified":"2024-05-22T19:49:12","modified_gmt":"2024-05-22T19:49:12","slug":"valvula-104-manual-suavizador-2-con-nsf","status":"publish","type":"product","link":"https:\/\/mabawater.com\/en\/product\/valvula-104-manual-suavizador-2-con-nsf\/","title":{"rendered":"VALVULA 104 MANUAL SUAVIZADOR 2&#8243; CON NSF"},"content":{"rendered":"","protected":false},"excerpt":{"rendered":"<ul>\n<li><span data-sheets-root=\"1\" data-sheets-value=\"{&quot;1&quot;:2,&quot;2&quot;:&quot;VALVULA 104 MANUAL SUAVIZADOR 2\\&quot; CON NSF&quot;}\" data-sheets-userformat=\"{&quot;2&quot;:14337,&quot;3&quot;:{&quot;1&quot;:0,&quot;3&quot;:1},&quot;14&quot;:{&quot;1&quot;:2,&quot;2&quot;:353217},&quot;15&quot;:&quot;Calibri&quot;,&quot;16&quot;:12}\" data-sheets-hyperlink=\"https:\/\/www.novemweb.com\/tratamiento-de-agua\/line-height-75px\/valvula-104-manual-suavizador-2-con-nsf-610419.html\"><strong>VALVULA<\/strong> 104 MANUAL SUAVIZADOR <\/span><\/li>\n<li><span data-sheets-root=\"1\" data-sheets-value=\"{&quot;1&quot;:2,&quot;2&quot;:&quot;VALVULA 104 MANUAL SUAVIZADOR 2\\&quot; CON NSF&quot;}\" data-sheets-userformat=\"{&quot;2&quot;:14337,&quot;3&quot;:{&quot;1&quot;:0,&quot;3&quot;:1},&quot;14&quot;:{&quot;1&quot;:2,&quot;2&quot;:353217},&quot;15&quot;:&quot;Calibri&quot;,&quot;16&quot;:12}\" data-sheets-hyperlink=\"https:\/\/www.novemweb.com\/tratamiento-de-agua\/line-height-75px\/valvula-104-manual-suavizador-2-con-nsf-610419.html\">2&#8243; CON NSF<\/span><\/li>\n<li>V\u00e1lvulas autom\u00e1ticas para el <strong>tratamiento de agua<\/strong><\/li>\n<\/ul>","protected":false},"featured_media":27068,"comment_status":"open","ping_status":"closed","template":"","meta":[],"product_brand":[],"product_cat":[145,1280],"product_tag":[],"class_list":{"0":"post-27067","1":"product","2":"type-product","3":"status-publish","4":"has-post-thumbnail","6":"product_cat-tratamiento-de-agua","7":"product_cat-valvulas-automaticas-para-suavizacion-y-filtracion","9":"first","10":"instock","11":"shipping-taxable","12":"product-type-simple"},"yoast_head":"<!-- This site is optimized with the Yoast SEO plugin v26.6 - https:\/\/yoast.com\/wordpress\/plugins\/seo\/ -->\n<title>VALVULA 104 MANUAL SUAVIZADOR 2&quot; CON NSF - Maba Water<\/title>\n<meta name=\"description\" content=\"VALVULA 104 MANUAL SUAVIZADOR 2&quot; CON NSF. V\u00e1lvulas autom\u00e1ticas para el tratamiento de agua. Compra filtros, kits antisarro y mucho m\u00e1s aqu\u00ed\" \/>\n<meta name=\"robots\" content=\"index, follow, max-snippet:-1, max-image-preview:large, max-video-preview:-1\" \/>\n<link rel=\"canonical\" href=\"https:\/\/mabawater.com\/en\/product\/valvula-104-manual-suavizador-2-con-nsf\/\" \/>\n<meta property=\"og:locale\" content=\"en_US\" \/>\n<meta property=\"og:type\" content=\"article\" \/>\n<meta property=\"og:title\" content=\"VALVULA 104 MANUAL SUAVIZADOR 2&quot; CON NSF - Maba Water\" \/>\n<meta property=\"og:description\" content=\"VALVULA 104 MANUAL SUAVIZADOR 2&quot; CON NSF. V\u00e1lvulas autom\u00e1ticas para el tratamiento de agua. Compra filtros, kits antisarro y mucho m\u00e1s aqu\u00ed\" \/>\n<meta property=\"og:url\" content=\"https:\/\/mabawater.com\/en\/product\/valvula-104-manual-suavizador-2-con-nsf\/\" \/>\n<meta property=\"og:site_name\" content=\"Maba Water\" \/>\n<meta property=\"article:publisher\" content=\"https:\/\/www.facebook.com\/mabawater\/\" \/>\n<meta property=\"article:modified_time\" content=\"2024-05-22T19:49:12+00:00\" \/>\n<meta property=\"og:image\" content=\"https:\/\/mabawater.com\/wp-content\/uploads\/2024\/05\/Quotes-Daily-Facebook-Post-104-2.png\" \/>\n\t<meta property=\"og:image:width\" content=\"940\" \/>\n\t<meta property=\"og:image:height\" content=\"788\" \/>\n\t<meta property=\"og:image:type\" content=\"image\/png\" \/>\n<meta name=\"twitter:card\" content=\"summary_large_image\" \/>\n<!-- \/ Yoast SEO plugin. -->","yoast_head_json":{"title":"VALVULA 104 MANUAL SUAVIZADOR 2\" CON NSF - Maba Water","description":"VALVULA 104 MANUAL SUAVIZADOR 2\" CON NSF. V\u00e1lvulas autom\u00e1ticas para el tratamiento de agua. Compra filtros, kits antisarro y mucho m\u00e1s aqu\u00ed","robots":{"index":"index","follow":"follow","max-snippet":"max-snippet:-1","max-image-preview":"max-image-preview:large","max-video-preview":"max-video-preview:-1"},"canonical":"https:\/\/mabawater.com\/en\/product\/valvula-104-manual-suavizador-2-con-nsf\/","og_locale":"en_US","og_type":"article","og_title":"VALVULA 104 MANUAL SUAVIZADOR 2\" CON NSF - Maba Water","og_description":"VALVULA 104 MANUAL SUAVIZADOR 2\" CON NSF. V\u00e1lvulas autom\u00e1ticas para el tratamiento de agua. Compra filtros, kits antisarro y mucho m\u00e1s aqu\u00ed","og_url":"https:\/\/mabawater.com\/en\/product\/valvula-104-manual-suavizador-2-con-nsf\/","og_site_name":"Maba Water","article_publisher":"https:\/\/www.facebook.com\/mabawater\/","article_modified_time":"2024-05-22T19:49:12+00:00","og_image":[{"width":940,"height":788,"url":"https:\/\/mabawater.com\/wp-content\/uploads\/2024\/05\/Quotes-Daily-Facebook-Post-104-2.png","type":"image\/png"}],"twitter_card":"summary_large_image","schema":{"@context":"https:\/\/schema.org","@graph":[{"@type":"WebPage","@id":"https:\/\/mabawater.com\/producto\/valvula-104-manual-suavizador-2-con-nsf\/","url":"https:\/\/mabawater.com\/producto\/valvula-104-manual-suavizador-2-con-nsf\/","name":"VALVULA 104 MANUAL SUAVIZADOR 2\" CON NSF - Maba Water","isPartOf":{"@id":"https:\/\/mabawater.com\/#website"},"primaryImageOfPage":{"@id":"https:\/\/mabawater.com\/producto\/valvula-104-manual-suavizador-2-con-nsf\/#primaryimage"},"image":{"@id":"https:\/\/mabawater.com\/producto\/valvula-104-manual-suavizador-2-con-nsf\/#primaryimage"},"thumbnailUrl":"https:\/\/mabawater.com\/wp-content\/uploads\/2024\/05\/Quotes-Daily-Facebook-Post-104-2.png","datePublished":"2024-05-22T19:47:00+00:00","dateModified":"2024-05-22T19:49:12+00:00","description":"VALVULA 104 MANUAL SUAVIZADOR 2\" CON NSF. V\u00e1lvulas autom\u00e1ticas para el tratamiento de agua. Compra filtros, kits antisarro y mucho m\u00e1s aqu\u00ed","breadcrumb":{"@id":"https:\/\/mabawater.com\/producto\/valvula-104-manual-suavizador-2-con-nsf\/#breadcrumb"},"inLanguage":"en-US","potentialAction":[{"@type":"ReadAction","target":["https:\/\/mabawater.com\/producto\/valvula-104-manual-suavizador-2-con-nsf\/"]}]},{"@type":"ImageObject","inLanguage":"en-US","@id":"https:\/\/mabawater.com\/producto\/valvula-104-manual-suavizador-2-con-nsf\/#primaryimage","url":"https:\/\/mabawater.com\/wp-content\/uploads\/2024\/05\/Quotes-Daily-Facebook-Post-104-2.png","contentUrl":"https:\/\/mabawater.com\/wp-content\/uploads\/2024\/05\/Quotes-Daily-Facebook-Post-104-2.png","width":940,"height":788},{"@type":"BreadcrumbList","@id":"https:\/\/mabawater.com\/producto\/valvula-104-manual-suavizador-2-con-nsf\/#breadcrumb","itemListElement":[{"@type":"ListItem","position":1,"name":"Portada","item":"https:\/\/mabawater.com\/"},{"@type":"ListItem","position":2,"name":"Productos Para La Calidad Del Agua","item":"https:\/\/mabawater.com\/productos-para-la-calidad-del-agua\/"},{"@type":"ListItem","position":3,"name":"VALVULA 104 MANUAL SUAVIZADOR 2&#8243; CON NSF"}]},{"@type":"WebSite","@id":"https:\/\/mabawater.com\/#website","url":"https:\/\/mabawater.com\/","name":"Maba Water","description":"Soluciones Hidr\u00e1ulicas Sustentables","publisher":{"@id":"https:\/\/mabawater.com\/#organization"},"potentialAction":[{"@type":"SearchAction","target":{"@type":"EntryPoint","urlTemplate":"https:\/\/mabawater.com\/?s={search_term_string}"},"query-input":{"@type":"PropertyValueSpecification","valueRequired":true,"valueName":"search_term_string"}}],"inLanguage":"en-US"},{"@type":"Organization","@id":"https:\/\/mabawater.com\/#organization","name":"Maba Water","url":"https:\/\/mabawater.com\/","logo":{"@type":"ImageObject","inLanguage":"en-US","@id":"https:\/\/mabawater.com\/#\/schema\/logo\/image\/","url":"https:\/\/mabawater.com\/wp-content\/uploads\/2021\/09\/water-icon.png","contentUrl":"https:\/\/mabawater.com\/wp-content\/uploads\/2021\/09\/water-icon.png","width":410,"height":176,"caption":"Maba Water"},"image":{"@id":"https:\/\/mabawater.com\/#\/schema\/logo\/image\/"},"sameAs":["https:\/\/www.facebook.com\/mabawater\/","https:\/\/www.instagram.com\/mabawater\/?hl=es-la"]}]}},"_links":{"self":[{"href":"https:\/\/mabawater.com\/en\/wp-json\/wp\/v2\/product\/27067","targetHints":{"allow":["GET"]}}],"collection":[{"href":"https:\/\/mabawater.com\/en\/wp-json\/wp\/v2\/product"}],"about":[{"href":"https:\/\/mabawater.com\/en\/wp-json\/wp\/v2\/types\/product"}],"replies":[{"embeddable":true,"href":"https:\/\/mabawater.com\/en\/wp-json\/wp\/v2\/comments?post=27067"}],"version-history":[{"count":1,"href":"https:\/\/mabawater.com\/en\/wp-json\/wp\/v2\/product\/27067\/revisions"}],"predecessor-version":[{"id":27070,"href":"https:\/\/mabawater.com\/en\/wp-json\/wp\/v2\/product\/27067\/revisions\/27070"}],"wp:featuredmedia":[{"embeddable":true,"href":"https:\/\/mabawater.com\/en\/wp-json\/wp\/v2\/media\/27068"}],"wp:attachment":[{"href":"https:\/\/mabawater.com\/en\/wp-json\/wp\/v2\/media?parent=27067"}],"wp:term":[{"taxonomy":"product_brand","embeddable":true,"href":"https:\/\/mabawater.com\/en\/wp-json\/wp\/v2\/product_brand?post=27067"},{"taxonomy":"product_cat","embeddable":true,"href":"https:\/\/mabawater.com\/en\/wp-json\/wp\/v2\/product_cat?post=27067"},{"taxonomy":"product_tag","embeddable":true,"href":"https:\/\/mabawater.com\/en\/wp-json\/wp\/v2\/product_tag?post=27067"}],"curies":[{"name":"wp","href":"https:\/\/api.w.org\/{rel}","templated":true}]}}