{"id":27085,"date":"2024-05-22T23:06:49","date_gmt":"2024-05-22T23:06:49","guid":{"rendered":"https:\/\/mabawater.com\/?post_type=product&#038;p=27085"},"modified":"2026-04-14T21:00:05","modified_gmt":"2026-04-14T21:00:05","slug":"portamembrana-aquex-4x40-acero-inox-1-2perm-3-4concen","status":"publish","type":"product","link":"https:\/\/mabawater.com\/en\/product\/portamembrana-aquex-4x40-acero-inox-1-2perm-3-4concen\/","title":{"rendered":"PORTAMEMBRANA AQUEX 4X40 ACERO INOX 1\/2&#8243;PERM 3\/4&#8243;CONCEN"},"content":{"rendered":"","protected":false},"excerpt":{"rendered":"<p>El <strong>portamembrana Aquex<\/strong> 4&#215;40 de acero inoxidable es un componente clave en <strong>sistemas de \u00f3smosis inversa<\/strong>, dise\u00f1ado para alojar membranas est\u00e1ndar de 4\u201d x 40\u201d y garantizar un desempe\u00f1o eficiente en procesos de <strong>tratamiento de agua<\/strong>.<\/p>\n<p>Cuenta con conexiones de 3\/4\u201d para alimentaci\u00f3n y concentrado, as\u00ed como salida de permeado de 1\/2\u201d, facilitando su integraci\u00f3n en equipos de <strong>\u00f3smosis inversa<\/strong> est\u00e1ndar. Adem\u00e1s, su dise\u00f1o incorpora empaques tipo O-ring que aseguran un sellado herm\u00e9tico, evitando fugas y optimizando la eficiencia del sistema.<\/p>","protected":false},"featured_media":27086,"comment_status":"open","ping_status":"closed","template":"","meta":[],"product_brand":[],"product_cat":[145,154],"product_tag":[],"class_list":{"0":"post-27085","1":"product","2":"type-product","3":"status-publish","4":"has-post-thumbnail","6":"product_cat-tratamiento-de-agua","7":"product_cat-membranas-de-osmosis-inversa","9":"first","10":"instock","11":"shipping-taxable","12":"product-type-simple"},"yoast_head":"<!-- This site is optimized with the Yoast SEO plugin v26.6 - https:\/\/yoast.com\/wordpress\/plugins\/seo\/ -->\n<title>PORTAMEMBRANA AQUEX 4X40 ACERO INOX 1\/2&quot;PERM 3\/4&quot;CONCEN - Maba Water<\/title>\n<meta name=\"description\" content=\"Portamembrana Aquex 4x40 de acero inoxidable para \u00f3smosis inversa. Soporta hasta 300 PSI, conexiones 1\/2\u201d permeado y 3\/4\u201d concentrado. Ideal para uso industrial y comercial.\" \/>\n<meta name=\"robots\" content=\"index, follow, max-snippet:-1, max-image-preview:large, max-video-preview:-1\" \/>\n<link rel=\"canonical\" href=\"https:\/\/mabawater.com\/en\/product\/portamembrana-aquex-4x40-acero-inox-1-2perm-3-4concen\/\" \/>\n<meta property=\"og:locale\" content=\"en_US\" \/>\n<meta property=\"og:type\" content=\"article\" \/>\n<meta property=\"og:title\" content=\"PORTAMEMBRANA AQUEX 4X40 ACERO INOX 1\/2&quot;PERM 3\/4&quot;CONCEN - Maba Water\" \/>\n<meta property=\"og:description\" content=\"Portamembrana Aquex 4x40 de acero inoxidable para \u00f3smosis inversa. Soporta hasta 300 PSI, conexiones 1\/2\u201d permeado y 3\/4\u201d concentrado. Ideal para uso industrial y comercial.\" \/>\n<meta property=\"og:url\" content=\"https:\/\/mabawater.com\/en\/product\/portamembrana-aquex-4x40-acero-inox-1-2perm-3-4concen\/\" \/>\n<meta property=\"og:site_name\" content=\"Maba Water\" \/>\n<meta property=\"article:publisher\" content=\"https:\/\/www.facebook.com\/mabawater\/\" \/>\n<meta property=\"article:modified_time\" content=\"2026-04-14T21:00:05+00:00\" \/>\n<meta property=\"og:image\" content=\"https:\/\/mabawater.com\/wp-content\/uploads\/2024\/05\/Quotes-Daily-Facebook-Post-87-1.png\" \/>\n\t<meta property=\"og:image:width\" content=\"940\" \/>\n\t<meta property=\"og:image:height\" content=\"788\" \/>\n\t<meta property=\"og:image:type\" content=\"image\/png\" \/>\n<meta name=\"twitter:card\" content=\"summary_large_image\" \/>\n<!-- \/ Yoast SEO plugin. -->","yoast_head_json":{"title":"PORTAMEMBRANA AQUEX 4X40 ACERO INOX 1\/2\"PERM 3\/4\"CONCEN - Maba Water","description":"Portamembrana Aquex 4x40 de acero inoxidable para \u00f3smosis inversa. Soporta hasta 300 PSI, conexiones 1\/2\u201d permeado y 3\/4\u201d concentrado. Ideal para uso industrial y comercial.","robots":{"index":"index","follow":"follow","max-snippet":"max-snippet:-1","max-image-preview":"max-image-preview:large","max-video-preview":"max-video-preview:-1"},"canonical":"https:\/\/mabawater.com\/en\/product\/portamembrana-aquex-4x40-acero-inox-1-2perm-3-4concen\/","og_locale":"en_US","og_type":"article","og_title":"PORTAMEMBRANA AQUEX 4X40 ACERO INOX 1\/2\"PERM 3\/4\"CONCEN - Maba Water","og_description":"Portamembrana Aquex 4x40 de acero inoxidable para \u00f3smosis inversa. Soporta hasta 300 PSI, conexiones 1\/2\u201d permeado y 3\/4\u201d concentrado. Ideal para uso industrial y comercial.","og_url":"https:\/\/mabawater.com\/en\/product\/portamembrana-aquex-4x40-acero-inox-1-2perm-3-4concen\/","og_site_name":"Maba Water","article_publisher":"https:\/\/www.facebook.com\/mabawater\/","article_modified_time":"2026-04-14T21:00:05+00:00","og_image":[{"width":940,"height":788,"url":"https:\/\/mabawater.com\/wp-content\/uploads\/2024\/05\/Quotes-Daily-Facebook-Post-87-1.png","type":"image\/png"}],"twitter_card":"summary_large_image","schema":{"@context":"https:\/\/schema.org","@graph":[{"@type":"WebPage","@id":"https:\/\/mabawater.com\/producto\/portamembrana-aquex-4x40-acero-inox-1-2perm-3-4concen\/","url":"https:\/\/mabawater.com\/producto\/portamembrana-aquex-4x40-acero-inox-1-2perm-3-4concen\/","name":"PORTAMEMBRANA AQUEX 4X40 ACERO INOX 1\/2\"PERM 3\/4\"CONCEN - Maba Water","isPartOf":{"@id":"https:\/\/mabawater.com\/#website"},"primaryImageOfPage":{"@id":"https:\/\/mabawater.com\/producto\/portamembrana-aquex-4x40-acero-inox-1-2perm-3-4concen\/#primaryimage"},"image":{"@id":"https:\/\/mabawater.com\/producto\/portamembrana-aquex-4x40-acero-inox-1-2perm-3-4concen\/#primaryimage"},"thumbnailUrl":"https:\/\/mabawater.com\/wp-content\/uploads\/2024\/05\/Quotes-Daily-Facebook-Post-87-1.png","datePublished":"2024-05-22T23:06:49+00:00","dateModified":"2026-04-14T21:00:05+00:00","description":"Portamembrana Aquex 4x40 de acero inoxidable para \u00f3smosis inversa. Soporta hasta 300 PSI, conexiones 1\/2\u201d permeado y 3\/4\u201d concentrado. Ideal para uso industrial y comercial.","breadcrumb":{"@id":"https:\/\/mabawater.com\/producto\/portamembrana-aquex-4x40-acero-inox-1-2perm-3-4concen\/#breadcrumb"},"inLanguage":"en-US","potentialAction":[{"@type":"ReadAction","target":["https:\/\/mabawater.com\/producto\/portamembrana-aquex-4x40-acero-inox-1-2perm-3-4concen\/"]}]},{"@type":"ImageObject","inLanguage":"en-US","@id":"https:\/\/mabawater.com\/producto\/portamembrana-aquex-4x40-acero-inox-1-2perm-3-4concen\/#primaryimage","url":"https:\/\/mabawater.com\/wp-content\/uploads\/2024\/05\/Quotes-Daily-Facebook-Post-87-1.png","contentUrl":"https:\/\/mabawater.com\/wp-content\/uploads\/2024\/05\/Quotes-Daily-Facebook-Post-87-1.png","width":940,"height":788},{"@type":"BreadcrumbList","@id":"https:\/\/mabawater.com\/producto\/portamembrana-aquex-4x40-acero-inox-1-2perm-3-4concen\/#breadcrumb","itemListElement":[{"@type":"ListItem","position":1,"name":"Portada","item":"https:\/\/mabawater.com\/"},{"@type":"ListItem","position":2,"name":"Productos Para La Calidad Del Agua","item":"https:\/\/mabawater.com\/productos-para-la-calidad-del-agua\/"},{"@type":"ListItem","position":3,"name":"PORTAMEMBRANA AQUEX 4X40 ACERO INOX 1\/2&#8243;PERM 3\/4&#8243;CONCEN"}]},{"@type":"WebSite","@id":"https:\/\/mabawater.com\/#website","url":"https:\/\/mabawater.com\/","name":"Maba Water","description":"Soluciones Hidr\u00e1ulicas Sustentables","publisher":{"@id":"https:\/\/mabawater.com\/#organization"},"potentialAction":[{"@type":"SearchAction","target":{"@type":"EntryPoint","urlTemplate":"https:\/\/mabawater.com\/?s={search_term_string}"},"query-input":{"@type":"PropertyValueSpecification","valueRequired":true,"valueName":"search_term_string"}}],"inLanguage":"en-US"},{"@type":"Organization","@id":"https:\/\/mabawater.com\/#organization","name":"Maba Water","url":"https:\/\/mabawater.com\/","logo":{"@type":"ImageObject","inLanguage":"en-US","@id":"https:\/\/mabawater.com\/#\/schema\/logo\/image\/","url":"https:\/\/mabawater.com\/wp-content\/uploads\/2021\/09\/water-icon.png","contentUrl":"https:\/\/mabawater.com\/wp-content\/uploads\/2021\/09\/water-icon.png","width":410,"height":176,"caption":"Maba Water"},"image":{"@id":"https:\/\/mabawater.com\/#\/schema\/logo\/image\/"},"sameAs":["https:\/\/www.facebook.com\/mabawater\/","https:\/\/www.instagram.com\/mabawater\/?hl=es-la"]}]}},"_links":{"self":[{"href":"https:\/\/mabawater.com\/en\/wp-json\/wp\/v2\/product\/27085","targetHints":{"allow":["GET"]}}],"collection":[{"href":"https:\/\/mabawater.com\/en\/wp-json\/wp\/v2\/product"}],"about":[{"href":"https:\/\/mabawater.com\/en\/wp-json\/wp\/v2\/types\/product"}],"replies":[{"embeddable":true,"href":"https:\/\/mabawater.com\/en\/wp-json\/wp\/v2\/comments?post=27085"}],"version-history":[{"count":3,"href":"https:\/\/mabawater.com\/en\/wp-json\/wp\/v2\/product\/27085\/revisions"}],"predecessor-version":[{"id":30394,"href":"https:\/\/mabawater.com\/en\/wp-json\/wp\/v2\/product\/27085\/revisions\/30394"}],"wp:featuredmedia":[{"embeddable":true,"href":"https:\/\/mabawater.com\/en\/wp-json\/wp\/v2\/media\/27086"}],"wp:attachment":[{"href":"https:\/\/mabawater.com\/en\/wp-json\/wp\/v2\/media?parent=27085"}],"wp:term":[{"taxonomy":"product_brand","embeddable":true,"href":"https:\/\/mabawater.com\/en\/wp-json\/wp\/v2\/product_brand?post=27085"},{"taxonomy":"product_cat","embeddable":true,"href":"https:\/\/mabawater.com\/en\/wp-json\/wp\/v2\/product_cat?post=27085"},{"taxonomy":"product_tag","embeddable":true,"href":"https:\/\/mabawater.com\/en\/wp-json\/wp\/v2\/product_tag?post=27085"}],"curies":[{"name":"wp","href":"https:\/\/api.w.org\/{rel}","templated":true}]}}