{"id":27322,"date":"2024-05-29T03:35:29","date_gmt":"2024-05-29T03:35:29","guid":{"rendered":"https:\/\/mabawater.com\/?post_type=product&#038;p=27322"},"modified":"2024-05-29T03:37:24","modified_gmt":"2024-05-29T03:37:24","slug":"bomba-shurflo-2088-592-054-45psi-1-2-25psi-arranque","status":"publish","type":"product","link":"https:\/\/mabawater.com\/en\/product\/bomba-shurflo-2088-592-054-45psi-1-2-25psi-arranque\/","title":{"rendered":"BOMBA SHURFLO 2088-592-054 (45PSI 1\/2&#8243;) 25PSI ARRANQUE"},"content":{"rendered":"","protected":false},"excerpt":{"rendered":"<p>BOMBA SHURFLO 2088-592-054 (45PSI 1\/2&#8243;) 25PSI ARRANQUE<\/p>\n<ul>\n<li>Refacciones para el <strong>tratamiento de agua<\/strong><\/li>\n<\/ul>","protected":false},"featured_media":27323,"comment_status":"open","ping_status":"closed","template":"","meta":[],"product_brand":[],"product_cat":[1478,145],"product_tag":[],"class_list":{"0":"post-27322","1":"product","2":"type-product","3":"status-publish","4":"has-post-thumbnail","6":"product_cat-refacciones","7":"product_cat-tratamiento-de-agua","9":"first","10":"instock","11":"shipping-taxable","12":"product-type-simple"},"yoast_head":"<!-- This site is optimized with the Yoast SEO plugin v26.6 - https:\/\/yoast.com\/wordpress\/plugins\/seo\/ -->\n<title>BOMBA SHURFLO 2088-592-054 (45PSI 1\/2&quot;) 25PSI ARRANQUE - Maba Water<\/title>\n<meta name=\"description\" content=\"BOMBA SHURFLO 2088-592-054 (45PSI 1\/2&quot;) 25PSI ARRANQUE, compra Refacciones para el tratamiento de agua, productos para purificaci\u00f3n, filtraci\u00f3n y mucho m\u00e1s\" \/>\n<meta name=\"robots\" content=\"index, follow, max-snippet:-1, max-image-preview:large, max-video-preview:-1\" \/>\n<link rel=\"canonical\" href=\"https:\/\/mabawater.com\/en\/product\/bomba-shurflo-2088-592-054-45psi-1-2-25psi-arranque\/\" \/>\n<meta property=\"og:locale\" content=\"en_US\" \/>\n<meta property=\"og:type\" content=\"article\" \/>\n<meta property=\"og:title\" content=\"BOMBA SHURFLO 2088-592-054 (45PSI 1\/2&quot;) 25PSI ARRANQUE - Maba Water\" \/>\n<meta property=\"og:description\" content=\"BOMBA SHURFLO 2088-592-054 (45PSI 1\/2&quot;) 25PSI ARRANQUE, compra Refacciones para el tratamiento de agua, productos para purificaci\u00f3n, filtraci\u00f3n y mucho m\u00e1s\" \/>\n<meta property=\"og:url\" content=\"https:\/\/mabawater.com\/en\/product\/bomba-shurflo-2088-592-054-45psi-1-2-25psi-arranque\/\" \/>\n<meta property=\"og:site_name\" content=\"Maba Water\" \/>\n<meta property=\"article:publisher\" content=\"https:\/\/www.facebook.com\/mabawater\/\" \/>\n<meta property=\"article:modified_time\" content=\"2024-05-29T03:37:24+00:00\" \/>\n<meta property=\"og:image\" content=\"https:\/\/mabawater.com\/wp-content\/uploads\/2024\/05\/bomba-shurflo.png\" \/>\n\t<meta property=\"og:image:width\" content=\"940\" \/>\n\t<meta property=\"og:image:height\" content=\"788\" \/>\n\t<meta property=\"og:image:type\" content=\"image\/png\" \/>\n<meta name=\"twitter:card\" content=\"summary_large_image\" \/>\n<!-- \/ Yoast SEO plugin. -->","yoast_head_json":{"title":"BOMBA SHURFLO 2088-592-054 (45PSI 1\/2\") 25PSI ARRANQUE - Maba Water","description":"BOMBA SHURFLO 2088-592-054 (45PSI 1\/2\") 25PSI ARRANQUE, compra Refacciones para el tratamiento de agua, productos para purificaci\u00f3n, filtraci\u00f3n y mucho m\u00e1s","robots":{"index":"index","follow":"follow","max-snippet":"max-snippet:-1","max-image-preview":"max-image-preview:large","max-video-preview":"max-video-preview:-1"},"canonical":"https:\/\/mabawater.com\/en\/product\/bomba-shurflo-2088-592-054-45psi-1-2-25psi-arranque\/","og_locale":"en_US","og_type":"article","og_title":"BOMBA SHURFLO 2088-592-054 (45PSI 1\/2\") 25PSI ARRANQUE - Maba Water","og_description":"BOMBA SHURFLO 2088-592-054 (45PSI 1\/2\") 25PSI ARRANQUE, compra Refacciones para el tratamiento de agua, productos para purificaci\u00f3n, filtraci\u00f3n y mucho m\u00e1s","og_url":"https:\/\/mabawater.com\/en\/product\/bomba-shurflo-2088-592-054-45psi-1-2-25psi-arranque\/","og_site_name":"Maba Water","article_publisher":"https:\/\/www.facebook.com\/mabawater\/","article_modified_time":"2024-05-29T03:37:24+00:00","og_image":[{"width":940,"height":788,"url":"https:\/\/mabawater.com\/wp-content\/uploads\/2024\/05\/bomba-shurflo.png","type":"image\/png"}],"twitter_card":"summary_large_image","schema":{"@context":"https:\/\/schema.org","@graph":[{"@type":"WebPage","@id":"https:\/\/mabawater.com\/producto\/bomba-shurflo-2088-592-054-45psi-1-2-25psi-arranque\/","url":"https:\/\/mabawater.com\/producto\/bomba-shurflo-2088-592-054-45psi-1-2-25psi-arranque\/","name":"BOMBA SHURFLO 2088-592-054 (45PSI 1\/2\") 25PSI ARRANQUE - Maba Water","isPartOf":{"@id":"https:\/\/mabawater.com\/#website"},"primaryImageOfPage":{"@id":"https:\/\/mabawater.com\/producto\/bomba-shurflo-2088-592-054-45psi-1-2-25psi-arranque\/#primaryimage"},"image":{"@id":"https:\/\/mabawater.com\/producto\/bomba-shurflo-2088-592-054-45psi-1-2-25psi-arranque\/#primaryimage"},"thumbnailUrl":"https:\/\/mabawater.com\/wp-content\/uploads\/2024\/05\/bomba-shurflo.png","datePublished":"2024-05-29T03:35:29+00:00","dateModified":"2024-05-29T03:37:24+00:00","description":"BOMBA SHURFLO 2088-592-054 (45PSI 1\/2\") 25PSI ARRANQUE, compra Refacciones para el tratamiento de agua, productos para purificaci\u00f3n, filtraci\u00f3n y mucho m\u00e1s","breadcrumb":{"@id":"https:\/\/mabawater.com\/producto\/bomba-shurflo-2088-592-054-45psi-1-2-25psi-arranque\/#breadcrumb"},"inLanguage":"en-US","potentialAction":[{"@type":"ReadAction","target":["https:\/\/mabawater.com\/producto\/bomba-shurflo-2088-592-054-45psi-1-2-25psi-arranque\/"]}]},{"@type":"ImageObject","inLanguage":"en-US","@id":"https:\/\/mabawater.com\/producto\/bomba-shurflo-2088-592-054-45psi-1-2-25psi-arranque\/#primaryimage","url":"https:\/\/mabawater.com\/wp-content\/uploads\/2024\/05\/bomba-shurflo.png","contentUrl":"https:\/\/mabawater.com\/wp-content\/uploads\/2024\/05\/bomba-shurflo.png","width":940,"height":788},{"@type":"BreadcrumbList","@id":"https:\/\/mabawater.com\/producto\/bomba-shurflo-2088-592-054-45psi-1-2-25psi-arranque\/#breadcrumb","itemListElement":[{"@type":"ListItem","position":1,"name":"Portada","item":"https:\/\/mabawater.com\/"},{"@type":"ListItem","position":2,"name":"Productos Para La Calidad Del Agua","item":"https:\/\/mabawater.com\/productos-para-la-calidad-del-agua\/"},{"@type":"ListItem","position":3,"name":"BOMBA SHURFLO 2088-592-054 (45PSI 1\/2&#8243;) 25PSI ARRANQUE"}]},{"@type":"WebSite","@id":"https:\/\/mabawater.com\/#website","url":"https:\/\/mabawater.com\/","name":"Maba Water","description":"Soluciones Hidr\u00e1ulicas Sustentables","publisher":{"@id":"https:\/\/mabawater.com\/#organization"},"potentialAction":[{"@type":"SearchAction","target":{"@type":"EntryPoint","urlTemplate":"https:\/\/mabawater.com\/?s={search_term_string}"},"query-input":{"@type":"PropertyValueSpecification","valueRequired":true,"valueName":"search_term_string"}}],"inLanguage":"en-US"},{"@type":"Organization","@id":"https:\/\/mabawater.com\/#organization","name":"Maba Water","url":"https:\/\/mabawater.com\/","logo":{"@type":"ImageObject","inLanguage":"en-US","@id":"https:\/\/mabawater.com\/#\/schema\/logo\/image\/","url":"https:\/\/mabawater.com\/wp-content\/uploads\/2021\/09\/water-icon.png","contentUrl":"https:\/\/mabawater.com\/wp-content\/uploads\/2021\/09\/water-icon.png","width":410,"height":176,"caption":"Maba Water"},"image":{"@id":"https:\/\/mabawater.com\/#\/schema\/logo\/image\/"},"sameAs":["https:\/\/www.facebook.com\/mabawater\/","https:\/\/www.instagram.com\/mabawater\/?hl=es-la"]}]}},"_links":{"self":[{"href":"https:\/\/mabawater.com\/en\/wp-json\/wp\/v2\/product\/27322","targetHints":{"allow":["GET"]}}],"collection":[{"href":"https:\/\/mabawater.com\/en\/wp-json\/wp\/v2\/product"}],"about":[{"href":"https:\/\/mabawater.com\/en\/wp-json\/wp\/v2\/types\/product"}],"replies":[{"embeddable":true,"href":"https:\/\/mabawater.com\/en\/wp-json\/wp\/v2\/comments?post=27322"}],"version-history":[{"count":1,"href":"https:\/\/mabawater.com\/en\/wp-json\/wp\/v2\/product\/27322\/revisions"}],"predecessor-version":[{"id":27324,"href":"https:\/\/mabawater.com\/en\/wp-json\/wp\/v2\/product\/27322\/revisions\/27324"}],"wp:featuredmedia":[{"embeddable":true,"href":"https:\/\/mabawater.com\/en\/wp-json\/wp\/v2\/media\/27323"}],"wp:attachment":[{"href":"https:\/\/mabawater.com\/en\/wp-json\/wp\/v2\/media?parent=27322"}],"wp:term":[{"taxonomy":"product_brand","embeddable":true,"href":"https:\/\/mabawater.com\/en\/wp-json\/wp\/v2\/product_brand?post=27322"},{"taxonomy":"product_cat","embeddable":true,"href":"https:\/\/mabawater.com\/en\/wp-json\/wp\/v2\/product_cat?post=27322"},{"taxonomy":"product_tag","embeddable":true,"href":"https:\/\/mabawater.com\/en\/wp-json\/wp\/v2\/product_tag?post=27322"}],"curies":[{"name":"wp","href":"https:\/\/api.w.org\/{rel}","templated":true}]}}