{"id":27564,"date":"2024-06-05T00:54:10","date_gmt":"2024-06-05T00:54:10","guid":{"rendered":"https:\/\/mabawater.com\/?post_type=product&#038;p=27564"},"modified":"2024-06-25T23:50:20","modified_gmt":"2024-06-25T23:50:20","slug":"arrancador-a-tension-plena-con-interruptor-termomagnetico-1-5-4-hp-voltaje-3-x-220-trifasico","status":"publish","type":"product","link":"https:\/\/mabawater.com\/en\/product\/arrancador-a-tension-plena-con-interruptor-termomagnetico-1-5-4-hp-voltaje-3-x-220-trifasico\/","title":{"rendered":"Arrancador a tensi\u00f3n plena con interruptor termomagn\u00e9tico 1.5 &#8211; 4 HP  voltaje  3 X 220 (trif\u00e1sico)"},"content":{"rendered":"","protected":false},"excerpt":{"rendered":"<p>Arrancador a tensi\u00f3n plena con interruptor termomagn\u00e9tico 1.5 &#8211; 4 HP voltaje 3 X 220 (trif\u00e1sico)<\/p>","protected":false},"featured_media":27558,"comment_status":"open","ping_status":"closed","template":"","meta":[],"product_brand":[],"product_cat":[146,159],"product_tag":[],"class_list":{"0":"post-27564","1":"product","2":"type-product","3":"status-publish","4":"has-post-thumbnail","6":"product_cat-bombeo","7":"product_cat-arrancadores-tableros-de-control-y-protecciones","9":"first","10":"instock","11":"shipping-taxable","12":"product-type-simple"},"yoast_head":"<!-- This site is optimized with the Yoast SEO plugin v26.6 - https:\/\/yoast.com\/wordpress\/plugins\/seo\/ -->\n<title>Arrancador a tensi\u00f3n plena con interruptor termomagn\u00e9tico 1.5 - 4 HP voltaje 3 X 220 (trif\u00e1sico) - Maba Water<\/title>\n<meta name=\"description\" content=\"Arrancador a tensi\u00f3n plena con interruptor termomagn\u00e9tico 1.5 - 4 HP voltaje 3 X 220 (trif\u00e1sico)\" \/>\n<meta name=\"robots\" content=\"index, follow, max-snippet:-1, max-image-preview:large, max-video-preview:-1\" \/>\n<link rel=\"canonical\" href=\"https:\/\/mabawater.com\/en\/product\/arrancador-a-tension-plena-con-interruptor-termomagnetico-1-5-4-hp-voltaje-3-x-220-trifasico\/\" \/>\n<meta property=\"og:locale\" content=\"en_US\" \/>\n<meta property=\"og:type\" content=\"article\" \/>\n<meta property=\"og:title\" content=\"Arrancador a tensi\u00f3n plena con interruptor termomagn\u00e9tico 1.5 - 4 HP voltaje 3 X 220 (trif\u00e1sico) - Maba Water\" \/>\n<meta property=\"og:description\" content=\"Arrancador a tensi\u00f3n plena con interruptor termomagn\u00e9tico 1.5 - 4 HP voltaje 3 X 220 (trif\u00e1sico)\" \/>\n<meta property=\"og:url\" content=\"https:\/\/mabawater.com\/en\/product\/arrancador-a-tension-plena-con-interruptor-termomagnetico-1-5-4-hp-voltaje-3-x-220-trifasico\/\" \/>\n<meta property=\"og:site_name\" content=\"Maba Water\" \/>\n<meta property=\"article:publisher\" content=\"https:\/\/www.facebook.com\/mabawater\/\" \/>\n<meta property=\"article:modified_time\" content=\"2024-06-25T23:50:20+00:00\" \/>\n<meta property=\"og:image\" content=\"https:\/\/mabawater.com\/wp-content\/uploads\/2024\/06\/Arrancador-a-tension-plena-HP-trifasico.png\" \/>\n\t<meta property=\"og:image:width\" content=\"940\" \/>\n\t<meta property=\"og:image:height\" content=\"788\" \/>\n\t<meta property=\"og:image:type\" content=\"image\/png\" \/>\n<meta name=\"twitter:card\" content=\"summary_large_image\" \/>\n<!-- \/ Yoast SEO plugin. -->","yoast_head_json":{"title":"Arrancador a tensi\u00f3n plena con interruptor termomagn\u00e9tico 1.5 - 4 HP voltaje 3 X 220 (trif\u00e1sico) - Maba Water","description":"Arrancador a tensi\u00f3n plena con interruptor termomagn\u00e9tico 1.5 - 4 HP voltaje 3 X 220 (trif\u00e1sico)","robots":{"index":"index","follow":"follow","max-snippet":"max-snippet:-1","max-image-preview":"max-image-preview:large","max-video-preview":"max-video-preview:-1"},"canonical":"https:\/\/mabawater.com\/en\/product\/arrancador-a-tension-plena-con-interruptor-termomagnetico-1-5-4-hp-voltaje-3-x-220-trifasico\/","og_locale":"en_US","og_type":"article","og_title":"Arrancador a tensi\u00f3n plena con interruptor termomagn\u00e9tico 1.5 - 4 HP voltaje 3 X 220 (trif\u00e1sico) - Maba Water","og_description":"Arrancador a tensi\u00f3n plena con interruptor termomagn\u00e9tico 1.5 - 4 HP voltaje 3 X 220 (trif\u00e1sico)","og_url":"https:\/\/mabawater.com\/en\/product\/arrancador-a-tension-plena-con-interruptor-termomagnetico-1-5-4-hp-voltaje-3-x-220-trifasico\/","og_site_name":"Maba Water","article_publisher":"https:\/\/www.facebook.com\/mabawater\/","article_modified_time":"2024-06-25T23:50:20+00:00","og_image":[{"width":940,"height":788,"url":"https:\/\/mabawater.com\/wp-content\/uploads\/2024\/06\/Arrancador-a-tension-plena-HP-trifasico.png","type":"image\/png"}],"twitter_card":"summary_large_image","schema":{"@context":"https:\/\/schema.org","@graph":[{"@type":"WebPage","@id":"https:\/\/mabawater.com\/producto\/arrancador-a-tension-plena-con-interruptor-termomagnetico-1-5-4-hp-voltaje-3-x-220-trifasico\/","url":"https:\/\/mabawater.com\/producto\/arrancador-a-tension-plena-con-interruptor-termomagnetico-1-5-4-hp-voltaje-3-x-220-trifasico\/","name":"Arrancador a tensi\u00f3n plena con interruptor termomagn\u00e9tico 1.5 - 4 HP voltaje 3 X 220 (trif\u00e1sico) - Maba Water","isPartOf":{"@id":"https:\/\/mabawater.com\/#website"},"primaryImageOfPage":{"@id":"https:\/\/mabawater.com\/producto\/arrancador-a-tension-plena-con-interruptor-termomagnetico-1-5-4-hp-voltaje-3-x-220-trifasico\/#primaryimage"},"image":{"@id":"https:\/\/mabawater.com\/producto\/arrancador-a-tension-plena-con-interruptor-termomagnetico-1-5-4-hp-voltaje-3-x-220-trifasico\/#primaryimage"},"thumbnailUrl":"https:\/\/mabawater.com\/wp-content\/uploads\/2024\/06\/Arrancador-a-tension-plena-HP-trifasico.png","datePublished":"2024-06-05T00:54:10+00:00","dateModified":"2024-06-25T23:50:20+00:00","description":"Arrancador a tensi\u00f3n plena con interruptor termomagn\u00e9tico 1.5 - 4 HP voltaje 3 X 220 (trif\u00e1sico)","breadcrumb":{"@id":"https:\/\/mabawater.com\/producto\/arrancador-a-tension-plena-con-interruptor-termomagnetico-1-5-4-hp-voltaje-3-x-220-trifasico\/#breadcrumb"},"inLanguage":"en-US","potentialAction":[{"@type":"ReadAction","target":["https:\/\/mabawater.com\/producto\/arrancador-a-tension-plena-con-interruptor-termomagnetico-1-5-4-hp-voltaje-3-x-220-trifasico\/"]}]},{"@type":"ImageObject","inLanguage":"en-US","@id":"https:\/\/mabawater.com\/producto\/arrancador-a-tension-plena-con-interruptor-termomagnetico-1-5-4-hp-voltaje-3-x-220-trifasico\/#primaryimage","url":"https:\/\/mabawater.com\/wp-content\/uploads\/2024\/06\/Arrancador-a-tension-plena-HP-trifasico.png","contentUrl":"https:\/\/mabawater.com\/wp-content\/uploads\/2024\/06\/Arrancador-a-tension-plena-HP-trifasico.png","width":940,"height":788},{"@type":"BreadcrumbList","@id":"https:\/\/mabawater.com\/producto\/arrancador-a-tension-plena-con-interruptor-termomagnetico-1-5-4-hp-voltaje-3-x-220-trifasico\/#breadcrumb","itemListElement":[{"@type":"ListItem","position":1,"name":"Portada","item":"https:\/\/mabawater.com\/"},{"@type":"ListItem","position":2,"name":"Productos Para La Calidad Del Agua","item":"https:\/\/mabawater.com\/productos-para-la-calidad-del-agua\/"},{"@type":"ListItem","position":3,"name":"Arrancador a tensi\u00f3n plena con interruptor termomagn\u00e9tico 1.5 &#8211; 4 HP voltaje 3 X 220 (trif\u00e1sico)"}]},{"@type":"WebSite","@id":"https:\/\/mabawater.com\/#website","url":"https:\/\/mabawater.com\/","name":"Maba Water","description":"Soluciones Hidr\u00e1ulicas Sustentables","publisher":{"@id":"https:\/\/mabawater.com\/#organization"},"potentialAction":[{"@type":"SearchAction","target":{"@type":"EntryPoint","urlTemplate":"https:\/\/mabawater.com\/?s={search_term_string}"},"query-input":{"@type":"PropertyValueSpecification","valueRequired":true,"valueName":"search_term_string"}}],"inLanguage":"en-US"},{"@type":"Organization","@id":"https:\/\/mabawater.com\/#organization","name":"Maba Water","url":"https:\/\/mabawater.com\/","logo":{"@type":"ImageObject","inLanguage":"en-US","@id":"https:\/\/mabawater.com\/#\/schema\/logo\/image\/","url":"https:\/\/mabawater.com\/wp-content\/uploads\/2021\/09\/water-icon.png","contentUrl":"https:\/\/mabawater.com\/wp-content\/uploads\/2021\/09\/water-icon.png","width":410,"height":176,"caption":"Maba Water"},"image":{"@id":"https:\/\/mabawater.com\/#\/schema\/logo\/image\/"},"sameAs":["https:\/\/www.facebook.com\/mabawater\/","https:\/\/www.instagram.com\/mabawater\/?hl=es-la"]}]}},"_links":{"self":[{"href":"https:\/\/mabawater.com\/en\/wp-json\/wp\/v2\/product\/27564","targetHints":{"allow":["GET"]}}],"collection":[{"href":"https:\/\/mabawater.com\/en\/wp-json\/wp\/v2\/product"}],"about":[{"href":"https:\/\/mabawater.com\/en\/wp-json\/wp\/v2\/types\/product"}],"replies":[{"embeddable":true,"href":"https:\/\/mabawater.com\/en\/wp-json\/wp\/v2\/comments?post=27564"}],"version-history":[{"count":1,"href":"https:\/\/mabawater.com\/en\/wp-json\/wp\/v2\/product\/27564\/revisions"}],"predecessor-version":[{"id":27565,"href":"https:\/\/mabawater.com\/en\/wp-json\/wp\/v2\/product\/27564\/revisions\/27565"}],"wp:featuredmedia":[{"embeddable":true,"href":"https:\/\/mabawater.com\/en\/wp-json\/wp\/v2\/media\/27558"}],"wp:attachment":[{"href":"https:\/\/mabawater.com\/en\/wp-json\/wp\/v2\/media?parent=27564"}],"wp:term":[{"taxonomy":"product_brand","embeddable":true,"href":"https:\/\/mabawater.com\/en\/wp-json\/wp\/v2\/product_brand?post=27564"},{"taxonomy":"product_cat","embeddable":true,"href":"https:\/\/mabawater.com\/en\/wp-json\/wp\/v2\/product_cat?post=27564"},{"taxonomy":"product_tag","embeddable":true,"href":"https:\/\/mabawater.com\/en\/wp-json\/wp\/v2\/product_tag?post=27564"}],"curies":[{"name":"wp","href":"https:\/\/api.w.org\/{rel}","templated":true}]}}