{"id":27816,"date":"2024-06-12T23:30:36","date_gmt":"2024-06-12T23:30:36","guid":{"rendered":"https:\/\/mabawater.com\/?post_type=product&#038;p=27816"},"modified":"2024-06-28T23:38:17","modified_gmt":"2024-06-28T23:38:17","slug":"bomba-sumergible-para-pozo-profundo-de-hierro-ductil-acoplamiento-nema-8-8-etapas-hp-100-descarga-de-6","status":"publish","type":"product","link":"https:\/\/mabawater.com\/en\/product\/bomba-sumergible-para-pozo-profundo-de-hierro-ductil-acoplamiento-nema-8-8-etapas-hp-100-descarga-de-6\/","title":{"rendered":"Bomba sumergible para pozo profundo de hierro d\u00factil acoplamiento nema 8&#8243; 8 etapas hp 100 descarga de 6&#8243;"},"content":{"rendered":"","protected":false},"excerpt":{"rendered":"<p><strong>Bombas sumergibles<\/strong> fabricadas con materiales de alta calidad, el dise\u00f1o especial de sus bujes intermedios as\u00ed como sus impulsores en acero inoxidable, permiten que la bomba pueda trabajar con un contenido de arena m\u00e1ximo de 160 g\/m3<\/p>\n<p><strong>APLICACIONES<\/strong><\/p>\n<ul>\n<li>Pozos profundos<\/li>\n<li>Sistemas de riego<\/li>\n<li>Ramo agropecuario<\/li>\n<li>Aplicaciones industriales, etc.<\/li>\n<\/ul>\n<p><a href=\"https:\/\/mabawater.com\/wp-content\/uploads\/2024\/06\/ft_ficha_tecnica_nx.pdf\">Ver ficha t\u00e9cnica<\/a><\/p>","protected":false},"featured_media":27745,"comment_status":"open","ping_status":"closed","template":"","meta":[],"product_brand":[],"product_cat":[146,102,161],"product_tag":[],"class_list":{"0":"post-27816","1":"product","2":"type-product","3":"status-publish","4":"has-post-thumbnail","6":"product_cat-bombeo","7":"product_cat-sumergibles-residencial-para-pozo-y-de-achique","8":"product_cat-motores-sumergibles-y-cajas-de-control","10":"first","11":"instock","12":"shipping-taxable","13":"product-type-simple"},"yoast_head":"<!-- This site is optimized with the Yoast SEO plugin v26.6 - https:\/\/yoast.com\/wordpress\/plugins\/seo\/ -->\n<title>Bomba sumergible para pozo profundo de hierro d\u00factil acoplamiento nema 8&quot; 8 etapas hp 100 descarga de 6&quot; - Maba Water<\/title>\n<meta name=\"description\" content=\"Bomba sumergible para pozo profundo de hierro d\u00factil acoplamiento nema 8&quot; 8 etapas hp 100 descarga de 6&quot;, fabricada con materiales de alta calidad\" \/>\n<meta name=\"robots\" content=\"index, follow, max-snippet:-1, max-image-preview:large, max-video-preview:-1\" \/>\n<link rel=\"canonical\" href=\"https:\/\/mabawater.com\/en\/product\/bomba-sumergible-para-pozo-profundo-de-hierro-ductil-acoplamiento-nema-8-8-etapas-hp-100-descarga-de-6\/\" \/>\n<meta property=\"og:locale\" content=\"en_US\" \/>\n<meta property=\"og:type\" content=\"article\" \/>\n<meta property=\"og:title\" content=\"Bomba sumergible para pozo profundo de hierro d\u00factil acoplamiento nema 8&quot; 8 etapas hp 100 descarga de 6&quot; - Maba Water\" \/>\n<meta property=\"og:description\" content=\"Bomba sumergible para pozo profundo de hierro d\u00factil acoplamiento nema 8&quot; 8 etapas hp 100 descarga de 6&quot;, fabricada con materiales de alta calidad\" \/>\n<meta property=\"og:url\" content=\"https:\/\/mabawater.com\/en\/product\/bomba-sumergible-para-pozo-profundo-de-hierro-ductil-acoplamiento-nema-8-8-etapas-hp-100-descarga-de-6\/\" \/>\n<meta property=\"og:site_name\" content=\"Maba Water\" \/>\n<meta property=\"article:publisher\" content=\"https:\/\/www.facebook.com\/mabawater\/\" \/>\n<meta property=\"article:modified_time\" content=\"2024-06-28T23:38:17+00:00\" \/>\n<meta property=\"og:image\" content=\"https:\/\/mabawater.com\/wp-content\/uploads\/2024\/06\/Quotes-Daily-Facebook-Post-25.png\" \/>\n\t<meta property=\"og:image:width\" content=\"940\" \/>\n\t<meta property=\"og:image:height\" content=\"788\" \/>\n\t<meta property=\"og:image:type\" content=\"image\/png\" \/>\n<meta name=\"twitter:card\" content=\"summary_large_image\" \/>\n<!-- \/ Yoast SEO plugin. -->","yoast_head_json":{"title":"Bomba sumergible para pozo profundo de hierro d\u00factil acoplamiento nema 8\" 8 etapas hp 100 descarga de 6\" - Maba Water","description":"Bomba sumergible para pozo profundo de hierro d\u00factil acoplamiento nema 8\" 8 etapas hp 100 descarga de 6\", fabricada con materiales de alta calidad","robots":{"index":"index","follow":"follow","max-snippet":"max-snippet:-1","max-image-preview":"max-image-preview:large","max-video-preview":"max-video-preview:-1"},"canonical":"https:\/\/mabawater.com\/en\/product\/bomba-sumergible-para-pozo-profundo-de-hierro-ductil-acoplamiento-nema-8-8-etapas-hp-100-descarga-de-6\/","og_locale":"en_US","og_type":"article","og_title":"Bomba sumergible para pozo profundo de hierro d\u00factil acoplamiento nema 8\" 8 etapas hp 100 descarga de 6\" - Maba Water","og_description":"Bomba sumergible para pozo profundo de hierro d\u00factil acoplamiento nema 8\" 8 etapas hp 100 descarga de 6\", fabricada con materiales de alta calidad","og_url":"https:\/\/mabawater.com\/en\/product\/bomba-sumergible-para-pozo-profundo-de-hierro-ductil-acoplamiento-nema-8-8-etapas-hp-100-descarga-de-6\/","og_site_name":"Maba Water","article_publisher":"https:\/\/www.facebook.com\/mabawater\/","article_modified_time":"2024-06-28T23:38:17+00:00","og_image":[{"width":940,"height":788,"url":"https:\/\/mabawater.com\/wp-content\/uploads\/2024\/06\/Quotes-Daily-Facebook-Post-25.png","type":"image\/png"}],"twitter_card":"summary_large_image","schema":{"@context":"https:\/\/schema.org","@graph":[{"@type":"WebPage","@id":"https:\/\/mabawater.com\/producto\/bomba-sumergible-para-pozo-profundo-de-hierro-ductil-acoplamiento-nema-8-8-etapas-hp-100-descarga-de-6\/","url":"https:\/\/mabawater.com\/producto\/bomba-sumergible-para-pozo-profundo-de-hierro-ductil-acoplamiento-nema-8-8-etapas-hp-100-descarga-de-6\/","name":"Bomba sumergible para pozo profundo de hierro d\u00factil acoplamiento nema 8\" 8 etapas hp 100 descarga de 6\" - Maba Water","isPartOf":{"@id":"https:\/\/mabawater.com\/#website"},"primaryImageOfPage":{"@id":"https:\/\/mabawater.com\/producto\/bomba-sumergible-para-pozo-profundo-de-hierro-ductil-acoplamiento-nema-8-8-etapas-hp-100-descarga-de-6\/#primaryimage"},"image":{"@id":"https:\/\/mabawater.com\/producto\/bomba-sumergible-para-pozo-profundo-de-hierro-ductil-acoplamiento-nema-8-8-etapas-hp-100-descarga-de-6\/#primaryimage"},"thumbnailUrl":"https:\/\/mabawater.com\/wp-content\/uploads\/2024\/06\/Quotes-Daily-Facebook-Post-25.png","datePublished":"2024-06-12T23:30:36+00:00","dateModified":"2024-06-28T23:38:17+00:00","description":"Bomba sumergible para pozo profundo de hierro d\u00factil acoplamiento nema 8\" 8 etapas hp 100 descarga de 6\", fabricada con materiales de alta calidad","breadcrumb":{"@id":"https:\/\/mabawater.com\/producto\/bomba-sumergible-para-pozo-profundo-de-hierro-ductil-acoplamiento-nema-8-8-etapas-hp-100-descarga-de-6\/#breadcrumb"},"inLanguage":"en-US","potentialAction":[{"@type":"ReadAction","target":["https:\/\/mabawater.com\/producto\/bomba-sumergible-para-pozo-profundo-de-hierro-ductil-acoplamiento-nema-8-8-etapas-hp-100-descarga-de-6\/"]}]},{"@type":"ImageObject","inLanguage":"en-US","@id":"https:\/\/mabawater.com\/producto\/bomba-sumergible-para-pozo-profundo-de-hierro-ductil-acoplamiento-nema-8-8-etapas-hp-100-descarga-de-6\/#primaryimage","url":"https:\/\/mabawater.com\/wp-content\/uploads\/2024\/06\/Quotes-Daily-Facebook-Post-25.png","contentUrl":"https:\/\/mabawater.com\/wp-content\/uploads\/2024\/06\/Quotes-Daily-Facebook-Post-25.png","width":940,"height":788},{"@type":"BreadcrumbList","@id":"https:\/\/mabawater.com\/producto\/bomba-sumergible-para-pozo-profundo-de-hierro-ductil-acoplamiento-nema-8-8-etapas-hp-100-descarga-de-6\/#breadcrumb","itemListElement":[{"@type":"ListItem","position":1,"name":"Portada","item":"https:\/\/mabawater.com\/"},{"@type":"ListItem","position":2,"name":"Productos Para La Calidad Del Agua","item":"https:\/\/mabawater.com\/productos-para-la-calidad-del-agua\/"},{"@type":"ListItem","position":3,"name":"Bomba sumergible para pozo profundo de hierro d\u00factil acoplamiento nema 8&#8243; 8 etapas hp 100 descarga de 6&#8243;"}]},{"@type":"WebSite","@id":"https:\/\/mabawater.com\/#website","url":"https:\/\/mabawater.com\/","name":"Maba Water","description":"Soluciones Hidr\u00e1ulicas Sustentables","publisher":{"@id":"https:\/\/mabawater.com\/#organization"},"potentialAction":[{"@type":"SearchAction","target":{"@type":"EntryPoint","urlTemplate":"https:\/\/mabawater.com\/?s={search_term_string}"},"query-input":{"@type":"PropertyValueSpecification","valueRequired":true,"valueName":"search_term_string"}}],"inLanguage":"en-US"},{"@type":"Organization","@id":"https:\/\/mabawater.com\/#organization","name":"Maba Water","url":"https:\/\/mabawater.com\/","logo":{"@type":"ImageObject","inLanguage":"en-US","@id":"https:\/\/mabawater.com\/#\/schema\/logo\/image\/","url":"https:\/\/mabawater.com\/wp-content\/uploads\/2021\/09\/water-icon.png","contentUrl":"https:\/\/mabawater.com\/wp-content\/uploads\/2021\/09\/water-icon.png","width":410,"height":176,"caption":"Maba Water"},"image":{"@id":"https:\/\/mabawater.com\/#\/schema\/logo\/image\/"},"sameAs":["https:\/\/www.facebook.com\/mabawater\/","https:\/\/www.instagram.com\/mabawater\/?hl=es-la"]}]}},"_links":{"self":[{"href":"https:\/\/mabawater.com\/en\/wp-json\/wp\/v2\/product\/27816","targetHints":{"allow":["GET"]}}],"collection":[{"href":"https:\/\/mabawater.com\/en\/wp-json\/wp\/v2\/product"}],"about":[{"href":"https:\/\/mabawater.com\/en\/wp-json\/wp\/v2\/types\/product"}],"replies":[{"embeddable":true,"href":"https:\/\/mabawater.com\/en\/wp-json\/wp\/v2\/comments?post=27816"}],"version-history":[{"count":1,"href":"https:\/\/mabawater.com\/en\/wp-json\/wp\/v2\/product\/27816\/revisions"}],"predecessor-version":[{"id":27817,"href":"https:\/\/mabawater.com\/en\/wp-json\/wp\/v2\/product\/27816\/revisions\/27817"}],"wp:featuredmedia":[{"embeddable":true,"href":"https:\/\/mabawater.com\/en\/wp-json\/wp\/v2\/media\/27745"}],"wp:attachment":[{"href":"https:\/\/mabawater.com\/en\/wp-json\/wp\/v2\/media?parent=27816"}],"wp:term":[{"taxonomy":"product_brand","embeddable":true,"href":"https:\/\/mabawater.com\/en\/wp-json\/wp\/v2\/product_brand?post=27816"},{"taxonomy":"product_cat","embeddable":true,"href":"https:\/\/mabawater.com\/en\/wp-json\/wp\/v2\/product_cat?post=27816"},{"taxonomy":"product_tag","embeddable":true,"href":"https:\/\/mabawater.com\/en\/wp-json\/wp\/v2\/product_tag?post=27816"}],"curies":[{"name":"wp","href":"https:\/\/api.w.org\/{rel}","templated":true}]}}