{"id":30171,"date":"2026-01-21T17:57:07","date_gmt":"2026-01-21T17:57:07","guid":{"rendered":"https:\/\/mabawater.com\/?post_type=product&#038;p=30171"},"modified":"2026-01-30T22:58:17","modified_gmt":"2026-01-30T22:58:17","slug":"kit-suavizador-de-resina-cationica-3ft3-con-valvula-por-demanda-14x65","status":"publish","type":"product","link":"https:\/\/mabawater.com\/en\/product\/kit-suavizador-de-resina-cationica-3ft3-con-valvula-por-demanda-14x65\/","title":{"rendered":"KIT SUAVIZADOR DE RESINA CATI\u00d3NICA 3Ft3 CON V\u00c1LVULA POR DEMANDA 14X65"},"content":{"rendered":"","protected":false},"excerpt":{"rendered":"<p><strong>Kit suavizador<\/strong> MABA de resina cati\u00f3nica 3 ft\u00b3 con tanque 14&#215;65 y v\u00e1lvula por demanda, incluye 3 <strong>bultos de resina<\/strong>.<\/p>\n<ul>\n<li>Dise\u00f1ado para hogares grandes o restaurantes<\/li>\n<li><strong>Reduce<\/strong> eficazmente la <strong>dureza del agua<\/strong> y <strong>previene el sarro<\/strong>.<\/li>\n<li>Ideal para aplicaciones comerciales o residenciales de gran demanda.<\/li>\n<li>Alto rendimiento y durabilidad.<\/li>\n<li>No incluye costo de env\u00edo<\/li>\n<\/ul>","protected":false},"featured_media":30169,"comment_status":"open","ping_status":"closed","template":"","meta":[],"product_brand":[],"product_cat":[145,77,76],"product_tag":[],"class_list":{"0":"post-30171","1":"product","2":"type-product","3":"status-publish","4":"has-post-thumbnail","6":"product_cat-tratamiento-de-agua","7":"product_cat-suavizadores-de-agua","8":"product_cat-linea-anti-sarro","10":"first","11":"instock","12":"shipping-taxable","13":"product-type-simple"},"yoast_head":"<!-- This site is optimized with the Yoast SEO plugin v26.6 - https:\/\/yoast.com\/wordpress\/plugins\/seo\/ -->\n<title>KIT SUAVIZADOR DE RESINA CATI\u00d3NICA 3Ft3 CON V\u00c1LVULA POR DEMANDA 14X65 - Maba Water<\/title>\n<meta name=\"description\" content=\"Kit suavizador MABA de resina cati\u00f3nica 1 ft\u00b3 con tanque 10x35 y v\u00e1lvula por demanda. Ideal para reducir la dureza del agua, prevenir sarro y cuidar tus equipos.\" \/>\n<meta name=\"robots\" content=\"index, follow, max-snippet:-1, max-image-preview:large, max-video-preview:-1\" \/>\n<link rel=\"canonical\" href=\"https:\/\/mabawater.com\/en\/product\/kit-suavizador-de-resina-cationica-3ft3-con-valvula-por-demanda-14x65\/\" \/>\n<meta property=\"og:locale\" content=\"en_US\" \/>\n<meta property=\"og:type\" content=\"article\" \/>\n<meta property=\"og:title\" content=\"KIT SUAVIZADOR DE RESINA CATI\u00d3NICA 3Ft3 CON V\u00c1LVULA POR DEMANDA 14X65 - Maba Water\" \/>\n<meta property=\"og:description\" content=\"Kit suavizador MABA de resina cati\u00f3nica 1 ft\u00b3 con tanque 10x35 y v\u00e1lvula por demanda. Ideal para reducir la dureza del agua, prevenir sarro y cuidar tus equipos.\" \/>\n<meta property=\"og:url\" content=\"https:\/\/mabawater.com\/en\/product\/kit-suavizador-de-resina-cationica-3ft3-con-valvula-por-demanda-14x65\/\" \/>\n<meta property=\"og:site_name\" content=\"Maba Water\" \/>\n<meta property=\"article:publisher\" content=\"https:\/\/www.facebook.com\/mabawater\/\" \/>\n<meta property=\"article:modified_time\" content=\"2026-01-30T22:58:17+00:00\" \/>\n<meta property=\"og:image\" content=\"https:\/\/mabawater.com\/wp-content\/uploads\/2026\/01\/kit-suavizador-mabawater.png\" \/>\n\t<meta property=\"og:image:width\" content=\"600\" \/>\n\t<meta property=\"og:image:height\" content=\"600\" \/>\n\t<meta property=\"og:image:type\" content=\"image\/png\" \/>\n<meta name=\"twitter:card\" content=\"summary_large_image\" \/>\n<!-- \/ Yoast SEO plugin. -->","yoast_head_json":{"title":"KIT SUAVIZADOR DE RESINA CATI\u00d3NICA 3Ft3 CON V\u00c1LVULA POR DEMANDA 14X65 - Maba Water","description":"Kit suavizador MABA de resina cati\u00f3nica 1 ft\u00b3 con tanque 10x35 y v\u00e1lvula por demanda. Ideal para reducir la dureza del agua, prevenir sarro y cuidar tus equipos.","robots":{"index":"index","follow":"follow","max-snippet":"max-snippet:-1","max-image-preview":"max-image-preview:large","max-video-preview":"max-video-preview:-1"},"canonical":"https:\/\/mabawater.com\/en\/product\/kit-suavizador-de-resina-cationica-3ft3-con-valvula-por-demanda-14x65\/","og_locale":"en_US","og_type":"article","og_title":"KIT SUAVIZADOR DE RESINA CATI\u00d3NICA 3Ft3 CON V\u00c1LVULA POR DEMANDA 14X65 - Maba Water","og_description":"Kit suavizador MABA de resina cati\u00f3nica 1 ft\u00b3 con tanque 10x35 y v\u00e1lvula por demanda. Ideal para reducir la dureza del agua, prevenir sarro y cuidar tus equipos.","og_url":"https:\/\/mabawater.com\/en\/product\/kit-suavizador-de-resina-cationica-3ft3-con-valvula-por-demanda-14x65\/","og_site_name":"Maba Water","article_publisher":"https:\/\/www.facebook.com\/mabawater\/","article_modified_time":"2026-01-30T22:58:17+00:00","og_image":[{"width":600,"height":600,"url":"https:\/\/mabawater.com\/wp-content\/uploads\/2026\/01\/kit-suavizador-mabawater.png","type":"image\/png"}],"twitter_card":"summary_large_image","schema":{"@context":"https:\/\/schema.org","@graph":[{"@type":"WebPage","@id":"https:\/\/mabawater.com\/producto\/kit-suavizador-de-resina-cationica-3ft3-con-valvula-por-demanda-14x65\/","url":"https:\/\/mabawater.com\/producto\/kit-suavizador-de-resina-cationica-3ft3-con-valvula-por-demanda-14x65\/","name":"KIT SUAVIZADOR DE RESINA CATI\u00d3NICA 3Ft3 CON V\u00c1LVULA POR DEMANDA 14X65 - Maba Water","isPartOf":{"@id":"https:\/\/mabawater.com\/#website"},"primaryImageOfPage":{"@id":"https:\/\/mabawater.com\/producto\/kit-suavizador-de-resina-cationica-3ft3-con-valvula-por-demanda-14x65\/#primaryimage"},"image":{"@id":"https:\/\/mabawater.com\/producto\/kit-suavizador-de-resina-cationica-3ft3-con-valvula-por-demanda-14x65\/#primaryimage"},"thumbnailUrl":"https:\/\/mabawater.com\/wp-content\/uploads\/2026\/01\/kit-suavizador-mabawater.png","datePublished":"2026-01-21T17:57:07+00:00","dateModified":"2026-01-30T22:58:17+00:00","description":"Kit suavizador MABA de resina cati\u00f3nica 1 ft\u00b3 con tanque 10x35 y v\u00e1lvula por demanda. Ideal para reducir la dureza del agua, prevenir sarro y cuidar tus equipos.","breadcrumb":{"@id":"https:\/\/mabawater.com\/producto\/kit-suavizador-de-resina-cationica-3ft3-con-valvula-por-demanda-14x65\/#breadcrumb"},"inLanguage":"en-US","potentialAction":[{"@type":"ReadAction","target":["https:\/\/mabawater.com\/producto\/kit-suavizador-de-resina-cationica-3ft3-con-valvula-por-demanda-14x65\/"]}]},{"@type":"ImageObject","inLanguage":"en-US","@id":"https:\/\/mabawater.com\/producto\/kit-suavizador-de-resina-cationica-3ft3-con-valvula-por-demanda-14x65\/#primaryimage","url":"https:\/\/mabawater.com\/wp-content\/uploads\/2026\/01\/kit-suavizador-mabawater.png","contentUrl":"https:\/\/mabawater.com\/wp-content\/uploads\/2026\/01\/kit-suavizador-mabawater.png","width":600,"height":600},{"@type":"BreadcrumbList","@id":"https:\/\/mabawater.com\/producto\/kit-suavizador-de-resina-cationica-3ft3-con-valvula-por-demanda-14x65\/#breadcrumb","itemListElement":[{"@type":"ListItem","position":1,"name":"Portada","item":"https:\/\/mabawater.com\/"},{"@type":"ListItem","position":2,"name":"Productos Para La Calidad Del Agua","item":"https:\/\/mabawater.com\/productos-para-la-calidad-del-agua\/"},{"@type":"ListItem","position":3,"name":"KIT SUAVIZADOR DE RESINA CATI\u00d3NICA 3Ft3 CON V\u00c1LVULA POR DEMANDA 14X65"}]},{"@type":"WebSite","@id":"https:\/\/mabawater.com\/#website","url":"https:\/\/mabawater.com\/","name":"Maba Water","description":"Soluciones Hidr\u00e1ulicas Sustentables","publisher":{"@id":"https:\/\/mabawater.com\/#organization"},"potentialAction":[{"@type":"SearchAction","target":{"@type":"EntryPoint","urlTemplate":"https:\/\/mabawater.com\/?s={search_term_string}"},"query-input":{"@type":"PropertyValueSpecification","valueRequired":true,"valueName":"search_term_string"}}],"inLanguage":"en-US"},{"@type":"Organization","@id":"https:\/\/mabawater.com\/#organization","name":"Maba Water","url":"https:\/\/mabawater.com\/","logo":{"@type":"ImageObject","inLanguage":"en-US","@id":"https:\/\/mabawater.com\/#\/schema\/logo\/image\/","url":"https:\/\/mabawater.com\/wp-content\/uploads\/2021\/09\/water-icon.png","contentUrl":"https:\/\/mabawater.com\/wp-content\/uploads\/2021\/09\/water-icon.png","width":410,"height":176,"caption":"Maba Water"},"image":{"@id":"https:\/\/mabawater.com\/#\/schema\/logo\/image\/"},"sameAs":["https:\/\/www.facebook.com\/mabawater\/","https:\/\/www.instagram.com\/mabawater\/?hl=es-la"]}]}},"_links":{"self":[{"href":"https:\/\/mabawater.com\/en\/wp-json\/wp\/v2\/product\/30171","targetHints":{"allow":["GET"]}}],"collection":[{"href":"https:\/\/mabawater.com\/en\/wp-json\/wp\/v2\/product"}],"about":[{"href":"https:\/\/mabawater.com\/en\/wp-json\/wp\/v2\/types\/product"}],"replies":[{"embeddable":true,"href":"https:\/\/mabawater.com\/en\/wp-json\/wp\/v2\/comments?post=30171"}],"version-history":[{"count":1,"href":"https:\/\/mabawater.com\/en\/wp-json\/wp\/v2\/product\/30171\/revisions"}],"predecessor-version":[{"id":30172,"href":"https:\/\/mabawater.com\/en\/wp-json\/wp\/v2\/product\/30171\/revisions\/30172"}],"wp:featuredmedia":[{"embeddable":true,"href":"https:\/\/mabawater.com\/en\/wp-json\/wp\/v2\/media\/30169"}],"wp:attachment":[{"href":"https:\/\/mabawater.com\/en\/wp-json\/wp\/v2\/media?parent=30171"}],"wp:term":[{"taxonomy":"product_brand","embeddable":true,"href":"https:\/\/mabawater.com\/en\/wp-json\/wp\/v2\/product_brand?post=30171"},{"taxonomy":"product_cat","embeddable":true,"href":"https:\/\/mabawater.com\/en\/wp-json\/wp\/v2\/product_cat?post=30171"},{"taxonomy":"product_tag","embeddable":true,"href":"https:\/\/mabawater.com\/en\/wp-json\/wp\/v2\/product_tag?post=30171"}],"curies":[{"name":"wp","href":"https:\/\/api.w.org\/{rel}","templated":true}]}}